{"id":72444,"date":"2023-01-23T09:55:41","date_gmt":"2023-01-23T08:55:41","guid":{"rendered":"https:\/\/secureus.se\/produkt\/dsc-neo-power-g-wireless-utomhus-magnetkontakt-pg8312-2\/"},"modified":"2026-02-26T10:34:28","modified_gmt":"2026-02-26T09:34:28","slug":"dsc-magnetkontakt-pg8312","status":"publish","type":"product","link":"https:\/\/secureus.se\/no\/dsc-magnetkontakt-pg8312\/","title":{"rendered":"DSC magnetisk kontakt PG8312 Tr\u00e5dl\u00f8s utend\u00f8rs magnetisk kontakt PowerG"},"content":{"rendered":"<p><b>DSC Magnetisk kontakt PG8312\u00a0<\/b>er den perfekte l\u00f8sningen for utend\u00f8rs sikkerhet, designet for \u00e5 beskytte vinduer, d\u00f8rer og porter mot uautorisert tilgang.<\/p>\n<p>Utstyrt med den nyeste PowerG-teknologien, tilbyr PG8312 toveiskommunikasjon og en p\u00e5litelig ytelse som sikrer at sikkerhetssystemet ditt alltid er aktivt.<\/p>\n<p>Med en deteksjonsavstand p\u00e5 opptil 8 meter og IP66-sertifisering t\u00e5ler den t\u00f8ffe v\u00e6rforhold og er bygget for \u00e5 vare i t\u00f8ffe milj\u00f8er.<\/p>\n<p>En av de mest bemerkelsesverdige egenskapene til PG8312 er dens brede gaptoleranse, som reduserer risikoen for falske alarmer og gj\u00f8r installasjonen mye enklere.<\/p>\n<p>I tillegg har magnetkontakten en estimert batterilevetid p\u00e5 opptil 5 \u00e5r ved normal bruk, noe som gj\u00f8r den til en kostnadseffektiv l\u00f8sning for langsiktig sikkerhet.<\/p>\n<p>DSC Magnetic Contact PG8312 er en del av PowerSeries Neo-systemet, noe som betyr at den kan integreres s\u00f8ml\u00f8st med andre sikkerhetskomponenter for \u00e5 skape en omfattende og tilpasset sikkerhetsl\u00f8sning.<\/p>\n<p>Med dette produktet f\u00e5r du en kombinasjon av innovativ teknologi og brukervennlighet, som gir deg trygghet og trygghet.<\/p>","protected":false},"excerpt":{"rendered":"<p>DSC Magnetic Contact PG8312 er en tr\u00e5dl\u00f8s utend\u00f8rs magnetkontakt som gir p\u00e5litelig beskyttelse for vinduer, d\u00f8rer og porter.<\/p>\n<p>Med sin IP66-sertifisering fungerer den effektivt under ekstreme v\u00e6rforhold og har en batterilevetid p\u00e5 opptil 5 \u00e5r.<\/p>\n<p>Dens brede gaptoleranse minimerer falske alarmer og letter installasjonen, noe som gj\u00f8r den til en ideell l\u00f8sning for b\u00e5de bolig- og kommersielle sikkerhetssystemer.<\/p>","protected":false},"featured_media":140836,"template":"","meta":{"_acf_changed":false},"product_brand":[],"product_cat":[1322,3337],"product_tag":[3311,2472],"class_list":{"0":"post-72444","1":"product","2":"type-product","3":"status-publish","4":"has-post-thumbnail","6":"product_cat-dsc-larm-neo-power-hybridlarm","7":"product_cat-magnetkontakt-pg","8":"product_tag-dsc-neo-svensk-manual","9":"product_tag-sbsc-larmklassr","10":"product_shipping_class-postnord-varubrev","11":"pa_brands-4dsc","12":"tm-has-options","14":"first","15":"instock","16":"sale","17":"featured","18":"taxable","19":"shipping-taxable","20":"purchasable","21":"product-type-simple"},"acf":[],"_links":{"self":[{"href":"https:\/\/secureus.se\/no\/wp-json\/wp\/v2\/product\/72444","targetHints":{"allow":["GET"]}}],"collection":[{"href":"https:\/\/secureus.se\/no\/wp-json\/wp\/v2\/product"}],"about":[{"href":"https:\/\/secureus.se\/no\/wp-json\/wp\/v2\/types\/product"}],"wp:featuredmedia":[{"embeddable":true,"href":"https:\/\/secureus.se\/no\/wp-json\/wp\/v2\/media\/140836"}],"wp:attachment":[{"href":"https:\/\/secureus.se\/no\/wp-json\/wp\/v2\/media?parent=72444"}],"wp:term":[{"taxonomy":"product_brand","embeddable":true,"href":"https:\/\/secureus.se\/no\/wp-json\/wp\/v2\/product_brand?post=72444"},{"taxonomy":"product_cat","embeddable":true,"href":"https:\/\/secureus.se\/no\/wp-json\/wp\/v2\/product_cat?post=72444"},{"taxonomy":"product_tag","embeddable":true,"href":"https:\/\/secureus.se\/no\/wp-json\/wp\/v2\/product_tag?post=72444"}],"curies":[{"name":"wp","href":"https:\/\/api.w.org\/{rel}","templated":true}]}}