{"id":72809,"date":"2023-02-27T12:34:05","date_gmt":"2023-02-27T11:34:05","guid":{"rendered":"https:\/\/secureus.se\/produkt\/centralkort-hs2032-neo\/"},"modified":"2025-12-31T20:45:52","modified_gmt":"2025-12-31T19:45:52","slug":"dsc-security-control-panel-hs2032","status":"publish","type":"product","link":"https:\/\/secureus.se\/no\/dsc-security-control-panel-hs2032\/","title":{"rendered":"DSC Security Control Panel HS2032 - (EOL henviser vi til HS2064-kortet)"},"content":{"rendered":"<p><span style=\"text-decoration: underline\"><strong>MERK! Dette produktet er End Of line, og vi henviser til det st\u00f8rre senterbrettet HS2064<\/strong><\/span><\/p>\n<p><strong>DSC sikkerhetskontrollpanel HS2032<\/strong> er en avansert sikkerhetsl\u00f8sning som lar brukere administrere opptil 32 seksjoner, noe som gj\u00f8r den ideell for sm\u00e5 og mellomstore installasjoner.<\/p>\n<p>Dette sentralbordet er designet for enkelt \u00e5 kontrollere og distribuere alarmer, sirener og sirener, og sikre at alle sikkerhetsbehov dekkes effektivt.<\/p>\n<p>En av de mest bemerkelsesverdige egenskapene til HS2032 er skalerbarheten. Med 8 innebygde soner kan systemet enkelt utvides med opptil 128 tr\u00e5dl\u00f8se eller maskinvaresoner, noe som gir enest\u00e5ende fleksibilitet for \u00e5 m\u00f8te spesifikke sikkerhetsbehov.<\/p>\n<p>I tillegg tilbyr systemet 4 PGM-utganger som kan utvides til 38, noe som muliggj\u00f8r tilpassede overv\u00e5kingsl\u00f8sninger.<\/p>\n<p>PowerSeries Neo-plattformen, som HS2032 tilh\u00f8rer, bruker den nyeste PowerG-teknologien for \u00e5 sikre p\u00e5litelig og sikker kommunikasjon.<\/p>\n<p>Med innovative alarmverifiseringsl\u00f8sninger og omfattende programvare for ekstern service kan brukere overv\u00e5ke og kontrollere sikkerhetssystemene sine fra hvor som helst, n\u00e5r som helst.<\/p>\n<p>Konklusjonen er at DSC Security Control Panel HS2032 er en perfekt kombinasjon av avansert teknologi, skalerbarhet og brukervennlighet, noe som gj\u00f8r det til et utmerket valg for alle som leter etter en effektiv sikkerhetsl\u00f8sning.<\/p>\n<h3><\/h3>","protected":false},"excerpt":{"rendered":"<p><span style=\"text-decoration: underline\"><strong>MERK! Dette produktet er End Of line, og vi henviser til det st\u00f8rre senterbrettet HS2064<\/strong><\/span><\/p>\n<p>DSC Security Control Panel HS2032 er en kraftig og skalerbar sikkerhetsl\u00f8sning som kan h\u00e5ndtere opptil 32 seksjoner.<\/p>\n<p>Den er designet for \u00e5 kontrollere og distribuere alarmer og lydgivere, noe som gj\u00f8r den ideell for b\u00e5de hjem og bedrifter.<\/p>\n<p>Med mulighet for utvidelse og tilpasning tilbyr HS2032 fleksibilitet og overlegen sikkerhet.<\/p>","protected":false},"featured_media":140505,"template":"","meta":{"_acf_changed":false},"product_brand":[],"product_cat":[3321,1322],"product_tag":[3311,3022],"class_list":{"0":"post-72809","1":"product","2":"type-product","3":"status-publish","4":"has-post-thumbnail","6":"product_cat-centralkort","7":"product_cat-dsc-larm-neo-power-hybridlarm","8":"product_tag-dsc-neo-svensk-manual","9":"product_tag-neo-central-kapslingar","10":"product_shipping_class-postnord-varubrev","11":"pa_brands-4dsc","12":"tm-has-options","14":"first","15":"outofstock","16":"sale","17":"featured","18":"taxable","19":"shipping-taxable","20":"purchasable","21":"product-type-simple"},"acf":[],"_links":{"self":[{"href":"https:\/\/secureus.se\/no\/wp-json\/wp\/v2\/product\/72809","targetHints":{"allow":["GET"]}}],"collection":[{"href":"https:\/\/secureus.se\/no\/wp-json\/wp\/v2\/product"}],"about":[{"href":"https:\/\/secureus.se\/no\/wp-json\/wp\/v2\/types\/product"}],"wp:featuredmedia":[{"embeddable":true,"href":"https:\/\/secureus.se\/no\/wp-json\/wp\/v2\/media\/140505"}],"wp:attachment":[{"href":"https:\/\/secureus.se\/no\/wp-json\/wp\/v2\/media?parent=72809"}],"wp:term":[{"taxonomy":"product_brand","embeddable":true,"href":"https:\/\/secureus.se\/no\/wp-json\/wp\/v2\/product_brand?post=72809"},{"taxonomy":"product_cat","embeddable":true,"href":"https:\/\/secureus.se\/no\/wp-json\/wp\/v2\/product_cat?post=72809"},{"taxonomy":"product_tag","embeddable":true,"href":"https:\/\/secureus.se\/no\/wp-json\/wp\/v2\/product_tag?post=72809"}],"curies":[{"name":"wp","href":"https:\/\/api.w.org\/{rel}","templated":true}]}}