{"id":78470,"date":"2022-11-21T12:06:24","date_gmt":"2022-11-21T11:06:24","guid":{"rendered":"https:\/\/secureus.se\/produkt\/stromfors-agg-24v-25a\/"},"modified":"2026-03-26T11:39:54","modified_gmt":"2026-03-26T10:39:54","slug":"stromfors-agg-24v-25a","status":"publish","type":"product","link":"https:\/\/secureus.se\/no\/stromfors-agg-24v-25a\/","title":{"rendered":"Str\u00f8mforsyning Batteri backup 24V 3A"},"content":{"rendered":"<p>SM40 er en prim\u00e6rsvitsjet batteribackup 24V 3A med h\u00f8y virkningsgrad, perfekt for drift av alle typer svakstr\u00f8msinstallasjoner, alarmer, brann- og tilgangssystemer Jevn, godt ventilert enhet preget av sm\u00e5 dimensjoner og enkel og rask montering som har batterihylle i bunnen og n\u00f8kkelhullsoppheng.<\/p>\n<p>Etterlater en godt filtrert og stabil utgangsspenning som er beskyttet mot overbelastning og kortslutning.<\/p>\n<p>Utstyrt med effektiv 2-trinns lading som raskt og trygt lader batteriene.<\/p>\n<p>Kan parallellkobles for \u00e5 f\u00e5 st\u00f8rre utgangseffekt eller kompensere for spenningsfall i kabler.<\/p>\n<p>Nettspenningen indikeres med en gr\u00f8nn LED p\u00e5 forsiden og feil med en r\u00f8d LED.<\/p>\n<p>Er utstyrt med alarmrel\u00e9 for str\u00f8mbruddsalarm. Str\u00f8mnettet, lasten og batteriet er beskyttet av sikringer.<\/p>\n<p>Kan enkelt utvides med alarmkort SM102 eller kort fra SPM900-serien. Innebygd beskyttelse mot dyp utlading av batteriene.<\/p>\n<p>Batterier er ikke inkludert.<\/p>","protected":false},"excerpt":{"rendered":"<p>SM40 er en prim\u00e6rsvitsjet batteri backup 24V 3A med h\u00f8y effektivitet, perfekt for drift av alle typer svakstr\u00f8msinstallasjoner, alarmer, brann- og passasjesystemer Fleksibel, godt ventilert enhet preget av sm\u00e5 dimensjoner og<\/p>","protected":false},"featured_media":142459,"template":"","meta":{"_acf_changed":false},"product_brand":[],"product_cat":[2721],"product_tag":[2183,3197],"class_list":{"0":"post-78470","1":"product","2":"type-product","3":"status-publish","4":"has-post-thumbnail","6":"product_cat-batteribackuper","7":"product_tag-backup-0-6-a","8":"product_tag-backup-24v","9":"product_shipping_class-tunga-paket","10":"pa_brands-swansons","11":"tm-no-options","13":"first","14":"instock","15":"sale","16":"featured","17":"taxable","18":"shipping-taxable","19":"purchasable","20":"product-type-simple"},"acf":[],"_links":{"self":[{"href":"https:\/\/secureus.se\/no\/wp-json\/wp\/v2\/product\/78470","targetHints":{"allow":["GET"]}}],"collection":[{"href":"https:\/\/secureus.se\/no\/wp-json\/wp\/v2\/product"}],"about":[{"href":"https:\/\/secureus.se\/no\/wp-json\/wp\/v2\/types\/product"}],"wp:featuredmedia":[{"embeddable":true,"href":"https:\/\/secureus.se\/no\/wp-json\/wp\/v2\/media\/142459"}],"wp:attachment":[{"href":"https:\/\/secureus.se\/no\/wp-json\/wp\/v2\/media?parent=78470"}],"wp:term":[{"taxonomy":"product_brand","embeddable":true,"href":"https:\/\/secureus.se\/no\/wp-json\/wp\/v2\/product_brand?post=78470"},{"taxonomy":"product_cat","embeddable":true,"href":"https:\/\/secureus.se\/no\/wp-json\/wp\/v2\/product_cat?post=78470"},{"taxonomy":"product_tag","embeddable":true,"href":"https:\/\/secureus.se\/no\/wp-json\/wp\/v2\/product_tag?post=78470"}],"curies":[{"name":"wp","href":"https:\/\/api.w.org\/{rel}","templated":true}]}}