{"id":79571,"date":"2022-03-10T15:40:00","date_gmt":"2022-03-10T14:40:00","guid":{"rendered":"https:\/\/secureus.se\/produkt\/abloy-karmoverforing-ea281-512-mm\/"},"modified":"2026-04-15T17:13:54","modified_gmt":"2026-04-15T15:13:54","slug":"abloy-karmoverforing-ea281-512-mm","status":"publish","type":"product","link":"https:\/\/secureus.se\/no\/abloy-karmoverforing-ea281-512-mm\/","title":{"rendered":"Rammeoverf\u00f8ring EA281 512 mm - Assa Abloy"},"content":{"rendered":"<p>Abloy EA281 er en innfelt kabeloverf\u00f8ring designet for \u00e5 beskytte overf\u00f8ringen av kabler mellom d\u00f8r og karm.<\/p>\n<p>St\u00f8rste kabeldiameter er \u00d8 7,5 mm.<\/p>\n<p>For \u00f8kt funksjonell sikkerhet m\u00e5 det brukes myk flerkjernet kabel.<\/p>\n<p>Runde hj\u00f8rner for forenklet mekanisk fresing.<\/p>\n<p>EA 281 \u2013 Standardvarianten, kan brukes i alle d\u00f8rer opp til 180\u00b0 \u00e5pningsvinkel.<\/p>","protected":false},"excerpt":{"rendered":"<p>Abloy EA281 er en innfelt kabeloverf\u00f8ring designet for \u00e5 beskytte overf\u00f8ringen av kabler mellom d\u00f8r og karm. St\u00f8rste kabeldiameter er \u00d8 7,5 mm. For \u00f8kt funksjonell sikkerhet m\u00e5 det brukes myk flerkjernet kabel. Runde hj\u00f8rner ogs\u00e5<\/p>","protected":false},"featured_media":159172,"template":"","meta":{"_acf_changed":false},"product_brand":[],"product_cat":[2429,2834],"product_tag":[2299,2417,2421],"class_list":{"0":"post-79571","1":"product","2":"type-product","3":"status-publish","4":"has-post-thumbnail","6":"product_cat-ellas","7":"product_cat-ellas-motorlastillbehor","8":"product_tag-ellas-tillbehor-anslutningskabel","9":"product_tag-rel-abloy-ellas","10":"product_tag-rel-installationstillbehor","11":"pa_brands-abloy","12":"tm-no-options","14":"first","15":"instock","16":"sale","17":"featured","18":"taxable","19":"shipping-taxable","20":"purchasable","21":"product-type-simple"},"acf":[],"_links":{"self":[{"href":"https:\/\/secureus.se\/no\/wp-json\/wp\/v2\/product\/79571","targetHints":{"allow":["GET"]}}],"collection":[{"href":"https:\/\/secureus.se\/no\/wp-json\/wp\/v2\/product"}],"about":[{"href":"https:\/\/secureus.se\/no\/wp-json\/wp\/v2\/types\/product"}],"wp:featuredmedia":[{"embeddable":true,"href":"https:\/\/secureus.se\/no\/wp-json\/wp\/v2\/media\/159172"}],"wp:attachment":[{"href":"https:\/\/secureus.se\/no\/wp-json\/wp\/v2\/media?parent=79571"}],"wp:term":[{"taxonomy":"product_brand","embeddable":true,"href":"https:\/\/secureus.se\/no\/wp-json\/wp\/v2\/product_brand?post=79571"},{"taxonomy":"product_cat","embeddable":true,"href":"https:\/\/secureus.se\/no\/wp-json\/wp\/v2\/product_cat?post=79571"},{"taxonomy":"product_tag","embeddable":true,"href":"https:\/\/secureus.se\/no\/wp-json\/wp\/v2\/product_tag?post=79571"}],"curies":[{"name":"wp","href":"https:\/\/api.w.org\/{rel}","templated":true}]}}