{"id":79600,"date":"2022-03-10T15:40:00","date_gmt":"2022-03-10T14:40:00","guid":{"rendered":"https:\/\/secureus.se\/produkt\/abloy-el480-split-funktion-35-mm\/"},"modified":"2026-04-01T12:59:51","modified_gmt":"2026-04-01T10:59:51","slug":"abloy-el480-split-funktion-35-mm","status":"publish","type":"product","link":"https:\/\/secureus.se\/no\/abloy-el480-split-funktion-35-mm\/","title":{"rendered":"Abloy EL480 delt funksjon 35 mm"},"content":{"rendered":"<div>\n<h3>Bruksomr\u00e5de<\/h3>\n<p>Elektrisk trykkl\u00e5s EL480 er en multifunksjonsl\u00e5s tilpasset h\u00f8yfrekvente d\u00f8rer i smal profilutf\u00f8relse.<\/p>\n<p>egnet som dagl\u00e5sing og innvendig l\u00e5sing i handel, kontor og industri eller i inngangspartier og offentlige arealer i flerhusbebyggelse. ABLOY EL480 kan brukes i branncellegrense.<\/p>\n<h3>Kjennetegn<\/h3>\n<p>\u2022 Forriglet trykkfall L\u00e5sen kan alltid betjenes med sylinder \/ knott<\/p>\n<p>\u2022 Multifunksjonell<\/p>\n<p>\u2013 12-24VDC, stabil<\/p>\n<p>\u2013 enkel \u00e5 bytte forover\/bakover funksjon<\/p>\n<p>\u2013 lett byttebar elektrisk \/ mekanisk betjent side<\/p>\n<p>2 mikrobrytere<\/p>\n<p>\u2013 Forrigling (d\u00f8rposisjon)<\/p>\n<p>\u2013 Presset bevegelse 29 eller 35 mm dordybde<\/p>\n<p>Alle kabler utstyrt med kontakter for enkel installasjon med koblingskabel EA220 Fullt tilpasset ASSA ABLOY stikkontakt stativer<\/p>\n<h3>Trekk<\/h3>\n<p>EL480 med delt funksjon<\/p>\n<p>\u2013 Utvendig trykk elektrisk drevet<\/p>\n<p>\u2013 Trykket p\u00e5 innsiden \u00e5pner alltid l\u00e5sen mekanisk<\/p>\n<h3>Tekniske data<\/h3>\n<p>\u2022 Str\u00f8mforbruk Maks. 350mA<\/p>\n<p>\u2022 Hvile 120 mA<\/p>\n<p>\u2022 Mikrobryter Enpolet kobling Maks. 30 VDC, 400 mA<\/p>\n<\/div>","protected":false},"excerpt":{"rendered":"<p>Bruksomr\u00e5de Elektrisk trykkl\u00e5s EL480 er en multifunksjonsl\u00e5s tilpasset h\u00f8yfrekvente d\u00f8rer i smal profilutf\u00f8relse. egnet som dagl\u00e5s og innvendig l\u00e5sing i handel, kontor og industri eller i inngangspartier og offentlige arealer<\/p>","protected":false},"featured_media":145417,"template":"","meta":{"_acf_changed":false},"product_brand":[],"product_cat":[2429],"product_tag":[2931,2289,2417],"class_list":{"0":"post-79600","1":"product","2":"type-product","3":"status-publish","4":"has-post-thumbnail","6":"product_cat-ellas","7":"product_tag-abloy-el480","8":"product_tag-ellas-split-spindle","9":"product_tag-rel-abloy-ellas","10":"product_shipping_class-tunga-paket","11":"pa_brands-abloy","12":"tm-no-options","14":"first","15":"instock","16":"sale","17":"featured","18":"taxable","19":"shipping-taxable","20":"purchasable","21":"product-type-simple"},"acf":[],"_links":{"self":[{"href":"https:\/\/secureus.se\/no\/wp-json\/wp\/v2\/product\/79600","targetHints":{"allow":["GET"]}}],"collection":[{"href":"https:\/\/secureus.se\/no\/wp-json\/wp\/v2\/product"}],"about":[{"href":"https:\/\/secureus.se\/no\/wp-json\/wp\/v2\/types\/product"}],"wp:featuredmedia":[{"embeddable":true,"href":"https:\/\/secureus.se\/no\/wp-json\/wp\/v2\/media\/145417"}],"wp:attachment":[{"href":"https:\/\/secureus.se\/no\/wp-json\/wp\/v2\/media?parent=79600"}],"wp:term":[{"taxonomy":"product_brand","embeddable":true,"href":"https:\/\/secureus.se\/no\/wp-json\/wp\/v2\/product_brand?post=79600"},{"taxonomy":"product_cat","embeddable":true,"href":"https:\/\/secureus.se\/no\/wp-json\/wp\/v2\/product_cat?post=79600"},{"taxonomy":"product_tag","embeddable":true,"href":"https:\/\/secureus.se\/no\/wp-json\/wp\/v2\/product_tag?post=79600"}],"curies":[{"name":"wp","href":"https:\/\/api.w.org\/{rel}","templated":true}]}}