{"id":81642,"date":"2022-12-27T14:34:56","date_gmt":"2022-12-27T13:34:56","guid":{"rendered":"https:\/\/secureus.se\/produkt\/ajax-hub2-centralapparat-lan-4g-vit\/"},"modified":"2026-03-30T12:07:37","modified_gmt":"2026-03-30T10:07:37","slug":"ajax-hub-2-4g-vit","status":"publish","type":"product","link":"https:\/\/secureus.se\/no\/ajax-hub-2-4g-vit\/","title":{"rendered":"Ajax Hub 2 hvit sentralenhet (4G + Ethernet)"},"content":{"rendered":"<h3><strong>Ajax Hub 2 4G \u2013 Den nye standarden for sikkerhet<\/strong><\/h3>\n<p>Ajax Hub 2 4G er den siste innovasjonen fra Ajax Systems, og den representerer en ny standard for sikkerhet og p\u00e5litelighet. Det er en sentral enhet i sikkerhetssystemet som kobler til tr\u00e5dl\u00f8se Ajax-enheter via LAN og 4G.<\/p>\n<p>Huben er designet for \u00e5 passe b\u00e5de hjem og sm\u00e5 bedrifter, og tilbyr en kraftig l\u00f8sning for \u00e5 beskytte eiendom og verdisaker.<\/p>\n<p><strong>Kommunikasjon via LAN og 4G<\/strong><\/p>\n<p>Ajax Hub 2 4G tilbyr b\u00e5de LAN-tilkobling og 4G LTE (FDD B1\/B3\/B5\/B7\/B8\/B20) for \u00e5 sikre p\u00e5litelig og fleksibel kommunikasjon.<\/p>\n<p>Ved \u00e5 koble til ruteren eller internett via nettverkskabel og aktivere 4G f\u00e5r du trygg og rask alarmoverf\u00f8ring, som f\u00e5r systemet til \u00e5 fungere selv om internettforbindelsen g\u00e5r ned.<\/p>\n<p>Det dobbeltkoblede kommunikasjonsalternativet gj\u00f8r at du f\u00e5r et h\u00f8yt sikkerhetsniv\u00e5 og redundans.<\/p>\n<p><strong>Tr\u00e5dl\u00f8s rekkevidde og kompatibilitet<\/strong><\/p>\n<p>Med en tr\u00e5dl\u00f8s rekkevidde p\u00e5 opptil 2000 meter i \u00e5pent terreng er Ajax Hub 2 4G utstyrt for \u00e5 dekke store omr\u00e5der uten behov for ekstra maskinvare.<\/p>\n<p>Du kan ogs\u00e5 koble til opptil fem repeatere, for eksempel ReX og ReX2, slik at du kan utvide rekkevidden til opptil 35 km\u00b2.<\/p>\n<p>Dette gj\u00f8r systemet perfekt for b\u00e5de sm\u00e5 og store installasjoner, uansett om det er en bolig, en bedrift eller en st\u00f8rre eiendom.<\/p>\n<p><strong>Kameraadministrasjon og streaming<\/strong><\/p>\n<p>Ajax Hub 2 4G har en innebygd funksjon for \u00e5 administrere Ajax IR-kameraer, og kan sende en serie bilder ved en alarm.<\/p>\n<p>Disse bildene leveres kun ved alarm og gir brukeren en visuell verifisering av hendelsen. I tillegg kan systemet streame opptil 25 kameraer eller NVR-er fra popul\u00e6re merker som Ezviz og Hikvision.<\/p>\n<p>Dette gir fullstendig overv\u00e5king og sikkerhet, samtidig som det gir brukeren en rask og p\u00e5litelig metode for \u00e5 kontrollere situasjonen.<\/p>\n<p><strong>Scenarier og automatisering<\/strong><\/p>\n<p>En av de mest nyttige funksjonene til Ajax Hub 2 4G er muligheten til \u00e5 lage automatiserte scenarier.<\/p>\n<p>Du kan for eksempel programmere systemet til \u00e5 sl\u00e5 p\u00e5 lysene i tilfelle alarm eller i henhold til en tidsplan, eller sl\u00e5 av vanntilf\u00f8rselen for \u00e5 forhindre flom.<\/p>\n<p>Det er ogs\u00e5 mulig \u00e5 bruke en overfalls- eller smartknapp for \u00e5 aktivere handlinger ved \u00e5 trykke p\u00e5 en knapp, som \u00e5 sl\u00e5 p\u00e5 lyset eller \u00e5pne garasjeporten.<\/p>\n<p><strong>Brukere, enheter og grupper<\/strong><\/p>\n<p>Ajax Hub 2 4G kan h\u00e5ndtere opptil 50 brukere og koble til opptil 100 enheter.<\/p>\n<p>Dette gj\u00f8r den egnet for b\u00e5de private og kommersielle brukere.<\/p>\n<p>Du kan opprette opptil 9 omr\u00e5der eller grupper for \u00e5 gi bedre orientering og styring av sikkerhet, for eksempel ved \u00e5 sette opp forskjellige rom og grupper for \u00e5 se hvor alarmer oppst\u00e5r, for eksempel i &quot;Bad 2&quot; eller &quot;Andre etasje.&quot;<\/p>\n<p><strong>Str\u00f8mforsyning og batteribackup<\/strong><\/p>\n<p>Ajax Hub 2 4G leveres med en Li-Ion 2Ah batteripakke som gir en batteribackup p\u00e5 opptil 16 timer.<\/p>\n<p>Dette gj\u00f8r at systemet kan fortsette \u00e5 fungere selv i tilfelle str\u00f8mbrudd, noe som sikrer kontinuerlig sikkerhet.<\/p>\n<p>Str\u00f8mforsyningen er kompatibel med 110-240 V, 50\/60 Hz, slik at den kan brukes globalt.<\/p>\n<p><strong>Spesifikasjoner:<\/strong><\/p>\n<ul>\n<li><strong>Tr\u00e5dl\u00f8s rekkevidde:<\/strong> Opptil 2000 meter i fritt terreng (avhengig av tilkoblet produkt)<\/li>\n<li><strong>Kamerastr\u00f8mming:<\/strong> Opptil 25 kameraer eller NVR-er<\/li>\n<li><strong>SIM-kort:<\/strong> 2 \u00d7 Micro SIM (2G, 3G, 4G LTE)<\/li>\n<li><strong>Reserve batteri:<\/strong> Opptil 16 timer<\/li>\n<li><strong>Temperaturomr\u00e5de:<\/strong> -10\u00b0C til +40\u00b0C<\/li>\n<li><strong>IP-klasse:<\/strong> IP50<\/li>\n<li><strong>Enheter:<\/strong> Opptil 100 enheter<\/li>\n<li><strong>Bruker:<\/strong> Opptil 50 brukere<\/li>\n<li><strong>Omr\u00e5der\/grupper:<\/strong> 9 omr\u00e5der<\/li>\n<li><strong>Str\u00f8mforsyning:<\/strong> 110-240 V, 50\/60 Hz<\/li>\n<li><strong>St\u00f8rrelse:<\/strong> 163 \u00d7 163 \u00d7 36 mm<\/li>\n<li><strong>Vekt:<\/strong> 350 g<\/li>\n<\/ul>\n<p><strong>Innhold i pakken:<\/strong><\/p>\n<ul>\n<li>Ajax Hub 2 4G<\/li>\n<li>Str\u00f8mkabel<\/li>\n<li>Nettverkskabel<\/li>\n<li>Reservebatteri<\/li>\n<li>Brukermanual<\/li>\n<\/ul>\n<p><strong>Konklusjon:<\/strong><\/p>\n<p>Ajax Hub 2 4G tilbyr en p\u00e5litelig og fleksibel sikkerhetsl\u00f8sning for b\u00e5de hjem og sm\u00e5 bedrifter.<\/p>\n<p>Med sin tr\u00e5dl\u00f8se rekkevidde, kamerastr\u00f8mming og muligheten til \u00e5 lage tilpassede scenarier, gir denne sentralenheten b\u00e5de h\u00f8y ytelse og brukervennlighet.<\/p>\n<p>Det er en ideell l\u00f8sning for de som leter etter et avansert sikkerhetssystem med redundans via b\u00e5de LAN og 4G.<\/p>","protected":false},"excerpt":{"rendered":"<p>Ajax Hub 2 4G er en sentralenhet for sikkerhetssystem som bruker b\u00e5de LAN og 4G for \u00e5 koble til tr\u00e5dl\u00f8se Ajax-enheter.<\/p>\n<p>Den har en tr\u00e5dl\u00f8s rekkevidde p\u00e5 opptil 2000 meter og kan h\u00e5ndtere opptil 25 kameraer for streaming og bildeoverf\u00f8ring ved alarm.<\/p>","protected":false},"featured_media":152095,"template":"","meta":{"_acf_changed":false},"product_brand":[],"product_cat":[3154,1319],"product_tag":[3127,2137,4863],"class_list":{"0":"post-81642","1":"product","2":"type-product","3":"status-publish","4":"has-post-thumbnail","6":"product_cat-centralenheter","7":"product_cat-ajax-larm","8":"product_tag-kontrollprodukt","9":"product_tag-lager-ajax","10":"product_tag-pf","11":"product_shipping_class-tunga-paket","12":"pa_brands-ajax-systems","13":"pa_color-vit","14":"pa_farg-vit","15":"tm-no-options","17":"first","18":"instock","19":"sale","20":"featured","21":"taxable","22":"shipping-taxable","23":"purchasable","24":"product-type-simple"},"acf":[],"_links":{"self":[{"href":"https:\/\/secureus.se\/no\/wp-json\/wp\/v2\/product\/81642","targetHints":{"allow":["GET"]}}],"collection":[{"href":"https:\/\/secureus.se\/no\/wp-json\/wp\/v2\/product"}],"about":[{"href":"https:\/\/secureus.se\/no\/wp-json\/wp\/v2\/types\/product"}],"wp:featuredmedia":[{"embeddable":true,"href":"https:\/\/secureus.se\/no\/wp-json\/wp\/v2\/media\/152095"}],"wp:attachment":[{"href":"https:\/\/secureus.se\/no\/wp-json\/wp\/v2\/media?parent=81642"}],"wp:term":[{"taxonomy":"product_brand","embeddable":true,"href":"https:\/\/secureus.se\/no\/wp-json\/wp\/v2\/product_brand?post=81642"},{"taxonomy":"product_cat","embeddable":true,"href":"https:\/\/secureus.se\/no\/wp-json\/wp\/v2\/product_cat?post=81642"},{"taxonomy":"product_tag","embeddable":true,"href":"https:\/\/secureus.se\/no\/wp-json\/wp\/v2\/product_tag?post=81642"}],"curies":[{"name":"wp","href":"https:\/\/api.w.org\/{rel}","templated":true}]}}