{"id":81676,"date":"2022-11-28T11:05:23","date_gmt":"2022-11-28T10:05:23","guid":{"rendered":"https:\/\/secureus.se\/produkt\/ajax-hub2plus-vit-centralapparat-med-ethernet-lan-samt-wifi-och-4g\/"},"modified":"2026-04-02T10:43:32","modified_gmt":"2026-04-02T08:43:32","slug":"ajax-hub-2-plus-eth-wifi-4g-vit","status":"publish","type":"product","link":"https:\/\/secureus.se\/no\/ajax-hub-2-plus-eth-wifi-4g-vit\/","title":{"rendered":"Ajax Hub 2 Plus Hvit - Sentralenhet (4G, WiFi, Ethernet)"},"content":{"rendered":"<h3><strong>Ajax Hub 2 Plus WiFi 4G<\/strong> er den siste innovasjonen fra Ajax Systems og et perfekt valg for alle som leter etter et kraftig og p\u00e5litelig sikkerhetssenter for hjemmet eller bedriften.<\/h3>\n<p>Denne sentralenheten er utstyrt med h\u00f8yytelsesfunksjoner som gj\u00f8r den til en uunnv\u00e6rlig del av sikkerhetssystemet ditt.<\/p>\n<p><strong>Tr\u00e5dl\u00f8s rekkevidde og tilkobling<\/strong><br \/>\nMed en imponerende tr\u00e5dl\u00f8s rekkevidde p\u00e5 opptil 2000 meter kan Ajax Hub 2 Plus kommunisere effektivt med alle tilkoblede enheter, selv om de er i flere etasjer eller i separate bygninger.<\/p>\n<p>Enheten kan kobles til opptil fem ReX (repeater) enheter for \u00e5 sikre at signalet n\u00e5r langt. Dette gj\u00f8r Hub 2 Plus til det optimale valget for b\u00e5de boliger og st\u00f8rre n\u00e6ringslokaler.<\/p>\n<p><strong>Kameraintegrasjon og overv\u00e5king<\/strong><br \/>\nI tillegg til \u00e5 administrere sikkerhetsenheter som bevegelsesdetektorer og d\u00f8rsensorer, kan Hub 2 Plus ogs\u00e5 integrere kameraer og NVR-er (Network Video Recorders) fra ulike produsenter som Ezviz og Hikvision.<\/p>\n<p>Du kan administrere opptil 100 kameraer samtidig og f\u00e5 \u00f8yeblikkelige \u00f8yeblikksbilder i tilfelle en alarm. Denne funksjonen gir h\u00f8y fleksibilitet og lar deg enkelt overv\u00e5ke omr\u00e5det ditt.<\/p>\n<p><strong>Stabil kommunikasjon og sikkerhet<\/strong><br \/>\nAjax Hub 2 Plus bruker Ajax unik <strong>Gullsmed<\/strong> og <strong>Vinger<\/strong> radiokommunikasjonsprotokoll, som garanterer rask og sikker kommunikasjon mellom alle enheter i systemet.<\/p>\n<p>I tillegg sikrer <strong>OS Malevich<\/strong>, sanntidsoperativsystemet, at enheten er stabil, immun mot virus og beskyttet mot cyberangrep.<\/p>\n<p>Operativsystemet muliggj\u00f8r ogs\u00e5 tr\u00e5dl\u00f8se oppdateringer, og holder systemet oppdatert og sikkert.<\/p>\n<p><strong>Fjernoverv\u00e5king og automatisering<\/strong><br \/>\nMed <strong>Ajax Sikkerhet<\/strong> og <strong>Ajax PRO<\/strong> apper, kan du enkelt overv\u00e5ke og konfigurere hele systemet via smarttelefonen eller datamaskinen.<\/p>\n<p>Systemet gj\u00f8r det mulig \u00e5 automatisere sikkerhetstiltak gjennom <strong>scenarier<\/strong>, for eksempel \u00e5 sl\u00e5 p\u00e5 lys eller sl\u00e5 av vanntilf\u00f8rselen ved alarm, noe som lar deg tilpasse sikkerheten til dine behov.<\/p>\n<p><strong>Uavbrutt beskyttelse med sikkerhetskopiering<\/strong><br \/>\nHub 2 Plus har en innebygd <strong>reservebatteri<\/strong> p\u00e5 3 Ah, noe som betyr at den fortsetter \u00e5 fungere selv ved str\u00f8mbrudd.<\/p>\n<p>Dette sikrer at systemet ditt er beskyttet 24\/7. Ved sabotasjefors\u00f8k blir du umiddelbart advart via appen og f\u00e5r varsel om hendelsen.<\/p>\n<p><strong>Tekniske spesifikasjoner<\/strong>:<\/p>\n<ul>\n<li><strong>Kommunikasjon<\/strong>: LAN, Wi-Fi, 4G<\/li>\n<li><strong>Tr\u00e5dl\u00f8s rekkevidde<\/strong>: Opp til 2000 meter<\/li>\n<li><strong>Bruker<\/strong>: Opptil 200<\/li>\n<li><strong>Enheter<\/strong>: Opptil 200<\/li>\n<li><strong>Kamerastr\u00f8mming<\/strong>: Opptil 100 kameraer eller NVR-er\n<div><\/div>\n<\/li>\n<li><strong>Scenarier<\/strong>: Opptil 64<\/li>\n<li><strong>Alarmprotokoll<\/strong>: Sur-Gard (kontakt-ID), SIA (DC-09)<\/li>\n<li><strong>SIM-kort<\/strong>: 2 stk (2G, 3G, 4G)<\/li>\n<li><strong>Str\u00f8mforsyning<\/strong>: 110-240 V, 50\/60 Hz<\/li>\n<li><strong>Reservebatteri<\/strong>: Li-Ion 3Ah, opptil 16 timer<\/li>\n<li><strong>Temperaturomr\u00e5de og fuktighet<\/strong>: -10\u00b0C til +40\u00b0C, 75%<\/li>\n<li><strong>IP-vurdering<\/strong>: IP50<\/li>\n<\/ul>\n<p><strong>Pakken inneholder<\/strong>:<\/p>\n<ul>\n<li>Hub 2 Plus<\/li>\n<li>Str\u00f8mkabel<\/li>\n<li>Nettverkskabel<\/li>\n<li>Reservebatteri<\/li>\n<\/ul>\n<p><strong>Allsidig tilkobling<br \/>\n<\/strong>Hub 2 Plus st\u00f8tter tilkobling via LAN, WiFi og 4G, noe som gir fleksibilitet og p\u00e5litelighet i kommunikasjonen med omverdenen. Du kan koble den til forskjellige internettleverand\u00f8rer og sikre konstant kommunikasjon.<\/p>\n<p><strong>Rask alarmbekreftelse med bilde<br \/>\n<\/strong>Ved en alarm kan Hub 2 Plus sende en serie bilder fra MotionCam-detektorer p\u00e5 bare 9 sekunder. Dette gir deg mulighet til raskt \u00e5 vurdere situasjonen og videresende korrekt informasjon til overv\u00e5kingssentralen.<\/p>\n<p><strong>Super enkel installasjon<br \/>\n<\/strong>For \u00e5 installere denne avanserte alarmen og nyte uovertruffen sikkerhet, last ned Ajax Systems-appen og skann QR-kodene p\u00e5 enhetene. Med Hub 2 Plus tar du kontroll over sikkerheten din, uansett hvor du er, og f\u00e5r umiddelbar alarmverifisering med imponerende hastighet og presisjon.<\/p>","protected":false},"excerpt":{"rendered":"<p>Ajax Hub 2 Plus WiFi Ethernet og 4G er den avanserte sentralenheten for sikkerhetssystemet ditt, og tilbyr utmerket tr\u00e5dl\u00f8s rekkevidde, kameraintegrasjon og uavbrutt kommunikasjon, ideell for b\u00e5de hjem og bedrift.<\/p>","protected":false},"featured_media":152095,"template":"","meta":{"_acf_changed":false},"product_brand":[],"product_cat":[3154,1319],"product_tag":[3850,3127,2137,4863],"class_list":{"0":"post-81676","1":"product","2":"type-product","3":"status-publish","4":"has-post-thumbnail","6":"product_cat-centralenheter","7":"product_cat-ajax-larm","8":"product_tag-bastsaljare","9":"product_tag-kontrollprodukt","10":"product_tag-lager-ajax","11":"product_tag-pf","12":"product_shipping_class-postnord-varubrev","13":"pa_brands-ajax-systems","14":"pa_color-vit","15":"pa_farg-vit","16":"tm-no-options","18":"first","19":"instock","20":"sale","21":"featured","22":"taxable","23":"shipping-taxable","24":"purchasable","25":"product-type-simple"},"acf":[],"_links":{"self":[{"href":"https:\/\/secureus.se\/no\/wp-json\/wp\/v2\/product\/81676","targetHints":{"allow":["GET"]}}],"collection":[{"href":"https:\/\/secureus.se\/no\/wp-json\/wp\/v2\/product"}],"about":[{"href":"https:\/\/secureus.se\/no\/wp-json\/wp\/v2\/types\/product"}],"wp:featuredmedia":[{"embeddable":true,"href":"https:\/\/secureus.se\/no\/wp-json\/wp\/v2\/media\/152095"}],"wp:attachment":[{"href":"https:\/\/secureus.se\/no\/wp-json\/wp\/v2\/media?parent=81676"}],"wp:term":[{"taxonomy":"product_brand","embeddable":true,"href":"https:\/\/secureus.se\/no\/wp-json\/wp\/v2\/product_brand?post=81676"},{"taxonomy":"product_cat","embeddable":true,"href":"https:\/\/secureus.se\/no\/wp-json\/wp\/v2\/product_cat?post=81676"},{"taxonomy":"product_tag","embeddable":true,"href":"https:\/\/secureus.se\/no\/wp-json\/wp\/v2\/product_tag?post=81676"}],"curies":[{"name":"wp","href":"https:\/\/api.w.org\/{rel}","templated":true}]}}