{"id":81914,"date":"2022-11-28T11:22:01","date_gmt":"2022-11-28T10:22:01","guid":{"rendered":"https:\/\/secureus.se\/produkt\/ajax-keypad-plus-svart-manoverpanel-plus-rfid-desfire-tradlos\/"},"modified":"2026-03-28T12:17:31","modified_gmt":"2026-03-28T11:17:31","slug":"ajax-keypad-plus-desfire-svart","status":"publish","type":"product","link":"https:\/\/secureus.se\/no\/ajax-keypad-plus-desfire-svart\/","title":{"rendered":"Ajax KeyPad Plus Kontrollpanel Plus DESFire Black - Innebygd RFID-leser"},"content":{"rendered":"<h3>Ajax KeyPad Plus er den ultimate sikkerhetsadministrasjonsl\u00f8sningen, som lar brukere enkelt og sikkert til- eller frakoble systemet, administrere spesifikke grupper og aktivere nattmodus via kontaktl\u00f8s tilgang.<\/h3>\n<p>Den er utstyrt med den nyeste DESFire\u00ae-teknologien, som bruker 128-bits kryptering for \u00e5 forhindre uautorisert tilgang og sikre at sikkerheten din ikke kan tukles med.<\/p>\n<p><strong>Egenskaper og funksjoner:<\/strong><\/p>\n<ol>\n<li><strong>Kontaktl\u00f8s tilgang med RFID:<\/strong><br \/>\nKeyPad Plus bruker RFID DESFire-teknologi for kontaktl\u00f8s identifikasjon med adgangskort eller n\u00f8kkelbrikker. Denne teknologien er basert p\u00e5 ISO 14443 og kombinerer h\u00f8y sikkerhet med brukervennlighet. Ved ganske enkelt \u00e5 holde et kort eller n\u00f8kkelbrikke mot leseren, kan brukere raskt og enkelt til- eller frakoble systemet uten \u00e5 m\u00e5tte taste inn en kode.<\/li>\n<li><strong>Lang batterilevetid og enkel installasjon:<\/strong><br \/>\nMed en batterilevetid p\u00e5 opptil 4,5 \u00e5r og en enkel installasjon via QR-kode, er KeyPad Plus perfekt for bruk b\u00e5de hjemme og i bedriften. Installasjonen er rask og krever ikke kompliserte trinn. Den er ogs\u00e5 kompatibel med Ajax Hub 2, Hub 2 Plus og Hub Hybrid.<\/li>\n<li><strong>Egendefinerte sikkerhetsinnstillinger:<\/strong><br \/>\nKeyPad Plus lar systemadministratoren lage personlige koder og tildele tilgang til spesifikke brukere via Ajax-appen. Dette gj\u00f8r det enkelt \u00e5 administrere tilgangstillatelser for b\u00e5de permanente og midlertidige brukere. Brukere kan enkelt fjernes eller begrenses i sine tillatelser, og alle endringer registreres i systemets hendelseslogg.<\/li>\n<li><strong>Sikkerhet og sabotasje:<\/strong><br \/>\nKeyPad Plus er utstyrt med innebygd sabotasje- og maskeringsbeskyttelse. Hvis noen pr\u00f8ver \u00e5 tukle med enheten, utl\u00f8ser den en alarm som sikrer at uautoriserte fors\u00f8k p\u00e5 \u00e5 fjerne eller tukle med enheten umiddelbart oppdages.<\/li>\n<li><strong>Fleksibel bruk med flere brukerkoder:<\/strong><br \/>\nDen st\u00f8tter opptil 200 adgangskort eller n\u00f8kkelbrikker og opptil 99 brukerkoder, noe som gj\u00f8r den ideell for b\u00e5de sm\u00e5 og store virksomheter. For ekstra sikkerhet kan en n\u00f8dkode brukes til \u00e5 deaktivere systemet stille uten \u00e5 avsl\u00f8re brukerens identitet.<\/li>\n<li><strong>Stille alarm og toveis kommunikasjon:<\/strong><br \/>\nKeyPad Plus muliggj\u00f8r stille alarmaktivering ved behov, noe som gj\u00f8r det mulig \u00e5 deaktivere alarmen uten \u00e5 varsle en inntrenger. Alle alarmer og endringer registreres i systemets hendelseslogg og kan overv\u00e5kes via Ajax-appen. Kommunikasjon mellom enheten og huben skjer via den sikre Jeweller-protokollen, som sikrer at alle dataoverf\u00f8ringer er kryptert og beskyttet mot hacking.<\/li>\n<\/ol>\n<p><strong>Tekniske spesifikasjoner:<\/strong><\/p>\n<ul>\n<li><strong>Kompatibilitet:<\/strong> Hub 2, Hub 2 Plus, Hub Hybrid, Hub Plus<\/li>\n<li><strong>Str\u00f8mforsyning:<\/strong> 4 x AA litiumbatterier, opptil 4,5 \u00e5rs batterilevetid<\/li>\n<li><strong>Temperaturomr\u00e5de:<\/strong> -10\u00b0C til +40\u00b0C<\/li>\n<li><strong>Kommunikasjon:<\/strong> Juvelerradioprotokoll, opp til 1700 m rekkevidde uten hindringer<\/li>\n<li><strong>Beskyttelse:<\/strong> Anti-sabotasje og autentisering mot uautorisert bruk<\/li>\n<li><strong>M\u00e5le:<\/strong> 165 \u00d7 113 \u00d7 20 mm<\/li>\n<li><strong>Vekt:<\/strong> 267 g<\/li>\n<li><strong>Sertifisering:<\/strong> EN 50131, CE-sertifisert<\/li>\n<li><strong>Egenskaper:<\/strong> Alarmkontroll, nattmodus, toveiskommunikasjon, adgangskort og n\u00f8kkelbrikkelesing<\/li>\n<\/ul>","protected":false},"excerpt":{"rendered":"<p>Ajax KeyPad Plus er et tr\u00e5dl\u00f8st kontrollpanel med RFID DESFire-leser for enkel og sikker styring av alarmen din.<\/p>\n<p>Den tilbyr kontaktl\u00f8s tilgang via adgangskort og n\u00f8kkelbrikker, med det h\u00f8yeste sikkerhetsniv\u00e5et takket v\u00e6re avansert krypteringsteknologi.<\/p>\n<p>Perfekt for b\u00e5de hjem og bedrift.<\/p>","protected":false},"featured_media":156276,"template":"","meta":{"_acf_changed":false},"product_brand":[],"product_cat":[3164,1319],"product_tag":[3127,4863],"class_list":{"0":"post-81914","1":"product","2":"type-product","3":"status-publish","4":"has-post-thumbnail","6":"product_cat-larmstyrning","7":"product_cat-ajax-larm","8":"product_tag-kontrollprodukt","9":"product_tag-pf","10":"pa_brands-ajax-systems","11":"pa_color-svart","12":"pa_farg-svart","13":"tm-no-options","15":"first","16":"instock","17":"sale","18":"featured","19":"taxable","20":"shipping-taxable","21":"purchasable","22":"product-type-simple"},"acf":[],"_links":{"self":[{"href":"https:\/\/secureus.se\/no\/wp-json\/wp\/v2\/product\/81914","targetHints":{"allow":["GET"]}}],"collection":[{"href":"https:\/\/secureus.se\/no\/wp-json\/wp\/v2\/product"}],"about":[{"href":"https:\/\/secureus.se\/no\/wp-json\/wp\/v2\/types\/product"}],"wp:featuredmedia":[{"embeddable":true,"href":"https:\/\/secureus.se\/no\/wp-json\/wp\/v2\/media\/156276"}],"wp:attachment":[{"href":"https:\/\/secureus.se\/no\/wp-json\/wp\/v2\/media?parent=81914"}],"wp:term":[{"taxonomy":"product_brand","embeddable":true,"href":"https:\/\/secureus.se\/no\/wp-json\/wp\/v2\/product_brand?post=81914"},{"taxonomy":"product_cat","embeddable":true,"href":"https:\/\/secureus.se\/no\/wp-json\/wp\/v2\/product_cat?post=81914"},{"taxonomy":"product_tag","embeddable":true,"href":"https:\/\/secureus.se\/no\/wp-json\/wp\/v2\/product_tag?post=81914"}],"curies":[{"name":"wp","href":"https:\/\/api.w.org\/{rel}","templated":true}]}}