{"id":81927,"date":"2022-11-28T11:21:18","date_gmt":"2022-11-28T10:21:18","guid":{"rendered":"https:\/\/secureus.se\/produkt\/ajax-doublebutton-vit-overfallsknapp-dubbeltryck-tradlos\/"},"modified":"2026-03-30T12:24:42","modified_gmt":"2026-03-30T10:24:42","slug":"ajax-doublebutton-dubbeltryck-vit","status":"publish","type":"product","link":"https:\/\/secureus.se\/no\/ajax-doublebutton-dubbeltryck-vit\/","title":{"rendered":"Ajax DoubleButton - Sikkerhetsalarm - Overfallsknapp - Tr\u00e5dl\u00f8s hvit"},"content":{"rendered":"<h3><strong>Ajax DoubleButton - Wireless Assault Button for sikkerhet og p\u00e5litelighet<\/strong><\/h3>\n<p>Ajax DoubleButton er et tr\u00e5dl\u00f8st n\u00f8dsignal som kombinerer enkelhet og sikkerhet for \u00e5 gi brukeren trygghet i n\u00f8dssituasjoner.<\/p>\n<p>Det er en uunnv\u00e6rlig komponent i Ajax sikkerhetssystem og er designet for \u00e5 gi umiddelbar hjelp ved \u00e5 sende en bekreftet alarm i n\u00f8dstilfelle.<\/p>\n<p>Med sin robuste konstruksjon og funksjonelle design gir den effektiv beskyttelse uten \u00e5 risikere utilsiktet trykk.<\/p>\n<p><strong>Sikkerhet uten falske alarmer<\/strong><\/p>\n<p>DoubleButton er designet for \u00e5 minimere risikoen for falske alarmer. For \u00e5 aktivere alarmen m\u00e5 brukeren trykke p\u00e5 begge knappene samtidig, noe som eliminerer risikoen for utilsiktede trykk, for eksempel n\u00e5r knappen b\u00e6res i en lomme eller veske.<\/p>\n<p>For ytterligere \u00e5 sikre at alarmen aktiveres med vilje og ikke ved et uhell, er knappene adskilt av en plastbarriere.<\/p>\n<p>Denne funksjonen gj\u00f8r DoubleButton ideell for b\u00e5de private og profesjonelle brukere som trenger et p\u00e5litelig og sikkert n\u00f8dsignal.<\/p>\n<p><strong>Bekreftede alarmer for fullstendig sikkerhet<\/strong><\/p>\n<p>DoubleButton tilbyr bekreftede alarmer, noe som betyr at alarmen ikke vil aktiveres f\u00f8r begge knappene har blitt trykket i en bestemt sekvens.<\/p>\n<p>Dette sikrer at alarmen kun utl\u00f8ses av en autorisert bruker og reduserer risikoen for utilsiktede alarmer.<\/p>\n<p><strong>Lang rekkevidde og stabil kommunikasjon<\/strong><\/p>\n<p>Den tr\u00e5dl\u00f8se kommunikasjonen mellom DoubleButton og Ajax-huben skjer via Jeweller, en toveis radioprotokoll som garanterer et stabilt signal med en rekkevidde p\u00e5 opptil 1300 meter.<\/p>\n<p>For ytterligere \u00e5 \u00f8ke sikkerheten krypteres all data som sendes mellom enhetene med AES-algoritmen, som beskytter mot uautorisert tilgang og forfalskning av alarmer.<\/p>\n<p>Ved eventuelle forstyrrelser g\u00e5r systemet automatisk over til ledig radiofrekvens for \u00e5 sikre at alarmen alltid n\u00e5r frem til bruker og vaktselskap.<\/p>\n<p>Hvis jamming oppst\u00e5r, sendes en advarsel til b\u00e5de brukeren og vaktselskapet.<\/p>\n<p><strong>Fleksibel bruk og lang batterilevetid<\/strong><\/p>\n<p>DoubleButton er utstyrt med et forh\u00e5ndsinstallert CR2032-batteri som gir opptil 5 \u00e5rs batterilevetid, noe som reduserer behovet for vedlikehold.<\/p>\n<p>IP55-klassifiseringen betyr at enheten er motstandsdyktig mot b\u00e5de st\u00f8v og sprut, noe som gj\u00f8r den egnet for bruk i en rekke milj\u00f8er og v\u00e6rforhold.<\/p>\n<p>Den tr\u00e5dl\u00f8se tilkoblingen til huben gj\u00f8r det mulig \u00e5 plassere DoubleButton hvor som helst i hjemmet eller p\u00e5 arbeidsplassen \u2013 under skrivebordet, i lommen til en kontorarbeider, eller til og med p\u00e5 veggen ved en inngangsd\u00f8r eller seng.<\/p>\n<p><strong>Automatiseringsfunksjoner<\/strong><\/p>\n<p>I tillegg til \u00e5 v\u00e6re en angrepsknapp, kan DoubleButton brukes til \u00e5 aktivere ulike automatiseringsscenarier.<\/p>\n<p>For eksempel kan knappen aktivere en r\u00f8ykmaskin, lukke elektriske l\u00e5ser eller senke rullegardiner \u2013 noe som gj\u00f8r den til en allsidig enhet i sikkerhetssystemet ditt.<\/p>\n<p><strong>Enkel installasjon og integrasjon<\/strong><\/p>\n<p>Det er raskt og enkelt \u00e5 koble DoubleButton til Ajax sikkerhetssystem. Enheten legges til via Ajax-appen, og ingen demontering er n\u00f8dvendig.<\/p>\n<p>Fest DoubleButton til en overflate med det medf\u00f8lgende festet eller bruk den p\u00e5 en n\u00f8kkelring eller snor. P\u00e5 bare noen f\u00e5 minutter er enheten klar til bruk.<\/p>\n<p><strong>Tekniske spesifikasjoner:<\/strong><\/p>\n<ul>\n<li><strong>Klassifisering:<\/strong> Tr\u00e5dl\u00f8s n\u00f8dknapp<\/li>\n<li><strong>Kompatibilitet:<\/strong> Fungerer med alle Ajax-huber og rekkeviddeforlengere med OS Malevich 2.10 og h\u00f8yere<\/li>\n<li><strong>Forebygging av falske alarmer:<\/strong> Ja<\/li>\n<li><strong>Antall knapper:<\/strong> 2<\/li>\n<li><strong>Alarmoverf\u00f8ring:<\/strong> Ikke lenger enn 0,15 s<\/li>\n<li><strong>Jeweler radioteknologi:<\/strong>\n<ul>\n<li>Kommunikasjonsrekkevidde med huben \u2014 opptil 1300 mi \u00e5pent terreng<\/li>\n<li>Toveis kommunikasjon<\/li>\n<li>Selvjusterende RF-utgang \u2014 opptil 20 mW<\/li>\n<li>Blokkkryptering basert p\u00e5 AES-algoritmen<\/li>\n<li>Frekvenshopping<\/li>\n<\/ul>\n<\/li>\n<li><strong>Str\u00f8mforsyning:<\/strong> CR2032 batteri, 3V<\/li>\n<li><strong>Batteritid:<\/strong> Inntil 5 \u00e5r<\/li>\n<li><strong>Driftstemperaturomr\u00e5de:<\/strong> Fra -10\u00b0C til +40\u00b0C<\/li>\n<li><strong>Tillatt fuktighet:<\/strong> Opptil 75%<\/li>\n<li><strong>Beskyttelses klasse:<\/strong> IP55<\/li>\n<li><strong>St\u00f8rrelse:<\/strong> 47 \u00d7 35 \u00d7 16 mm<\/li>\n<li><strong>Vekt:<\/strong> 17 g<\/li>\n<li><strong>Garanti:<\/strong> Utskifting og reparasjon innen 24 m\u00e5neder fra salgsdato. Batterier dekkes ikke av garantien.<\/li>\n<\/ul>\n<p><strong>Pakken inneholder:<\/strong><\/p>\n<ul>\n<li>Dobbeltknapp<\/li>\n<li>Forh\u00e5ndsinstallert CR2032-batteri<\/li>\n<li>Hurtigstartveiledning<\/li>\n<\/ul>\n<p>&nbsp;<\/p>","protected":false},"excerpt":{"rendered":"<p>Ajax DoubleButton er en tr\u00e5dl\u00f8s angrepsknapp som gir en trygg og rask l\u00f8sning for \u00e5 rapportere n\u00f8dsituasjoner.<\/p>\n<p>Det krever et dobbelttrykk for \u00e5 aktivere alarmen, noe som forhindrer utilsiktede trykk og sikrer p\u00e5litelige alarmer.<\/p>","protected":false},"featured_media":155471,"template":"","meta":{"_acf_changed":false},"product_brand":[],"product_cat":[3165,1319],"product_tag":[3127,2137,4863],"class_list":{"0":"post-81927","1":"product","2":"type-product","3":"status-publish","4":"has-post-thumbnail","6":"product_cat-overfallslarm-knappar","7":"product_cat-ajax-larm","8":"product_tag-kontrollprodukt","9":"product_tag-lager-ajax","10":"product_tag-pf","11":"product_shipping_class-postnord-varubrev","12":"pa_brands-ajax-systems","13":"pa_color-vit","14":"pa_farg-vit","15":"tm-no-options","17":"first","18":"instock","19":"sale","20":"featured","21":"taxable","22":"shipping-taxable","23":"purchasable","24":"product-type-simple"},"acf":[],"_links":{"self":[{"href":"https:\/\/secureus.se\/no\/wp-json\/wp\/v2\/product\/81927","targetHints":{"allow":["GET"]}}],"collection":[{"href":"https:\/\/secureus.se\/no\/wp-json\/wp\/v2\/product"}],"about":[{"href":"https:\/\/secureus.se\/no\/wp-json\/wp\/v2\/types\/product"}],"wp:featuredmedia":[{"embeddable":true,"href":"https:\/\/secureus.se\/no\/wp-json\/wp\/v2\/media\/155471"}],"wp:attachment":[{"href":"https:\/\/secureus.se\/no\/wp-json\/wp\/v2\/media?parent=81927"}],"wp:term":[{"taxonomy":"product_brand","embeddable":true,"href":"https:\/\/secureus.se\/no\/wp-json\/wp\/v2\/product_brand?post=81927"},{"taxonomy":"product_cat","embeddable":true,"href":"https:\/\/secureus.se\/no\/wp-json\/wp\/v2\/product_cat?post=81927"},{"taxonomy":"product_tag","embeddable":true,"href":"https:\/\/secureus.se\/no\/wp-json\/wp\/v2\/product_tag?post=81927"}],"curies":[{"name":"wp","href":"https:\/\/api.w.org\/{rel}","templated":true}]}}