{"id":82370,"date":"2023-07-03T14:53:56","date_gmt":"2023-07-03T12:53:56","guid":{"rendered":"https:\/\/secureus.se\/produkt\/plomberingstrad-gron\/"},"modified":"2026-04-08T08:56:37","modified_gmt":"2026-04-08T06:56:37","slug":"plomberingstrad-gron","status":"publish","type":"product","link":"https:\/\/secureus.se\/no\/plomberingstrad-gron\/","title":{"rendered":"Tetningstr\u00e5d Gr\u00f8nn \u2013 Til Assa"},"content":{"rendered":"<h2 data-start=\"687\" data-end=\"737\" data-section-id=\"1rni14v\">Tetningstr\u00e5d for n\u00f8dd\u00f8rer og brannslukningsapparater<\/h2>\n<p>250 mm lange tetningstr\u00e5der for ASSA evakueringsarmaturer, for eksempel 179A, 179A S4 eller 179B S4.<\/p>\n<p>Brukes for \u00e5 tydeliggj\u00f8re at utgangen kun kan brukes i n\u00f8dsituasjoner.<\/p>\n<p>Ogs\u00e5 tilgjengelig i r\u00f8dt og bl\u00e5tt, men uten ikon for n\u00f8devakuering.<\/p>\n<p data-start=\"738\" data-end=\"945\">Denne gr\u00f8nne forseglingstr\u00e5den brukes til \u00e5 forsegle og merke sikkerhetsutstyr som kun skal brukes n\u00e5r det er n\u00f8dvendig. N\u00e5r forseglingen er brutt, er det umiddelbart tydelig at utstyret har blitt \u00e5pnet eller tuklet med.<\/p>\n<p data-start=\"947\" data-end=\"990\">Tetningstr\u00e5d brukes ofte p\u00e5 for eksempel:<\/p>\n<ul data-start=\"992\" data-end=\"1085\">\n<li data-start=\"992\" data-end=\"1005\" data-section-id=\"pburat\">\n<p data-start=\"994\" data-end=\"1005\">n\u00f8dd\u00f8rer<\/p>\n<\/li>\n<li data-start=\"1006\" data-end=\"1023\" data-section-id=\"xjulw6\">\n<p data-start=\"1008\" data-end=\"1023\">brannslukningsapparat<\/p>\n<\/li>\n<li data-start=\"1024\" data-end=\"1039\" data-section-id=\"1l4lnz0\">\n<p data-start=\"1026\" data-end=\"1039\">brannhydrant<\/p>\n<\/li>\n<li data-start=\"1040\" data-end=\"1057\" data-section-id=\"1f72y04\">\n<p data-start=\"1042\" data-end=\"1057\">safe<\/p>\n<\/li>\n<li data-start=\"1058\" data-end=\"1085\" data-section-id=\"yfkruv\">\n<p data-start=\"1060\" data-end=\"1085\">tekniske installasjoner<\/p>\n<\/li>\n<\/ul>\n<p data-start=\"1087\" data-end=\"1179\">Dette gj\u00f8r sikkerhetskontrollene raskere fordi du umiddelbart kan se om utstyret har blitt \u00e5pnet.<\/p>\n<hr data-start=\"1181\" data-end=\"1184\" \/>\n<h2 data-start=\"1186\" data-end=\"1243\" data-section-id=\"q26pcq\">Brukes ofte i eiendoms- og sikkerhetsinstallasjoner<\/h2>\n<p data-start=\"1244\" data-end=\"1454\">Tetningstr\u00e5d er en vanlig l\u00f8sning innen eiendomsforvaltning og systematisk brannvernarbeid. Det gj\u00f8r det mulig \u00e5 raskt kontrollere om sikkerhetsutstyret er intakt uten \u00e5 m\u00e5tte \u00e5pne hver enhet.<\/p>\n<p data-start=\"1456\" data-end=\"1563\">Denne modellen er spesielt egnet for installasjoner der <strong data-start=\"1513\" data-end=\"1554\">ASSA-komponenter eller beslag til n\u00f8dd\u00f8rer<\/strong> brukes.<\/p>\n<hr data-start=\"1565\" data-end=\"1568\" \/>\n<h2 data-start=\"1570\" data-end=\"1588\" data-section-id=\"1floner\">Enkel montering<\/h2>\n<p data-start=\"1589\" data-end=\"1797\">Tetningstr\u00e5den installeres ved \u00e5 f\u00f8re b\u00e5ndet gjennom for eksempel en pinne eller et h\u00e5ndtak og deretter l\u00e5se det i tetningsdelen. N\u00e5r tetningen er l\u00e5st, kan den ikke \u00e5pnes uten \u00e5 bryte eller kutte den.<\/p>\n<p data-start=\"1799\" data-end=\"1855\">Dette gj\u00f8r det til en enkel, men effektiv sikkerhetsl\u00f8sning.<\/p>\n<hr data-start=\"1857\" data-end=\"1860\" \/>\n<h1 data-start=\"1862\" data-end=\"1872\" data-section-id=\"16fopcq\">Fordeler<\/h1>\n<ul data-start=\"1874\" data-end=\"2070\">\n<li data-start=\"1874\" data-end=\"1916\" data-section-id=\"ls77ve\">\n<p data-start=\"1876\" data-end=\"1916\">Viser umiddelbart om utstyret har blitt \u00e5pnet<\/p>\n<\/li>\n<li data-start=\"1917\" data-end=\"1962\" data-section-id=\"1pqowha\">\n<p data-start=\"1919\" data-end=\"1962\">Forhindrer un\u00f8dvendig bruk av n\u00f8dd\u00f8rer<\/p>\n<\/li>\n<li data-start=\"1963\" data-end=\"1998\" data-section-id=\"136scw8\">\n<p data-start=\"1965\" data-end=\"1998\">Forenkler brannvernkontroller<\/p>\n<\/li>\n<li data-start=\"1999\" data-end=\"2032\" data-section-id=\"1ofabbw\">\n<p data-start=\"2001\" data-end=\"2032\">Enkel \u00e5 montere og bruke<\/p>\n<\/li>\n<li data-start=\"2033\" data-end=\"2070\" data-section-id=\"d31n5h\">\n<p data-start=\"2035\" data-end=\"2070\">Kostnadseffektiv sikkerhetsl\u00f8sning<\/p>\n<\/li>\n<\/ul>\n<hr data-start=\"2072\" data-end=\"2075\" \/>\n<h1 data-start=\"2077\" data-end=\"2105\" data-section-id=\"brc9ws\">Vanlige bruksomr\u00e5der<\/h1>\n<ul data-start=\"2107\" data-end=\"2201\">\n<li data-start=\"2107\" data-end=\"2120\" data-section-id=\"1hfb5n9\">\n<p data-start=\"2109\" data-end=\"2120\">N\u00f8dd\u00f8rer<\/p>\n<\/li>\n<li data-start=\"2121\" data-end=\"2138\" data-section-id=\"1glgnsm\">\n<p data-start=\"2123\" data-end=\"2138\">Brannslukningsapparat<\/p>\n<\/li>\n<li data-start=\"2139\" data-end=\"2154\" data-section-id=\"ybft18\">\n<p data-start=\"2141\" data-end=\"2154\">Brannhydranter<\/p>\n<\/li>\n<li data-start=\"2155\" data-end=\"2172\" data-section-id=\"hh5nt0\">\n<p data-start=\"2157\" data-end=\"2172\">Bankboks<\/p>\n<\/li>\n<li data-start=\"2173\" data-end=\"2201\" data-section-id=\"1d7qlpj\">\n<p data-start=\"2175\" data-end=\"2201\">Eiendomsinstallasjoner<\/p>\n<\/li>\n<\/ul>\n<hr data-start=\"2203\" data-end=\"2206\" \/>\n<h1 data-start=\"2208\" data-end=\"2225\" data-section-id=\"vb28v8\">Spesifikasjoner<\/h1>\n<p data-start=\"2227\" data-end=\"2384\">St\u00f8rrelse: <strong data-start=\"2236\" data-end=\"2251\">250 \u00d7 20 mm<\/strong><br data-start=\"2251\" data-end=\"2254\" \/>Farge: <strong data-start=\"2260\" data-end=\"2268\">Gr\u00f8nn<\/strong><br data-start=\"2268\" data-end=\"2271\" \/>Type: <strong data-start=\"2276\" data-end=\"2317\">Tetningstr\u00e5d \/ sikkerhetsforsegling<\/strong><br data-start=\"2317\" data-end=\"2320\" \/>Bruk: <strong data-start=\"2332\" data-end=\"2384\">N\u00f8dd\u00f8rer, brannslukningsapparater og sikkerhetsutstyr<\/strong><\/p>\n<p>Vil du vite mer om hvordan forsegling fungerer?<br data-start=\"3597\" data-end=\"3600\" \/><a href=\"https:\/\/secureus.se\/no\/vad-ar-plomberingstrad-sa-fungerar-sakerhetsplombering\/\" target=\"_blank\" rel=\"noopener\"><strong>Les guiden v\u00e5r: <em data-start=\"3617\" data-end=\"3694\">Hva er tetningstr\u00e5d, og hvordan brukes den til brannslukningsapparater og n\u00f8dd\u00f8rer?<\/em><\/strong><\/a><\/p>\n<p>&nbsp;<\/p>","protected":false},"excerpt":{"rendered":"<p data-start=\"335\" data-end=\"528\">Gr\u00f8nn tetningstr\u00e5d for merking og tetting av n\u00f8dd\u00f8rer, brannslukningsapparater og annet sikkerhetsutstyr.<\/p>\n<p data-start=\"335\" data-end=\"528\">Forseglingen gj\u00f8r det enkelt \u00e5 raskt se om en enhet har blitt \u00e5pnet eller tuklet med.<\/p>\n<p data-start=\"530\" data-end=\"653\">Det brukes ofte i eiendommer, offentlige milj\u00f8er og industrier der sikkerhetsutstyr m\u00e5 kontrolleres regelmessig.<\/p>\n<p><span style=\"text-decoration: underline\"><strong><span class=\"ui-provider a b c d e f g h i j k l m n o p q r s t u v w x y z ab ac ae af ag ah ai aj ak\" dir=\"ltr\">Bildet viser en pakke med 10 stk, men produktet selges pr stk - Kj\u00f8per du 10 stk blir det i henhold til bildet.<\/span><\/strong><\/span><\/p>\n<div class=\"product-presentation__column is--accordion\">\n<div class=\"product-presentation__accordion\"><\/div>\n<\/div>","protected":false},"featured_media":140638,"template":"","meta":{"_acf_changed":false},"product_brand":[],"product_cat":[3224,1332],"product_tag":[],"class_list":{"0":"post-82370","1":"product","2":"type-product","3":"status-publish","4":"has-post-thumbnail","6":"product_cat-nodutrymning","7":"product_cat-utrymning-tillbehor","8":"product_shipping_class-postnord-varubrev","9":"pa_brands-stonehouse-security","10":"pa_farg-gron","11":"tm-no-options","13":"first","14":"instock","15":"sale","16":"featured","17":"taxable","18":"shipping-taxable","19":"purchasable","20":"product-type-simple"},"acf":[],"_links":{"self":[{"href":"https:\/\/secureus.se\/no\/wp-json\/wp\/v2\/product\/82370","targetHints":{"allow":["GET"]}}],"collection":[{"href":"https:\/\/secureus.se\/no\/wp-json\/wp\/v2\/product"}],"about":[{"href":"https:\/\/secureus.se\/no\/wp-json\/wp\/v2\/types\/product"}],"wp:featuredmedia":[{"embeddable":true,"href":"https:\/\/secureus.se\/no\/wp-json\/wp\/v2\/media\/140638"}],"wp:attachment":[{"href":"https:\/\/secureus.se\/no\/wp-json\/wp\/v2\/media?parent=82370"}],"wp:term":[{"taxonomy":"product_brand","embeddable":true,"href":"https:\/\/secureus.se\/no\/wp-json\/wp\/v2\/product_brand?post=82370"},{"taxonomy":"product_cat","embeddable":true,"href":"https:\/\/secureus.se\/no\/wp-json\/wp\/v2\/product_cat?post=82370"},{"taxonomy":"product_tag","embeddable":true,"href":"https:\/\/secureus.se\/no\/wp-json\/wp\/v2\/product_tag?post=82370"}],"curies":[{"name":"wp","href":"https:\/\/api.w.org\/{rel}","templated":true}]}}