{"id":82476,"date":"2022-03-10T15:48:00","date_gmt":"2022-03-10T14:48:00","guid":{"rendered":"https:\/\/secureus.se\/produkt\/slim-ir-detektor-pet-klass-grade2-15x20-meter-husdjur-20-kg\/"},"modified":"2025-12-31T19:56:25","modified_gmt":"2025-12-31T18:56:25","slug":"slim-pir-pet-klass-grade2","status":"publish","type":"product","link":"https:\/\/secureus.se\/no\/slim-pir-pet-klass-grade2\/","title":{"rendered":"SLIM-PIR-PET Klasse\/Klasse2 \u2013 15\u00d720 meter + Husdyr"},"content":{"rendered":"<h1>SLIM-PIR-PET Bevegelsesdetektor med kj\u00e6ledyrimmunitet<\/h1>\n<p>SLIM-PIR-PET er en smart og p\u00e5litelig bevegelsesdetektor designet for \u00e5 kombinere sikkerhet og bekvemmelighet.<\/p>\n<p>Med kj\u00e6ledyrimmunitet p\u00e5 opptil 20 kg er den perfekt for hjem med kj\u00e6ledyr, uten \u00e5 g\u00e5 p\u00e5 kompromiss med sikkerheten.<\/p>\n<p>Detektoren bruker en avansert passiv infrar\u00f8d sensor (PIR) for \u00e5 oppdage bevegelse i det beskyttede omr\u00e5det.<\/p>\n<p>Med justerbar f\u00f8lsomhet i \u00e5tte trinn kan du enkelt tilpasse den til ulike milj\u00f8er. Enheten har ogs\u00e5 innebygde end-of-life (2EOL) motstander som forenkler installasjonen, og LED-indikatoren tilbyr fire forskjellige farger for \u00e5 matche sikkerhetsoppsettet ditt.<\/p>\n<p><strong>Funksjoner og fordeler<\/strong>:<\/p>\n<ul>\n<li><strong>Kj\u00e6ledyrs immunitet<\/strong>: Registrerer bevegelser uten falske alarmer fra kj\u00e6ledyr opp til 20 kg.<\/li>\n<li><strong>Avansert deteksjon<\/strong>: PIR-teknologi med digital temperaturkompensasjon for maksimal ytelse.<\/li>\n<li><strong>Valgbar LED-indikator<\/strong>: Kan tilpasses for forskjellige signalfarger.<\/li>\n<li><strong>Enkel \u00e5 installere<\/strong>: Kompatibel med alle moderne sikkerhetssystemer.<\/li>\n<\/ul>\n<p>Enten i boliger eller kommersielle eiendommer, leverer SLIM-PIR-PET en perfekt balanse mellom teknologi og brukervennlighet.<\/p>\n<p>Med kompakt design og robust konstruksjon er den b\u00e5de estetisk og funksjonell.<\/p>\n<p>&nbsp;<\/p>","protected":false},"excerpt":{"rendered":"<p><strong>SLIM-PIR-PET Bevegelsesdetektor med kj\u00e6ledyrimmunitet<\/strong><br \/>\nSLIM-PIR-PET er en h\u00f8yytelses bevegelsesdetektor med kj\u00e6ledyrimmunitet p\u00e5 opptil 20 kg.<\/p>\n<p>Perfekt for b\u00e5de bolig- og n\u00e6ringseiendommer, den kombinerer avansert teknologi med brukervennlighet.<\/p>","protected":false},"featured_media":144928,"template":"","meta":{"_acf_changed":false},"product_brand":[],"product_cat":[1325],"product_tag":[2963,2145],"class_list":{"0":"post-82476","1":"product","2":"type-product","3":"status-publish","4":"has-post-thumbnail","6":"product_cat-larmgivare-skalskydd","7":"product_tag-grade-2","8":"product_tag-rorelsedetektor-ir-detektorer","9":"product_shipping_class-postnord-varubrev","10":"pa_brands-satel","11":"tm-no-options","13":"first","14":"instock","15":"sale","16":"featured","17":"taxable","18":"shipping-taxable","19":"purchasable","20":"product-type-simple"},"acf":[],"_links":{"self":[{"href":"https:\/\/secureus.se\/no\/wp-json\/wp\/v2\/product\/82476","targetHints":{"allow":["GET"]}}],"collection":[{"href":"https:\/\/secureus.se\/no\/wp-json\/wp\/v2\/product"}],"about":[{"href":"https:\/\/secureus.se\/no\/wp-json\/wp\/v2\/types\/product"}],"wp:featuredmedia":[{"embeddable":true,"href":"https:\/\/secureus.se\/no\/wp-json\/wp\/v2\/media\/144928"}],"wp:attachment":[{"href":"https:\/\/secureus.se\/no\/wp-json\/wp\/v2\/media?parent=82476"}],"wp:term":[{"taxonomy":"product_brand","embeddable":true,"href":"https:\/\/secureus.se\/no\/wp-json\/wp\/v2\/product_brand?post=82476"},{"taxonomy":"product_cat","embeddable":true,"href":"https:\/\/secureus.se\/no\/wp-json\/wp\/v2\/product_cat?post=82476"},{"taxonomy":"product_tag","embeddable":true,"href":"https:\/\/secureus.se\/no\/wp-json\/wp\/v2\/product_tag?post=82476"}],"curies":[{"name":"wp","href":"https:\/\/api.w.org\/{rel}","templated":true}]}}