{"id":82492,"date":"2022-03-10T15:48:00","date_gmt":"2022-03-10T14:48:00","guid":{"rendered":"https:\/\/secureus.se\/produkt\/magnetkontakt-mc240-infalld-6-meter\/"},"modified":"2025-12-31T19:45:02","modified_gmt":"2025-12-31T18:45:02","slug":"magnetkontakt-mc240-infalld-6-meter","status":"publish","type":"product","link":"https:\/\/secureus.se\/no\/magnetkontakt-mc240-infalld-6-meter\/","title":{"rendered":"Magnetkontakt MC 240 innfelt 6 meter"},"content":{"rendered":"<p><span style=\"white-space: pre-line\">MC 240 er en universell magnetkontakt med NC-funksjon med 6 meter kabel. Kan brukes b\u00e5de i alarm- og tilgangssystemer for overv\u00e5king av f.eks. d\u00f8rer, porter og vinduer, mot uautorisert \u00e5pning. B\u00e5de kontakt- og magnetdelen er laget av metall og utformet som en skrue med gjenger, noe som muliggj\u00f8r enkel montering i tre eller plast. Med v\u00e5rt omfattende utvalg av installasjonstilbeh\u00f8r er det enkelt \u00e5 montere kontakten b\u00e5de innfelt og utenp\u00e5liggende, selv p\u00e5 metall og andre materialer. Med riktig valg av tilbeh\u00f8r kan kontakten ogs\u00e5 monteres p\u00e5 st\u00e5ld\u00f8rer, safer, garasjeporter m.m.<\/span><\/p>\n<p><span style=\"white-space: pre-line\">Magnettype: Alnico 5<\/span><\/p>\n<p><span style=\"white-space: pre-line\">Typisk verdi for lukking (ikke-magnetisk materiale): 27 mm <\/span><\/p>\n<p><span style=\"white-space: pre-line\">Maks belastning: 48 VDC\/500 mA\/10 VA<\/span><\/p>\n<p><span style=\"white-space: pre-line\">Temperaturomr\u00e5de: -40 til +70\u00b0C<\/span><\/p>\n<p><span style=\"white-space: pre-line\">IP-vurdering: 67<\/span><\/p>\n<p><span style=\"white-space: pre-line\">Bordiameter: 9-10 mm<\/span><\/p>\n<p><span style=\"white-space: pre-line\">M\u00e5l kontaktdel: (lx\u00d8) 37\u00d711 mm<\/span><\/p>","protected":false},"excerpt":{"rendered":"<p>R\u00f8ykvarslere - CO2 alarm - Temperaturdetektor - Vibrasjon - Glassknuser - Alltid lav pris<\/p>","protected":false},"featured_media":145552,"template":"","meta":{"_acf_changed":false},"product_brand":[],"product_cat":[3086],"product_tag":[],"class_list":{"0":"post-82492","1":"product","2":"type-product","3":"status-publish","4":"has-post-thumbnail","6":"product_cat-magnetkontakter","7":"product_shipping_class-postnord-varubrev","8":"pa_brands-alarmtech","9":"tm-no-options","11":"first","12":"onbackorder","13":"sale","14":"featured","15":"taxable","16":"shipping-taxable","17":"purchasable","18":"product-type-simple"},"acf":[],"_links":{"self":[{"href":"https:\/\/secureus.se\/no\/wp-json\/wp\/v2\/product\/82492","targetHints":{"allow":["GET"]}}],"collection":[{"href":"https:\/\/secureus.se\/no\/wp-json\/wp\/v2\/product"}],"about":[{"href":"https:\/\/secureus.se\/no\/wp-json\/wp\/v2\/types\/product"}],"wp:featuredmedia":[{"embeddable":true,"href":"https:\/\/secureus.se\/no\/wp-json\/wp\/v2\/media\/145552"}],"wp:attachment":[{"href":"https:\/\/secureus.se\/no\/wp-json\/wp\/v2\/media?parent=82492"}],"wp:term":[{"taxonomy":"product_brand","embeddable":true,"href":"https:\/\/secureus.se\/no\/wp-json\/wp\/v2\/product_brand?post=82492"},{"taxonomy":"product_cat","embeddable":true,"href":"https:\/\/secureus.se\/no\/wp-json\/wp\/v2\/product_cat?post=82492"},{"taxonomy":"product_tag","embeddable":true,"href":"https:\/\/secureus.se\/no\/wp-json\/wp\/v2\/product_tag?post=82492"}],"curies":[{"name":"wp","href":"https:\/\/api.w.org\/{rel}","templated":true}]}}