{"id":82805,"date":"2023-08-19T17:17:28","date_gmt":"2023-08-19T15:17:28","guid":{"rendered":"https:\/\/secureus.se\/produkt\/arbetsrela-infalld-1vxl-uc-10a\/"},"modified":"2026-03-13T18:57:55","modified_gmt":"2026-03-13T17:57:55","slug":"arbetsrela-infalld-1vxl-uc-10a","status":"publish","type":"product","link":"https:\/\/secureus.se\/no\/arbetsrela-infalld-1vxl-uc-10a\/","title":{"rendered":"Arbeidsrel\u00e9 \u2013 Innfelt \u2013 1VXL UC 10A"},"content":{"rendered":"<p>1 potensialfri skiftekontakt 10A\/250V AC.<br \/>\nLysp\u00e6re belastning opp til 2000W.<br \/>\nIkke noe &quot;standby&quot;-forbruk.<br \/>\nEnhet for installasjon. Lengde 45mm, bredde 45mm, dybde 18mm.<br \/>\nModerne hybridteknologi som kombinerer de beste fordelene med slitasjefri elektronisk kontroll og h\u00f8yytelses spesialreleer.<br \/>\nUniversell driftsspenning 8 til 230V AC\/DC. Lavt st\u00f8yniv\u00e5.<\/p>\n<h2>Produktegenskaper<\/h2>\n<div class=\"produkt-egenskaper\"><span class=\"produkt-egenskap\"><span class=\"label\">Trekk<\/span><span class=\"value\">Helt elektronisk<br \/>\n<\/span><\/span><span class=\"produkt-egenskap\"><span class=\"label\">Monteringsmetode<br \/>\n<\/span><span class=\"value\">Innfelt montering<br \/>\n<\/span><\/span><span class=\"produkt-egenskap\"><span class=\"label\">Installasjonsdybde<\/span><span class=\"value\">18 mm<br \/>\n<\/span><\/span><span class=\"produkt-egenskap\"><span class=\"label\">Antall byttekontakter<\/span><span class=\"value\">1<br \/>\n<\/span><\/span><span class=\"produkt-egenskap\"><span class=\"label\">Styrespenning 1<\/span><span class=\"value\">8...230 V<br \/>\n<\/span><\/span><span class=\"produkt-egenskap\"><span class=\"label\">Type driftsspenning 1<\/span><span class=\"value\">AC\/DC<\/span><\/span><span class=\"produkt-egenskap\"><span class=\"label\">Frekvenskontrollspenning 1<\/span><span class=\"value\">0...60 Hz<br \/>\n<\/span><\/span><span class=\"produkt-egenskap\"><span class=\"label\">Type driftsspenning 2<\/span><span class=\"value\">AC\/DC<\/span><\/span><span class=\"produkt-egenskap\"><span class=\"label\">Merkestr\u00f8m<\/span><span class=\"value\">10 A<br \/>\n<\/span><\/span><span class=\"produkt-egenskap\"><span class=\"label\">Forsyningsspenningsomr\u00e5de <\/span><span class=\"value\">0...250V<br \/>\n<\/span><\/span><span class=\"produkt-egenskap\"><span class=\"label\">Type forsyningsspenning <\/span><span class=\"value\">AC\/DC<\/span><\/span><span class=\"produkt-egenskap\"><span class=\"label\">Maks.<br \/>\nLysp\u00e6re belastning<\/span><span class=\"value\">2000W<br \/>\n<\/span><\/span><span class=\"produkt-egenskap\"><span class=\"label\">Maks fluorescerende belastning<\/span><span class=\"value\">1000 VA<br \/>\n<\/span><\/span><span class=\"produkt-egenskap\"><span class=\"label\">Maks fluorescerende belastning i Duo-tilkobling<\/span><span class=\"value\">1000 VA<br \/>\n<\/span><\/span><span class=\"produkt-egenskap\"><span class=\"label\">Maks fluorescerende belastning parallelt kompensert<\/span><span class=\"value\">500 VA<br \/>\n<\/span><\/span><span class=\"produkt-egenskap\"><span class=\"label\">Maks. byttestr\u00f8m (cos fi = 0,6)<\/span><span class=\"value\">4 A<\/span><\/span><\/div>","protected":false},"excerpt":{"rendered":"<p>Multirel\u00e9 8-230 Volt p\u00e5 spolen og 10A 250V p\u00e5 spolen. Merk at rel\u00e9et ikke skal kobles til drivmotorer eller induktive belastninger som lysstoffr\u00f8r etc.<\/p>","protected":false},"featured_media":140322,"template":"","meta":{"_acf_changed":false},"product_brand":[],"product_cat":[4151,4152,1548],"product_tag":[],"class_list":{"0":"post-82805","1":"product","2":"type-product","3":"status-publish","4":"has-post-thumbnail","6":"product_cat-rela-12-volt","7":"product_cat-rela-24-volt","8":"product_cat-relaer-elektronik","9":"product_shipping_class-postnord-varubrev","10":"tm-no-options","12":"first","13":"instock","14":"sale","15":"featured","16":"taxable","17":"shipping-taxable","18":"purchasable","19":"product-type-simple"},"acf":[],"_links":{"self":[{"href":"https:\/\/secureus.se\/no\/wp-json\/wp\/v2\/product\/82805","targetHints":{"allow":["GET"]}}],"collection":[{"href":"https:\/\/secureus.se\/no\/wp-json\/wp\/v2\/product"}],"about":[{"href":"https:\/\/secureus.se\/no\/wp-json\/wp\/v2\/types\/product"}],"wp:featuredmedia":[{"embeddable":true,"href":"https:\/\/secureus.se\/no\/wp-json\/wp\/v2\/media\/140322"}],"wp:attachment":[{"href":"https:\/\/secureus.se\/no\/wp-json\/wp\/v2\/media?parent=82805"}],"wp:term":[{"taxonomy":"product_brand","embeddable":true,"href":"https:\/\/secureus.se\/no\/wp-json\/wp\/v2\/product_brand?post=82805"},{"taxonomy":"product_cat","embeddable":true,"href":"https:\/\/secureus.se\/no\/wp-json\/wp\/v2\/product_cat?post=82805"},{"taxonomy":"product_tag","embeddable":true,"href":"https:\/\/secureus.se\/no\/wp-json\/wp\/v2\/product_tag?post=82805"}],"curies":[{"name":"wp","href":"https:\/\/api.w.org\/{rel}","templated":true}]}}