{"id":82831,"date":"2023-02-20T14:28:55","date_gmt":"2023-02-20T13:28:55","guid":{"rendered":"https:\/\/secureus.se\/produkt\/flx-s-st-flipx-standard-indoor-pir-sensor-with-rotatable-lens\/"},"modified":"2026-04-14T16:11:00","modified_gmt":"2026-04-14T14:11:00","slug":"optex-flx-s-st-flipx-standard-indoor-pir-sensor-with-rotatable-lens","status":"publish","type":"product","link":"https:\/\/secureus.se\/no\/optex-flx-s-st-flipx-standard-indoor-pir-sensor-with-rotatable-lens\/","title":{"rendered":"Optex FLX-S-ST FlipX Professional PIR-detektor 15 meter vinkel eller langstr\u00e5le 24 meter"},"content":{"rendered":"<h1>Optex FLX-S-ST FlipX Standard PIR sensor er det nyeste produktet fra Optex som tilbyr avansert teknologi for innend\u00f8rs bruk.<\/h1>\n<p>Utstyrt med en roterbar linse, gir denne PIR-sensoren muligheten til \u00e5 bytte mellom bred og smal deteksjon.<\/p>\n<p>Med bred deteksjon p\u00e5 opptil 12 meter og smal deteksjon p\u00e5 opptil 18 meter gir sensoren en fleksibel l\u00f8sning for ulike sikkerhetsbehov.<\/p>\n<p>En av de mest bemerkelsesverdige egenskapene til FLX-S-ST er bruken av en ny pyroelektrisk sensor og menneskelig fangstelement.<\/p>\n<p>Dette gj\u00f8r sensoren sv\u00e6rt n\u00f8yaktig i \u00e5 detektere bevegelse, og den er ogs\u00e5 utstyrt med en forbedret signalbehandlingsteknologi som reduserer risikoen for falske alarmer.<\/p>\n<p>Den digitale signalprosessoren og den sf\u00e6riske linsen optimerer deteksjonen over hele overv\u00e5kingsomr\u00e5det.<\/p>\n<p>Med en justerbar f\u00f8lsomhet og mulighet til \u00e5 plassere sensoren mellom 2,0 og 3,0 meter h\u00f8y, er FLX-S-ST perfekt for b\u00e5de boliger og mindre n\u00e6ringseiendommer.<\/p>\n<p>I tillegg tilbyr den h\u00f8y kj\u00e6ledyrtoleranse, noe som gj\u00f8r den egnet for milj\u00f8er med kj\u00e6ledyr.<\/p>\n<p>FLX-S-STs robuste design og praktiske funksjoner gj\u00f8r den til en p\u00e5litelig l\u00f8sning for \u00e5 sikre trygg og praktisk overv\u00e5king i b\u00e5de hjem og sm\u00e5 bedrifter.<\/p>\n<p>I tillegg til den p\u00e5litelige funksjonaliteten er den enkel \u00e5 installere med den medf\u00f8lgende LED-indikatoren for enkel feils\u00f8king og installasjon.<\/p>","protected":false},"excerpt":{"rendered":"<p>Optex FLX-S-ST er en h\u00f8yytelses innend\u00f8rs PIR-sensor med en roterbar linse.<\/p>\n<p>Den tilbyr b\u00e5de bred og smal deteksjon, perfekt for boliger og lavere kommersielle applikasjoner.<\/p>\n<p>Med en innovativ pyroelektrisk sensor og menneskelig fangstelement sikrer den p\u00e5litelig og n\u00f8yaktig deteksjon.<\/p>","protected":false},"featured_media":140675,"template":"","meta":{"_acf_changed":false},"product_brand":[],"product_cat":[1325],"product_tag":[2989,2145,2465],"class_list":{"0":"post-82831","1":"product","2":"type-product","3":"status-publish","4":"has-post-thumbnail","6":"product_cat-larmgivare-skalskydd","7":"product_tag-egen-logo-ej-taggar-kort","8":"product_tag-rorelsedetektor-ir-detektorer","9":"product_tag-sbsc-larmklass2","10":"product_shipping_class-postnord-varubrev","11":"pa_brands-optex","12":"tm-no-options","14":"first","15":"instock","16":"sale","17":"featured","18":"taxable","19":"shipping-taxable","20":"purchasable","21":"product-type-simple"},"acf":[],"_links":{"self":[{"href":"https:\/\/secureus.se\/no\/wp-json\/wp\/v2\/product\/82831","targetHints":{"allow":["GET"]}}],"collection":[{"href":"https:\/\/secureus.se\/no\/wp-json\/wp\/v2\/product"}],"about":[{"href":"https:\/\/secureus.se\/no\/wp-json\/wp\/v2\/types\/product"}],"wp:featuredmedia":[{"embeddable":true,"href":"https:\/\/secureus.se\/no\/wp-json\/wp\/v2\/media\/140675"}],"wp:attachment":[{"href":"https:\/\/secureus.se\/no\/wp-json\/wp\/v2\/media?parent=82831"}],"wp:term":[{"taxonomy":"product_brand","embeddable":true,"href":"https:\/\/secureus.se\/no\/wp-json\/wp\/v2\/product_brand?post=82831"},{"taxonomy":"product_cat","embeddable":true,"href":"https:\/\/secureus.se\/no\/wp-json\/wp\/v2\/product_cat?post=82831"},{"taxonomy":"product_tag","embeddable":true,"href":"https:\/\/secureus.se\/no\/wp-json\/wp\/v2\/product_tag?post=82831"}],"curies":[{"name":"wp","href":"https:\/\/api.w.org\/{rel}","templated":true}]}}