{"id":82917,"date":"2022-10-04T13:11:18","date_gmt":"2022-10-04T11:11:18","guid":{"rendered":"https:\/\/secureus.se\/produkt\/elko-rs-stromstallare-valfri-gravyr-oppnaknapp-valfritt-med-er-logo\/"},"modified":"2025-12-12T13:17:33","modified_gmt":"2025-12-12T12:17:33","slug":"elko-rs-stromstallare-valfri-gravyr-oppnaknapp-valfritt-med-er-logo","status":"publish","type":"product","link":"https:\/\/secureus.se\/no\/elko-rs-stromstallare-valfri-gravyr-oppnaknapp-valfritt-med-er-logo\/","title":{"rendered":"ELKO (RS)-bryter - Valgfri gravering &quot;\u00c5pne-knapp&quot; med logoen din"},"content":{"rendered":"<p>\u00c5pne-knapp, lukkefunksjon og fj\u00e6ring med ditt valg av design \u2013 Korrekturlesing f\u00f8lger alltid med nye produkter. Merk at gravering er 1-farget.<\/p>\n<p>Leveringstid er 2-5 dager og prisene inkluderer gravering og design.<\/p>\n<p>Hvis du vil at de \u00e5pne knappene skal legges ut p\u00e5 ditt kundeunike lag, gi oss beskjed.<\/p>\n<p>ELKO Ekstern (RS) E: nr. 1841221<\/p>\n<p>&nbsp;<\/p>","protected":false},"excerpt":{"rendered":"<p>\u00c5pne-knapp, lukkefunksjon og fj\u00e6ring med ditt valg av design \u2013 Korrekturlesing skjer alltid p\u00e5 nye produkter. Merk at gravering er i \u00e9n farge. Leveringstiden er 2\u20135 dager, og prisene inkluderer gravering.<\/p>","protected":false},"featured_media":141849,"template":"","meta":{"_acf_changed":false},"product_brand":[],"product_cat":[4827],"product_tag":[2989,2936,2937],"class_list":{"0":"post-82917","1":"product","2":"type-product","3":"status-publish","4":"has-post-thumbnail","6":"product_cat-elko","7":"product_tag-egen-logo-ej-taggar-kort","8":"product_tag-oppna-brand-design-produkt","9":"product_tag-oppnaknappar","10":"product_shipping_class-postnord-varubrev","11":"pa_brands-stonehouse-security","12":"tm-has-options","14":"first","15":"instock","16":"sale","17":"featured","18":"taxable","19":"shipping-taxable","20":"purchasable","21":"product-type-simple"},"acf":[],"_links":{"self":[{"href":"https:\/\/secureus.se\/no\/wp-json\/wp\/v2\/product\/82917","targetHints":{"allow":["GET"]}}],"collection":[{"href":"https:\/\/secureus.se\/no\/wp-json\/wp\/v2\/product"}],"about":[{"href":"https:\/\/secureus.se\/no\/wp-json\/wp\/v2\/types\/product"}],"wp:featuredmedia":[{"embeddable":true,"href":"https:\/\/secureus.se\/no\/wp-json\/wp\/v2\/media\/141849"}],"wp:attachment":[{"href":"https:\/\/secureus.se\/no\/wp-json\/wp\/v2\/media?parent=82917"}],"wp:term":[{"taxonomy":"product_brand","embeddable":true,"href":"https:\/\/secureus.se\/no\/wp-json\/wp\/v2\/product_brand?post=82917"},{"taxonomy":"product_cat","embeddable":true,"href":"https:\/\/secureus.se\/no\/wp-json\/wp\/v2\/product_cat?post=82917"},{"taxonomy":"product_tag","embeddable":true,"href":"https:\/\/secureus.se\/no\/wp-json\/wp\/v2\/product_tag?post=82917"}],"curies":[{"name":"wp","href":"https:\/\/api.w.org\/{rel}","templated":true}]}}