{"id":83006,"date":"2023-09-08T10:33:54","date_gmt":"2023-09-08T08:33:54","guid":{"rendered":"https:\/\/secureus.se\/?post_type=product&#038;p=83006"},"modified":"2026-04-23T12:38:21","modified_gmt":"2026-04-23T10:38:21","slug":"paxton-514-326-net2-proximity-card-reader","status":"publish","type":"product","link":"https:\/\/secureus.se\/no\/paxton-514-326-net2-proximity-card-reader\/","title":{"rendered":"Paxton 514-326 Net2 Proximity kortleser"},"content":{"rendered":"<p>V\u00e5r Paxton 514-326 Net2 Proximity Card Reader er best brukt for \u00e5 legge til tokens til et Net2-system raskt og n\u00f8yaktig. Den kan ogs\u00e5 brukes til \u00e5 identifisere tapte tokens.<\/p>\n<ul>\n<li>Enkel USB-tilkobling.<\/li>\n<li>Proximity og proximity\/magstripe versjoner tilgjengelig.<\/li>\n<li>Leser Net2- og MIFARE\u00ae-tokens.<\/li>\n<\/ul>\n<p><strong>Disse kortene har ikke lenger referanse til kortnummeret p\u00e5 ekstern emballasje. Hvis du ikke har en elektronisk metode for \u00e5 lese\/vise n\u00e6rhetsnummeret, er dette produktet p\u00e5krevd.<\/strong><\/p>\n<p><strong><br \/>\nProduktvekt:<br \/>\n0,29 kg<br \/>\n<\/strong><\/p>","protected":false},"excerpt":{"rendered":"<p>V\u00e5r Paxton 514-326 Net2 Proximity Card Reader er best brukt for \u00e5 legge til tokens til et Net2-system raskt og n\u00f8yaktig. Den kan ogs\u00e5 brukes til \u00e5 identifisere tapte tokens. Enkel<\/p>","protected":false},"featured_media":140474,"template":"","meta":{"_acf_changed":false},"product_brand":[],"product_cat":[1743],"product_tag":[2942,3069],"class_list":{"0":"post-83006","1":"product","2":"type-product","3":"status-publish","4":"has-post-thumbnail","6":"product_cat-rfid-lasare","7":"product_tag-paxton-rg15","8":"product_tag-trade-produkt","9":"product_shipping_class-tunga-paket","10":"pa_brands-paxton","11":"tm-no-options","13":"first","14":"instock","15":"sale","16":"taxable","17":"shipping-taxable","18":"purchasable","19":"product-type-simple"},"acf":[],"_links":{"self":[{"href":"https:\/\/secureus.se\/no\/wp-json\/wp\/v2\/product\/83006","targetHints":{"allow":["GET"]}}],"collection":[{"href":"https:\/\/secureus.se\/no\/wp-json\/wp\/v2\/product"}],"about":[{"href":"https:\/\/secureus.se\/no\/wp-json\/wp\/v2\/types\/product"}],"wp:featuredmedia":[{"embeddable":true,"href":"https:\/\/secureus.se\/no\/wp-json\/wp\/v2\/media\/140474"}],"wp:attachment":[{"href":"https:\/\/secureus.se\/no\/wp-json\/wp\/v2\/media?parent=83006"}],"wp:term":[{"taxonomy":"product_brand","embeddable":true,"href":"https:\/\/secureus.se\/no\/wp-json\/wp\/v2\/product_brand?post=83006"},{"taxonomy":"product_cat","embeddable":true,"href":"https:\/\/secureus.se\/no\/wp-json\/wp\/v2\/product_cat?post=83006"},{"taxonomy":"product_tag","embeddable":true,"href":"https:\/\/secureus.se\/no\/wp-json\/wp\/v2\/product_tag?post=83006"}],"curies":[{"name":"wp","href":"https:\/\/api.w.org\/{rel}","templated":true}]}}