{"id":83041,"date":"2023-09-12T10:40:15","date_gmt":"2023-09-12T08:40:15","guid":{"rendered":"https:\/\/secureus.se\/produkt\/detectortesters-soloa10s-hfc-free-non-flammable-smoke-aerosol-for-testing-detectors-250ml-can\/"},"modified":"2026-04-09T11:40:18","modified_gmt":"2026-04-09T09:40:18","slug":"detectortesters-soloa10s-hfc-free-non-flammable-smoke-aerosol-for-testing-detectors-250ml-can","status":"publish","type":"product","link":"https:\/\/secureus.se\/no\/detectortesters-soloa10s-hfc-free-non-flammable-smoke-aerosol-for-testing-detectors-250ml-can\/","title":{"rendered":"Detektortestere SoloA10S HFC-fri, ikke-brennbar r\u00f8ykaerosol for testing av detektorer, 250 ml boks"},"content":{"rendered":"<h1>Detektortestere SoloA10S HFC-fri, ikke-brennbar r\u00f8ykaerosol for testing av detektorer, 250 ml boks<\/h1>\n<h2 data-start=\"373\" data-end=\"425\">Aerosolgass for p\u00e5litelig testing av r\u00f8ykvarslere<\/h2>\n<p data-start=\"427\" data-end=\"812\">Denne aerosolgassen p\u00e5 250 ml er utviklet for \u00e5 teste r\u00f8ykvarslere p\u00e5 en sikker og effektiv m\u00e5te.<\/p>\n<p data-start=\"427\" data-end=\"812\">Produktet lager en definert mengde r\u00f8ykpartikler som etterligner ekte r\u00f8yk og s\u00f8rger for at detektorens sensor reagerer som den skal.<\/p>\n<p data-start=\"427\" data-end=\"812\">Dette er en sentral del av funksjonskontrollene for brannalarmanlegg i b\u00e5de bolig- og n\u00e6ringsmilj\u00f8er.<\/p>\n<h2 data-start=\"814\" data-end=\"862\">HFK-fri og ikke-brennbar \u2013 trygg \u00e5 bruke<\/h2>\n<p data-start=\"864\" data-end=\"1126\">SoloA10S er HFK-fri og ikke-brennbar, noe som minimerer risikoen for brukeren og milj\u00f8et.<\/p>\n<p data-start=\"864\" data-end=\"1126\">Den rene aerosolformelen etterlater ingen skadelige rester p\u00e5 detektoren etter testing, og beskytter b\u00e5de plastdeler og sensorfunksjoner.<\/p>\n<h3 data-start=\"1128\" data-end=\"1154\">Produktfordeler<\/h3>\n<ul data-start=\"1156\" data-end=\"1469\">\n<li data-start=\"1156\" data-end=\"1216\">\n<p data-start=\"1158\" data-end=\"1216\">Genererer realistiske r\u00f8ykpartikler for effektiv testing<\/p>\n<\/li>\n<li data-start=\"1217\" data-end=\"1274\">\n<p data-start=\"1219\" data-end=\"1274\">HFK-fri og ikke-brennbar aerosol \u2013 h\u00f8yt sikkerhetsniv\u00e5<\/p>\n<\/li>\n<li data-start=\"1275\" data-end=\"1329\">\n<p data-start=\"1277\" data-end=\"1329\">Etterlater ingen skadelige rester som p\u00e5virker detektoren<\/p>\n<\/li>\n<li data-start=\"1330\" data-end=\"1385\">\n<p data-start=\"1332\" data-end=\"1385\">Passer til profesjonelle testverkt\u00f8y for r\u00f8ykvarslere<\/p>\n<\/li>\n<li data-start=\"1386\" data-end=\"1469\">\n<p data-start=\"1388\" data-end=\"1469\">Enkel \u00e5 bruke i profesjonelle tester<\/p>\n<\/li>\n<\/ul>\n<h2 data-start=\"1471\" data-end=\"1492\">Bruksomr\u00e5der<\/h2>\n<p data-start=\"1494\" data-end=\"1517\">SoloA10S er egnet for:<\/p>\n<ul data-start=\"1519\" data-end=\"1749\">\n<li data-start=\"1519\" data-end=\"1574\">\n<p data-start=\"1521\" data-end=\"1574\">Funksjonstesting ved installasjon av r\u00f8ykvarslere<\/p>\n<\/li>\n<li data-start=\"1575\" data-end=\"1622\">\n<p data-start=\"1577\" data-end=\"1622\">\u00c5rlig eller periodisk service og vedlikehold<\/p>\n<\/li>\n<li data-start=\"1623\" data-end=\"1688\">\n<p data-start=\"1625\" data-end=\"1688\">Egenoverv\u00e5king i hjem, kontorer, lagerbygninger og offentlige milj\u00f8er<\/p>\n<\/li>\n<li data-start=\"1689\" data-end=\"1749\">\n<p data-start=\"1691\" data-end=\"1749\">Brukes i kombinasjon med kompatible dispenseringsverkt\u00f8y<\/p>\n<\/li>\n<\/ul>\n<p data-start=\"1751\" data-end=\"1911\">Denne aerosolen er et viktig verkt\u00f8y for installat\u00f8rer og teknikere av brannalarmer som trenger \u00e5 utf\u00f8re p\u00e5litelige tester.<\/p>\n<p data-start=\"1913\" data-end=\"1940\">TEKNISKE SPESIFIKASJONER:<\/p>\n<ul data-start=\"1942\" data-end=\"2371\">\n<li data-start=\"1942\" data-end=\"1985\">\n<p data-start=\"1944\" data-end=\"1985\">Produkt: Aerosolgass for testing av r\u00f8ykdetektorer<\/p>\n<\/li>\n<li data-start=\"1986\" data-end=\"2010\">\n<p data-start=\"1988\" data-end=\"2010\">Modell: SoloA10S-001<\/p>\n<\/li>\n<li data-start=\"2011\" data-end=\"2028\">\n<p data-start=\"2013\" data-end=\"2028\">Volum: 250 ml<\/p>\n<\/li>\n<li data-start=\"2029\" data-end=\"2081\">\n<p data-start=\"2031\" data-end=\"2081\">Farge: (standard aerosolboks \u2013 s\u00f8lv\/hvit design)<\/p>\n<\/li>\n<li data-start=\"2082\" data-end=\"2146\">\n<p data-start=\"2084\" data-end=\"2146\">Funksjon: Genererer aerosoliserte r\u00f8ykpartikler for testing<\/p>\n<\/li>\n<li data-start=\"2147\" data-end=\"2205\">\n<p data-start=\"2149\" data-end=\"2205\">Egenskaper: HFK-fri, ikke-brennbar, etterlater ingen rester<\/p>\n<\/li>\n<li data-start=\"2206\" data-end=\"2272\">\n<p data-start=\"2208\" data-end=\"2272\">Kompatibilitet: Profesjonelt utstyr for testing av r\u00f8ykvarslere<\/p>\n<\/li>\n<li data-start=\"2273\" data-end=\"2371\">\n<p data-start=\"2275\" data-end=\"2371\">Sertifisering: UL-sertifisert i henhold til gjeldende aerosolforskrifter<\/p>\n<\/li>\n<\/ul>","protected":false},"excerpt":{"rendered":"<p><strong data-start=\"21\" data-end=\"62\"><span class=\"entity-underline hover:entity-accent inline cursor-pointer align-baseline\"><span class=\"whitespace-normal\">Solo A10s Bensin<\/span><\/span><\/strong>\u00a0er en 250 ml aerosolgass for funksjonstesting av r\u00f8ykdetektorer.<\/p>\n<p>Den er HFK-fri og ikke-brennbar, noe som gj\u00f8r den trygg \u00e5 bruke i profesjonelt testutstyr.<\/p>\n<p>Utviklet for \u00e5 gi realistiske r\u00f8ykpartikler og bekrefte at detektoren reagerer riktig.<\/p>","protected":false},"featured_media":140032,"template":"","meta":{"_acf_changed":false},"product_brand":[],"product_cat":[1764,2943],"product_tag":[],"class_list":{"0":"post-83041","1":"product","2":"type-product","3":"status-publish","4":"has-post-thumbnail","6":"product_cat-professionella-verktyg-for-prov-och-underhall","7":"product_cat-provgas-testgas-rokdetektorer","8":"product_shipping_class-postnord-varubrev","9":"pa_brands-solo","10":"tm-no-options","12":"first","13":"instock","14":"taxable","15":"shipping-taxable","16":"purchasable","17":"product-type-simple"},"acf":[],"_links":{"self":[{"href":"https:\/\/secureus.se\/no\/wp-json\/wp\/v2\/product\/83041","targetHints":{"allow":["GET"]}}],"collection":[{"href":"https:\/\/secureus.se\/no\/wp-json\/wp\/v2\/product"}],"about":[{"href":"https:\/\/secureus.se\/no\/wp-json\/wp\/v2\/types\/product"}],"wp:featuredmedia":[{"embeddable":true,"href":"https:\/\/secureus.se\/no\/wp-json\/wp\/v2\/media\/140032"}],"wp:attachment":[{"href":"https:\/\/secureus.se\/no\/wp-json\/wp\/v2\/media?parent=83041"}],"wp:term":[{"taxonomy":"product_brand","embeddable":true,"href":"https:\/\/secureus.se\/no\/wp-json\/wp\/v2\/product_brand?post=83041"},{"taxonomy":"product_cat","embeddable":true,"href":"https:\/\/secureus.se\/no\/wp-json\/wp\/v2\/product_cat?post=83041"},{"taxonomy":"product_tag","embeddable":true,"href":"https:\/\/secureus.se\/no\/wp-json\/wp\/v2\/product_tag?post=83041"}],"curies":[{"name":"wp","href":"https:\/\/api.w.org\/{rel}","templated":true}]}}