{"id":83088,"date":"2023-09-12T10:50:44","date_gmt":"2023-09-12T08:50:44","guid":{"rendered":"https:\/\/secureus.se\/produkt\/detectortesters-ts3-testifire-smoke-capsules-6-pack\/"},"modified":"2026-04-09T11:36:05","modified_gmt":"2026-04-09T09:36:05","slug":"detectortesters-ts3-testifire-smoke-capsules-6-pack","status":"publish","type":"product","link":"https:\/\/secureus.se\/no\/detectortesters-ts3-testifire-smoke-capsules-6-pack\/","title":{"rendered":"Detektortestere TS3 Testifire r\u00f8ykkapsel, 1-pakning"},"content":{"rendered":"<h1>Detektortestere TS3 Testifire r\u00f8ykkapsel, 1-pakning<\/h1>\n<h2 data-start=\"332\" data-end=\"389\">Erstatningsr\u00f8ykapsel for profesjonell testing av r\u00f8ykdetektorer<\/h2>\n<p data-start=\"391\" data-end=\"694\">Detektortesters TS3 Testifire r\u00f8ykkapsel er en r\u00f8ykpatron utviklet for n\u00f8yaktig og sikker funksjonstesting av r\u00f8ykdetektorer.<\/p>\n<p data-start=\"391\" data-end=\"694\">Patronen brukes med testverkt\u00f8yene Testifire 1001 og Testifire 2001 og genererer en definert mengde testr\u00f8yk som sikrer at detektoren reagerer riktig.<\/p>\n<p data-start=\"696\" data-end=\"878\">Under installasjon, service eller regelmessig vedlikehold er det avgj\u00f8rende \u00e5 bekrefte at r\u00f8ykdetektoren faktisk aktiveres n\u00e5r den utsettes for r\u00f8yk \u2013 ikke bare via testknapp eller simulering.<\/p>\n<h2 data-start=\"880\" data-end=\"919\">Kontrollert og sikker r\u00f8ykproduksjon<\/h2>\n<p data-start=\"921\" data-end=\"1083\">TS3-patronen produserer realistisk testr\u00f8yk som effektivt aktiverer b\u00e5de optiske og andre typer r\u00f8ykdetektorer n\u00e5r den brukes i kompatible Testifire-enheter.<\/p>\n<p data-start=\"1085\" data-end=\"1094\">Fordeler:<\/p>\n<ul data-start=\"1096\" data-end=\"1306\">\n<li data-start=\"1096\" data-end=\"1164\">\n<p data-start=\"1098\" data-end=\"1164\">Gir kontrollert og reproduserbar r\u00f8yk for p\u00e5litelig testing<\/p>\n<\/li>\n<li data-start=\"1165\" data-end=\"1209\">\n<p data-start=\"1167\" data-end=\"1209\">Trygg \u00e5 bruke uten reell brannfare<\/p>\n<\/li>\n<li data-start=\"1210\" data-end=\"1253\">\n<p data-start=\"1212\" data-end=\"1253\">Etterlater ingen skadelige rester i detektoren<\/p>\n<\/li>\n<li data-start=\"1254\" data-end=\"1306\">\n<p data-start=\"1256\" data-end=\"1306\">P\u00e5virker ikke detektorfunksjonen etter testing<\/p>\n<\/li>\n<\/ul>\n<p data-start=\"1308\" data-end=\"1400\">Etter at testen er fullf\u00f8rt, ventileres r\u00f8yken bort uten \u00e5 for\u00e5rsake avleiringer eller forurensning.<\/p>\n<h2 data-start=\"1402\" data-end=\"1443\">For installasjon og l\u00f8pende vedlikehold<\/h2>\n<p data-start=\"1445\" data-end=\"1464\">TS3 er egnet for:<\/p>\n<ul data-start=\"1466\" data-end=\"1637\">\n<li data-start=\"1466\" data-end=\"1506\">\n<p data-start=\"1468\" data-end=\"1506\">Funksjonstesting under nyinstallasjon<\/p>\n<\/li>\n<li data-start=\"1507\" data-end=\"1540\">\n<p data-start=\"1509\" data-end=\"1540\">\u00c5rlig eller periodisk service<\/p>\n<\/li>\n<li data-start=\"1541\" data-end=\"1597\">\n<p data-start=\"1543\" data-end=\"1597\">Egenkontroll i bolig- og n\u00e6ringseiendommer<\/p>\n<\/li>\n<li data-start=\"1598\" data-end=\"1637\">\n<p data-start=\"1600\" data-end=\"1637\">Industrielle og offentlige milj\u00f8er<\/p>\n<\/li>\n<\/ul>\n<p data-start=\"1639\" data-end=\"1718\">Produktet er tilgjengelig i 1-pakning og 3-pakning, noe som gir fleksibilitet avhengig av behov.<\/p>\n<p data-start=\"1720\" data-end=\"1747\">TEKNISKE SPESIFIKASJONER:<\/p>\n<ul data-start=\"1749\" data-end=\"2060\">\n<li data-start=\"1749\" data-end=\"1784\">\n<p data-start=\"1751\" data-end=\"1784\">Produkt: R\u00f8ykekassett \/ r\u00f8ykepatron<\/p>\n<\/li>\n<li data-start=\"1785\" data-end=\"1804\">\n<p data-start=\"1787\" data-end=\"1804\">Modell: TS3-001<\/p>\n<\/li>\n<li data-start=\"1805\" data-end=\"1821\">\n<p data-start=\"1807\" data-end=\"1821\">Farge: S\u00f8lv<\/p>\n<\/li>\n<li data-start=\"1822\" data-end=\"1878\">\n<p data-start=\"1824\" data-end=\"1878\">Funksjon: Generering av testr\u00f8yk for testing av r\u00f8ykdetektorer<\/p>\n<\/li>\n<li data-start=\"1879\" data-end=\"1929\">\n<p data-start=\"1881\" data-end=\"1929\">Brukes med: Testifire 1001 og Testifire 2001<\/p>\n<\/li>\n<li data-start=\"1930\" data-end=\"1981\">\n<p data-start=\"1932\" data-end=\"1981\">Kompatibilitet: Optiske og andre r\u00f8ykdetektorer<\/p>\n<\/li>\n<li data-start=\"1982\" data-end=\"2009\">\n<p data-start=\"1984\" data-end=\"2009\">Rester etter testing: Ingen<\/p>\n<\/li>\n<li data-start=\"2010\" data-end=\"2060\">\n<p data-start=\"2012\" data-end=\"2060\">Sikkerhet: Kontrollert og sikker r\u00f8ykproduksjon<\/p>\n<\/li>\n<\/ul>","protected":false},"excerpt":{"rendered":"<p>Detektortesters TS3 Testifire r\u00f8ykkapsel er en erstatningsr\u00f8ykkapsel for funksjonstesting av r\u00f8ykdetektorer.<\/p>\n<p>Den brukes sammen med Testifire 1001 og 2001 for \u00e5 generere kontrollert testr\u00f8yk.<\/p>\n<p>En trygg og p\u00e5litelig l\u00f8sning for installat\u00f8rer, serviceteknikere og eiendomseiere.<\/p>\n<div id=\"gtx-trans\" style=\"position: absolute;left: 313px;top: 38px\">\n<div class=\"gtx-trans-icon\"><\/div>\n<\/div>","protected":false},"featured_media":139856,"template":"","meta":{"_acf_changed":false},"product_brand":[],"product_cat":[2946,3848],"product_tag":[2948],"class_list":{"0":"post-83088","1":"product","2":"type-product","3":"status-publish","4":"has-post-thumbnail","6":"product_cat-testifire","7":"product_cat-testifire-kit","8":"product_tag-rokgastestare-testfire","9":"product_shipping_class-postnord-varubrev","10":"pa_brands-testifire","11":"tm-no-options","13":"first","14":"instock","15":"sale","16":"taxable","17":"shipping-taxable","18":"purchasable","19":"product-type-simple"},"acf":[],"_links":{"self":[{"href":"https:\/\/secureus.se\/no\/wp-json\/wp\/v2\/product\/83088","targetHints":{"allow":["GET"]}}],"collection":[{"href":"https:\/\/secureus.se\/no\/wp-json\/wp\/v2\/product"}],"about":[{"href":"https:\/\/secureus.se\/no\/wp-json\/wp\/v2\/types\/product"}],"wp:featuredmedia":[{"embeddable":true,"href":"https:\/\/secureus.se\/no\/wp-json\/wp\/v2\/media\/139856"}],"wp:attachment":[{"href":"https:\/\/secureus.se\/no\/wp-json\/wp\/v2\/media?parent=83088"}],"wp:term":[{"taxonomy":"product_brand","embeddable":true,"href":"https:\/\/secureus.se\/no\/wp-json\/wp\/v2\/product_brand?post=83088"},{"taxonomy":"product_cat","embeddable":true,"href":"https:\/\/secureus.se\/no\/wp-json\/wp\/v2\/product_cat?post=83088"},{"taxonomy":"product_tag","embeddable":true,"href":"https:\/\/secureus.se\/no\/wp-json\/wp\/v2\/product_tag?post=83088"}],"curies":[{"name":"wp","href":"https:\/\/api.w.org\/{rel}","templated":true}]}}