{"id":83116,"date":"2023-09-13T15:37:45","date_gmt":"2023-09-13T13:37:45","guid":{"rendered":"https:\/\/secureus.se\/?post_type=product&#038;p=83116"},"modified":"2026-02-03T14:01:20","modified_gmt":"2026-02-03T13:01:20","slug":"or-skap-a3-svart","status":"publish","type":"product","link":"https:\/\/secureus.se\/no\/or-skap-a3-svart\/","title":{"rendered":"ELLER skap Brannalarm A3 Sort"},"content":{"rendered":"<h1>ELLER skap Brannalarm A3 Sort<\/h1>\n<h1>ELLER SKAP Brannalarm<\/h1>\n<p>Dokumentskap for orientering og servicetegninger for brannalarmanlegg.<br \/>\nLuken \u00e5pnes med brannvesenn\u00f8kkel.<\/p>\n<p>OR-3-BLACK har et forsterket lokk som skal brukes som bord for en b\u00e6rbar PC eller tegninger.<br \/>\nOR-3 \u2013 ASSA har \u00e5pen rygg for \u00e5 monteres over alarmknapper etc.<\/p>\n<p>Skapene er laget av st\u00e5lplate og i farger i henhold til tabellen under.<\/p>\n<p><img decoding=\"async\" class=\"alignnone size-full wp-image-123513183\" title=\"ELLER SKAP Brannalarm A3 HVIT FOR ASSA L\u00c5S 6308235\" src=\"https:\/\/securityonline.se\/wp-content\/uploads\/2023\/09\/Swanson-Or-skap.jpg\" alt=\"ELLER SKAP Brannalarm A3 HVIT FOR ASSA L\u00c5S 6308235\" width=\"618\" height=\"292\" \/><\/p>","protected":false},"excerpt":{"rendered":"<p>Lokket er forsterket slik at det kan brukes som bord for en b\u00e6rbar PC eller tegninger. Skap for orienteringstegninger som kan \u00e5pnes med brannvesenn\u00f8kkel og kan monteres i alle retninger. Holder for perm i d\u00f8r.<\/p>\n<p><span data-teams=\"true\">Disse skapene leveres uten n\u00f8kkel, og hvis du trenger en, kj\u00f8per du den separat.<\/span><\/p>","protected":false},"featured_media":140390,"template":"","meta":{"_acf_changed":false},"product_brand":[],"product_cat":[1837,3977,2950],"product_tag":[],"class_list":{"0":"post-83116","1":"product","2":"type-product","3":"status-publish","4":"has-post-thumbnail","6":"product_cat-dokumentskap","7":"product_cat-or-skap-brand-brandskydd","8":"product_cat-or-skap-sakerhet","9":"product_shipping_class-tunga-paket","10":"pa_brands-swansons","11":"tm-no-options","13":"first","14":"instock","15":"sale","16":"taxable","17":"shipping-taxable","18":"purchasable","19":"product-type-simple"},"acf":[],"_links":{"self":[{"href":"https:\/\/secureus.se\/no\/wp-json\/wp\/v2\/product\/83116","targetHints":{"allow":["GET"]}}],"collection":[{"href":"https:\/\/secureus.se\/no\/wp-json\/wp\/v2\/product"}],"about":[{"href":"https:\/\/secureus.se\/no\/wp-json\/wp\/v2\/types\/product"}],"wp:featuredmedia":[{"embeddable":true,"href":"https:\/\/secureus.se\/no\/wp-json\/wp\/v2\/media\/140390"}],"wp:attachment":[{"href":"https:\/\/secureus.se\/no\/wp-json\/wp\/v2\/media?parent=83116"}],"wp:term":[{"taxonomy":"product_brand","embeddable":true,"href":"https:\/\/secureus.se\/no\/wp-json\/wp\/v2\/product_brand?post=83116"},{"taxonomy":"product_cat","embeddable":true,"href":"https:\/\/secureus.se\/no\/wp-json\/wp\/v2\/product_cat?post=83116"},{"taxonomy":"product_tag","embeddable":true,"href":"https:\/\/secureus.se\/no\/wp-json\/wp\/v2\/product_tag?post=83116"}],"curies":[{"name":"wp","href":"https:\/\/api.w.org\/{rel}","templated":true}]}}