{"id":83134,"date":"2023-09-13T16:42:55","date_gmt":"2023-09-13T14:42:55","guid":{"rendered":"https:\/\/secureus.se\/produkt\/blixt-solista-vagg-rod-rod-lag\/"},"modified":"2026-03-26T11:36:50","modified_gmt":"2026-03-26T10:36:50","slug":"blixt-solista-vagg-rod-rod-lag","status":"publish","type":"product","link":"https:\/\/secureus.se\/no\/blixt-solista-vagg-rod-rod-lag\/","title":{"rendered":"FLASH SOLISTA VEGG R\u00d8D\/R\u00d8D LAV"},"content":{"rendered":"<h1 data-start=\"143\" data-end=\"284\"><span class=\"relative -mx-px my-[-0.2rem] rounded px-px py-[0.2rem]\">BLIXT SOLISTA V\u00c4GG R\u00d6D\/R\u00d6D L\u00c5G<\/span><\/h1>\n<p data-start=\"143\" data-end=\"284\"><span class=\"relative -mx-px my-[-0.2rem] rounded px-px py-[0.2rem]\">Solista LX Wall \u00e4r ett h\u00f6gkvalitativt v\u00e4ggmonterat blixtljus designat f\u00f6r att uppfylla kraven i EN54-23-standarden.<\/span><\/p>\n<p data-start=\"143\" data-end=\"284\"><span class=\"relative -mx-px my-[-0.2rem] rounded px-px py-[0.2rem]\">Med sin r\u00f6da l\u00e5g sockel och r\u00f6d blixt erbjuder det en effektiv l\u00f6sning f\u00f6r visuella larmbehov i olika milj\u00f6er.<\/span>\u200b<\/p>\n<p data-start=\"286\" data-end=\"306\"><strong data-start=\"286\" data-end=\"306\">Huvudfunktioner:<\/strong><\/p>\n<ul data-start=\"308\" data-end=\"885\">\n<li data-start=\"308\" data-end=\"417\">\n<p data-start=\"310\" data-end=\"417\"><strong data-start=\"310\" data-end=\"335\">EN54-23-certifiering:<\/strong> <span class=\"relative -mx-px my-[-0.2rem] rounded px-px py-[0.2rem]\">Uppfyller de strikta kraven f\u00f6r visuell alarmutrustning, vilket s\u00e4kerst\u00e4ller p\u00e5litlig prestanda i brandlarmsystem.<\/span>\u200b<\/p>\n<\/li>\n<li data-start=\"419\" data-end=\"532\">\n<p data-start=\"421\" data-end=\"532\"><strong data-start=\"421\" data-end=\"450\">Just\u00e9rbar t\u00e4ckningsvolym:<\/strong> <span class=\"relative -mx-px my-[-0.2rem] rounded px-px py-[0.2rem]\">T\u00e4cker upp till 135 m\u00b3 (justerbart till 15 m\u00b3), vilket ger flexibilitet beroende p\u00e5 installationsbehov.<\/span>\u200b<\/p>\n<\/li>\n<li data-start=\"534\" data-end=\"656\">\n<p data-start=\"536\" data-end=\"656\"><strong data-start=\"536\" data-end=\"570\">Anpassningsbar blixthastighet:<\/strong> <span class=\"relative -mx-px my-[-0.2rem] rounded px-px py-[0.2rem]\">Frekvensen kan st\u00e4llas in p\u00e5 1 Hz eller 0,5 Hz f\u00f6r att optimera str\u00f6mf\u00f6rbrukningen och anpassa till olika applikationer.<\/span>\u200b<\/p>\n<\/li>\n<li data-start=\"658\" data-end=\"771\">\n<p data-start=\"660\" data-end=\"771\"><strong data-start=\"660\" data-end=\"685\">L\u00e5g str\u00f6mf\u00f6rbrukning:<\/strong> <span class=\"relative -mx-px my-[-0.2rem] rounded px-px py-[0.2rem]\">Drivs med 24 VDC och har en str\u00f6mf\u00f6rbrukning p\u00e5 10\u201325 mA, vilket bidrar till energieffektivitet i systemet.<\/span>\u200b<\/p>\n<\/li>\n<li data-start=\"773\" data-end=\"885\">\n<p data-start=\"775\" data-end=\"885\"><strong data-start=\"775\" data-end=\"799\">Robust konstruktion:<\/strong> <span class=\"relative -mx-px my-[-0.2rem] rounded px-px py-[0.2rem]\">Med IP33-klassificering \u00e4r enheten skyddad mot vissa externa faktorer, vilket s\u00e4kerst\u00e4ller h\u00e5llbarhet och l\u00e5ng livsl\u00e4ngd.<\/span>\u200b<\/p>\n<\/li>\n<\/ul>\n<p data-start=\"887\" data-end=\"916\"><strong data-start=\"887\" data-end=\"916\">Tekniska specifikationer:<\/strong><\/p>\n<ul data-start=\"918\" data-end=\"1786\">\n<li data-start=\"918\" data-end=\"1027\">\n<p data-start=\"920\" data-end=\"1027\"><strong data-start=\"920\" data-end=\"941\">Sp\u00e4nningsmatning:<\/strong> <span class=\"relative -mx-px my-[-0.2rem] rounded px-px py-[0.2rem]\">24 VDC.<\/span>\u200b<\/p>\n<\/li>\n<li data-start=\"1029\" data-end=\"1138\">\n<p data-start=\"1031\" data-end=\"1138\"><strong data-start=\"1031\" data-end=\"1052\">Str\u00f6mf\u00f6rbrukning:<\/strong> <span class=\"relative -mx-px my-[-0.2rem] rounded px-px py-[0.2rem]\">10\u201325 mA (beroende p\u00e5 inst\u00e4llningar).<\/span>\u200b<\/p>\n<\/li>\n<li data-start=\"1140\" data-end=\"1250\">\n<p data-start=\"1142\" data-end=\"1250\"><strong data-start=\"1142\" data-end=\"1164\">F\u00e4rg p\u00e5 ljusk\u00e4lla:<\/strong> <span class=\"relative -mx-px my-[-0.2rem] rounded px-px py-[0.2rem]\">R\u00f6d<\/span><\/p>\n<\/li>\n<li data-start=\"1252\" data-end=\"1359\">\n<p data-start=\"1254\" data-end=\"1359\"><strong data-start=\"1254\" data-end=\"1273\">Kapslingsklass:<\/strong> <span class=\"relative -mx-px my-[-0.2rem] rounded px-px py-[0.2rem]\">IP33.<\/span>\u200b<\/p>\n<\/li>\n<li data-start=\"1361\" data-end=\"1469\">\n<p data-start=\"1363\" data-end=\"1469\"><strong data-start=\"1363\" data-end=\"1383\">Monteringsmetod:<\/strong> <span class=\"relative -mx-px my-[-0.2rem] rounded px-px py-[0.2rem]\">Ytmontering p\u00e5 v\u00e4gg.<\/span>\u200b<\/p>\n<\/li>\n<li data-start=\"1471\" data-end=\"1573\">\n<p data-start=\"1473\" data-end=\"1573\"><strong data-start=\"1473\" data-end=\"1487\">Ljusk\u00e4lla:<\/strong> <span class=\"relative -mx-px my-[-0.2rem] rounded px-px py-[0.2rem]\">LED.<\/span>\u200b<\/p>\n<\/li>\n<li data-start=\"1575\" data-end=\"1687\">\n<p data-start=\"1577\" data-end=\"1687\"><strong data-start=\"1577\" data-end=\"1601\">Temperaturintervall:<\/strong> <span class=\"relative -mx-px my-[-0.2rem] rounded px-px py-[0.2rem]\">-25\u00b0C till +70\u00b0C.<\/span>\u200b<\/p>\n<\/li>\n<li data-start=\"1689\" data-end=\"1786\">\n<p data-start=\"1691\" data-end=\"1786\"><strong data-start=\"1691\" data-end=\"1700\">M\u00e5tt:<\/strong> <span class=\"relative -mx-px my-[-0.2rem] rounded px-px py-[0.2rem]\">93 x 93 x 66 mm (B x H x D).<\/span>\u200b<\/p>\n<\/li>\n<\/ul>\n<p data-start=\"1788\" data-end=\"1811\"><strong data-start=\"1788\" data-end=\"1811\">Anv\u00e4ndningsomr\u00e5den:<\/strong><\/p>\n<ul data-start=\"1813\" data-end=\"2160\">\n<li data-start=\"1813\" data-end=\"1930\">\n<p data-start=\"1815\" data-end=\"1930\"><strong data-start=\"1815\" data-end=\"1844\">Brandlarmsinstallationer:<\/strong> <span class=\"relative -mx-px my-[-0.2rem] rounded px-px py-[0.2rem]\">Ger tydlig visuell indikation vid brandalarm, s\u00e4rskilt i omr\u00e5den d\u00e4r ljudlarm inte \u00e4r tillr\u00e4ckliga.<\/span>\u200b<\/p>\n<\/li>\n<li data-start=\"1932\" data-end=\"2045\">\n<p data-start=\"1934\" data-end=\"2045\"><strong data-start=\"1934\" data-end=\"1959\">Industriella milj\u00f6er:<\/strong> <span class=\"relative -mx-px my-[-0.2rem] rounded px-px py-[0.2rem]\">Anv\u00e4nds i fabriker och lager f\u00f6r att varna personal om n\u00f6dsituationer.<\/span>\u200b<\/p>\n<\/li>\n<li data-start=\"2047\" data-end=\"2160\">\n<p data-start=\"2049\" data-end=\"2160\"><strong data-start=\"2049\" data-end=\"2074\">Offentliga byggnader:<\/strong> <span class=\"relative -mx-px my-[-0.2rem] rounded px-px py-[0.2rem]\">Placeras i korridorer och gemensamma utrymmen f\u00f6r att s\u00e4kerst\u00e4lla att larm \u00e4r synliga f\u00f6r alla.<\/span>\u200b<\/p>\n<\/li>\n<\/ul>\n<p data-start=\"2162\" data-end=\"2184\"><strong data-start=\"2162\" data-end=\"2184\">Installationstips:<\/strong><\/p>\n<ul data-start=\"2186\" data-end=\"2503\">\n<li data-start=\"2186\" data-end=\"2288\">\n<p data-start=\"2188\" data-end=\"2288\"><strong data-start=\"2188\" data-end=\"2202\">Montering:<\/strong> <span class=\"relative -mx-px my-[-0.2rem] rounded px-px py-[0.2rem]\">Installera p\u00e5 en stabil v\u00e4ggyta f\u00f6r optimal ljusdistribution.<\/span>\u200b<\/p>\n<\/li>\n<li data-start=\"2290\" data-end=\"2399\">\n<p data-start=\"2292\" data-end=\"2399\"><strong data-start=\"2292\" data-end=\"2313\">Str\u00f6mf\u00f6rs\u00f6rjning:<\/strong> <span class=\"relative -mx-px my-[-0.2rem] rounded px-px py-[0.2rem]\">S\u00e4kerst\u00e4ll att str\u00f6mk\u00e4llan ligger inom det angivna sp\u00e4nningsintervallet f\u00f6r att undvika skador p\u00e5 enheten.<\/span>\u200b<\/p>\n<\/li>\n<li data-start=\"2401\" data-end=\"2503\">\n<p data-start=\"2403\" data-end=\"2503\"><strong data-start=\"2403\" data-end=\"2417\">Justering:<\/strong> <span class=\"relative -mx-px my-[-0.2rem] rounded px-px py-[0.2rem]\">Anv\u00e4nd de inbyggda inst\u00e4llningarna f\u00f6r att anpassa t\u00e4ckningsvolym och blixthastighet efter specifika behov<\/span><\/p>\n<\/li>\n<\/ul>\n<p data-start=\"2505\" data-end=\"2519\"><strong data-start=\"2505\" data-end=\"2519\">Underh\u00e5ll:<\/strong><\/p>\n<ul data-start=\"2521\" data-end=\"2831\">\n<li data-start=\"2521\" data-end=\"2623\">\n<p data-start=\"2523\" data-end=\"2623\"><strong data-start=\"2523\" data-end=\"2537\">Reng\u00f6ring:<\/strong> <span class=\"relative -mx-px my-[-0.2rem] rounded px-px py-[0.2rem]\">Torka av enheten med en mjuk, fuktig trasa f\u00f6r att avl\u00e4gsna damm och smuts.<\/span>\u200b<\/p>\n<\/li>\n<li data-start=\"2625\" data-end=\"2728\">\n<p data-start=\"2627\" data-end=\"2728\"><strong data-start=\"2627\" data-end=\"2642\">Inspektion:<\/strong> <span class=\"relative -mx-px my-[-0.2rem] rounded px-px py-[0.2rem]\">Kontrollera regelbundet att inga f\u00f6rem\u00e5l blockerar ljusutsl\u00e4ppet och att enheten \u00e4r i gott skick.<\/span>\u200b<\/p>\n<\/li>\n<li data-start=\"2730\" data-end=\"2831\">\n<p data-start=\"2732\" data-end=\"2831\"><strong data-start=\"2732\" data-end=\"2745\">Testning:<\/strong> <span class=\"relative -mx-px my-[-0.2rem] rounded px-px py-[0.2rem]\">Utf\u00f6r funktionstester minst en g\u00e5ng per kvartal f\u00f6r att s\u00e4kerst\u00e4lla att enheten fungerar korrekt.<\/span><\/p>\n<\/li>\n<\/ul>\n","protected":false},"excerpt":{"rendered":"<p><span class=\"relative -mx-px my-[-0.2rem] rounded px-px py-[0.2rem]\">Solista LX Wall \u00e4r ett v\u00e4ggmonterat blixtljus med r\u00f6d l\u00e5g sockel och r\u00f6d blixt, certifierat enligt EN54-23.<\/span><\/p>\n<p><span class=\"relative -mx-px my-[-0.2rem] rounded px-px py-[0.2rem]\">Det anv\u00e4nds inom brandlarminstallationer f\u00f6r att ge tydlig visuell varning.<\/span><\/p>\n","protected":false},"featured_media":140101,"template":"","meta":{"_acf_changed":false},"product_brand":[],"product_cat":[1825,5097],"product_tag":[2959],"class_list":{"0":"post-83134","1":"product","2":"type-product","3":"status-publish","4":"has-post-thumbnail","6":"product_cat-sirener-brand","7":"product_cat-kombisiren-blixt-brand","8":"product_tag-certifierad-en54","9":"product_shipping_class-tunga-paket","10":"pa_brands-fulleon","11":"tm-no-options","13":"first","14":"outofstock","15":"sale","16":"taxable","17":"shipping-taxable","18":"purchasable","19":"product-type-simple"},"acf":[],"_links":{"self":[{"href":"https:\/\/secureus.se\/no\/wp-json\/wp\/v2\/product\/83134","targetHints":{"allow":["GET"]}}],"collection":[{"href":"https:\/\/secureus.se\/no\/wp-json\/wp\/v2\/product"}],"about":[{"href":"https:\/\/secureus.se\/no\/wp-json\/wp\/v2\/types\/product"}],"wp:featuredmedia":[{"embeddable":true,"href":"https:\/\/secureus.se\/no\/wp-json\/wp\/v2\/media\/140101"}],"wp:attachment":[{"href":"https:\/\/secureus.se\/no\/wp-json\/wp\/v2\/media?parent=83134"}],"wp:term":[{"taxonomy":"product_brand","embeddable":true,"href":"https:\/\/secureus.se\/no\/wp-json\/wp\/v2\/product_brand?post=83134"},{"taxonomy":"product_cat","embeddable":true,"href":"https:\/\/secureus.se\/no\/wp-json\/wp\/v2\/product_cat?post=83134"},{"taxonomy":"product_tag","embeddable":true,"href":"https:\/\/secureus.se\/no\/wp-json\/wp\/v2\/product_tag?post=83134"}],"curies":[{"name":"wp","href":"https:\/\/api.w.org\/{rel}","templated":true}]}}