{"id":83398,"date":"2023-03-28T14:22:20","date_gmt":"2023-03-28T12:22:20","guid":{"rendered":"https:\/\/secureus.se\/produkt\/s65-12v-relay-base-12v-1a\/"},"modified":"2026-04-22T15:04:46","modified_gmt":"2026-04-22T13:04:46","slug":"relasockel-s65-12v","status":"publish","type":"product","link":"https:\/\/secureus.se\/no\/relasockel-s65-12v\/","title":{"rendered":"Apollo 45681-508APO Rel\u00e9base S65 12V Rel\u00e9base"},"content":{"rendered":"<p><strong>Optisk r\u00f8ykvarsler med h\u00f8y presisjon:<\/strong> Rel\u00e9kontakt S65 er et utmerket valg for b\u00e5de innbruddsalarm og brannalarm.<\/p>\n<p>Den er designet for bruk med DSC NEO, Power Series, MAXYS og andre konvensjonelle kablede innbruddsalarmer.<\/p>\n<p>Det optiske deteksjonskammeret i S65 bruker refleksjonsprinsipper for \u00e5 oppdage r\u00f8ykpartikler, og sikrer rask og n\u00f8yaktig alarmaktivering.<\/p>\n<p><strong>Funksjoner og fordeler:<\/strong><\/p>\n<ul>\n<li><strong>Fleksibel bruk:<\/strong> Jumper p\u00e5 kretskortet kan monteres i l\u00e5sende eller ikke-l\u00e5sende posisjon avhengig av bruksomr\u00e5de.<\/li>\n<li><strong>Kvalitet:<\/strong> Den hvite fargen og det innebygde LED-lyset for alarmindikasjon gir b\u00e5de estetikk og funksjonalitet.<\/li>\n<li><strong>B\u00e6rekraft:<\/strong> Designet for \u00e5 t\u00e5le b\u00e5de h\u00f8ye og lave temperaturer, noe som gj\u00f8r den egnet for ulike milj\u00f8er.<\/li>\n<\/ul>\n<p><strong>Teknisk spesifikasjon:<\/strong><\/p>\n<ul>\n<li><strong>Spenning:<\/strong> 9 \u2013 15V DC<\/li>\n<li><strong>Str\u00f8mforbruk:<\/strong> 30-50\u03bcA ved 24V DC<\/li>\n<li><strong>Normal alarmstr\u00f8m:<\/strong>\n<ul>\n<li>10V = 18mA<\/li>\n<li>24V = 52mA<\/li>\n<\/ul>\n<\/li>\n<li><strong>Temperaturspenn:<\/strong> -20 \u00b0C til +60 \u00b0C<\/li>\n<li><strong>Luftfuktighet:<\/strong> 0% til 95%, ikke-kondenserende<\/li>\n<li><strong>M\u00e5le:<\/strong> 100 mm diameter x 25 mm h\u00f8y<\/li>\n<li><strong>Vekt:<\/strong> 100 g<\/li>\n<\/ul>\n<p>&nbsp;<\/p>","protected":false},"excerpt":{"rendered":"<p>Rel\u00e9base S65 er en 12V rel\u00e9base som brukes til innbruddsalarm og brannalarm.<\/p>\n<p>Den er kompatibel med DSC PowerSeries og andre sikkerhetssystemer.<\/p>\n<p>Med et optisk deteksjonskammer detekterer det effektivt r\u00f8yk og brann, og kan konfigureres for b\u00e5de l\u00e5sende og ikke-l\u00e5sende applikasjoner.<\/p>\n<p>Den har et str\u00f8mforbruk p\u00e5 30-50\u03bcA og fungerer i et temperaturomr\u00e5de fra -20\u00b0C til +60\u00b0C.<\/p>","protected":false},"featured_media":140931,"template":"","meta":{"_acf_changed":false},"product_brand":[],"product_cat":[4747],"product_tag":[2962,3311,3025,2704],"class_list":{"0":"post-83398","1":"product","2":"type-product","3":"status-publish","4":"has-post-thumbnail","6":"product_cat-65-serien","7":"product_tag-apollo-s65-serien","8":"product_tag-dsc-neo-svensk-manual","9":"product_tag-tradbundna-rokdetektorer-for-neo","10":"product_tag-utvalda-produkter-fran-apollo","11":"product_shipping_class-postnord-varubrev","12":"pa_brands-apollo-fire-detectors","13":"tm-has-options","15":"first","16":"instock","17":"featured","18":"taxable","19":"shipping-taxable","20":"purchasable","21":"product-type-simple"},"acf":[],"_links":{"self":[{"href":"https:\/\/secureus.se\/no\/wp-json\/wp\/v2\/product\/83398","targetHints":{"allow":["GET"]}}],"collection":[{"href":"https:\/\/secureus.se\/no\/wp-json\/wp\/v2\/product"}],"about":[{"href":"https:\/\/secureus.se\/no\/wp-json\/wp\/v2\/types\/product"}],"wp:featuredmedia":[{"embeddable":true,"href":"https:\/\/secureus.se\/no\/wp-json\/wp\/v2\/media\/140931"}],"wp:attachment":[{"href":"https:\/\/secureus.se\/no\/wp-json\/wp\/v2\/media?parent=83398"}],"wp:term":[{"taxonomy":"product_brand","embeddable":true,"href":"https:\/\/secureus.se\/no\/wp-json\/wp\/v2\/product_brand?post=83398"},{"taxonomy":"product_cat","embeddable":true,"href":"https:\/\/secureus.se\/no\/wp-json\/wp\/v2\/product_cat?post=83398"},{"taxonomy":"product_tag","embeddable":true,"href":"https:\/\/secureus.se\/no\/wp-json\/wp\/v2\/product_tag?post=83398"}],"curies":[{"name":"wp","href":"https:\/\/api.w.org\/{rel}","templated":true}]}}