{"id":83923,"date":"2023-09-27T17:59:55","date_gmt":"2023-09-27T15:59:55","guid":{"rendered":"https:\/\/secureus.se\/produkt\/eltryckeslas-pe580-med-kabel-ea220\/"},"modified":"2026-04-23T12:23:16","modified_gmt":"2026-04-23T10:23:16","slug":"eltryckeslas-pe580-med-kabel-ea220","status":"publish","type":"product","link":"https:\/\/secureus.se\/no\/eltryckeslas-pe580-med-kabel-ea220\/","title":{"rendered":"Elektrisk trykkl\u00e5s PE580 med Kabel EA220"},"content":{"rendered":"<p><\/p>\n<div>PE 580 tilh\u00f8rer en familie av elektriske skyvel\u00e5ser med delt spindelfunksjon tilpasset bruk med panikkregel 1141. Den oppfyller kravene iht SS-EN1125. PE580 er en elektromekanisk styrt trykkfunksjonsl\u00e5s som er av multifunksjonstypen. Av dagl\u00e5stype og passer godt i n\u00e6ringsbygg, innvendig l\u00e5sing og ytterd\u00f8rer i byg\u00e5rder. De delte funksjonsl\u00e5sene har en kombinasjon av mekaniske og elektriske funksjoner, som muliggj\u00f8r panikkevakuering uten elektrisk kontroll. PE580 har to integrerte mikrobrytere som indikerer posisjonen til stempelet samt \u00e5pning med panikkkontroll. L\u00e5sen kan alltid betjenes mekanisk med sylinder eller knott. L\u00e5sen l\u00e5ses automatisk n\u00e5r d\u00f8ren lukkes.\u00a0<\/div>\n<div><b>Kjennetegn\u00a0<\/b><\/div>\n<div>\n<ul>\n<li>Split funksjon<\/li>\n<li>Det utvendige h\u00e5ndtaket er elektrisk styrt<\/li>\n<li>Kan alltid \u00e5pnes fra innsiden med ASSA ABLOY 1141 panikkl\u00e5s<\/li>\n<li>L\u00e5sen kan styres elektrisk fra f.eks. et tilgangssystem, eller fra en \u00e5pen knapp eller en timer<\/li>\n<li>Enkelt vendbar h\u00f8yre\/venstre\u00a0<\/li>\n<li>Byttbar forover\/bakover-funksjon (l\u00e5st eller ul\u00e5st i spenningsl\u00f8s modus)<\/li>\n<li>Regelen utfolder seg f\u00f8rst n\u00e5r d\u00f8ren er lukket<\/li>\n<li>Alle kabler utstyrt med kontakter for enkel installasjon med tilkoblingskabel EA220<\/li>\n<li>50 mm dordybde\n<\/li>\n<\/ul>\n<\/div>\n<div><b>Tekniske data<\/b><\/div>\n<div>\n<ul>\n<li>Spenning 12 \u2013 24 V DC (-10%\/+15%, stab)<\/li>\n<li>Str\u00f8mforbruk: Maks: 550 mA (12V DC), Hvile: 240 mA (12V DC)\u00a0<\/li>\n<li>Temperaturomr\u00e5de: -20 \u2013 +60\u00b0C<\/li>\n<\/ul>\n<\/div>","protected":false},"excerpt":{"rendered":"<h5><a href=\"https:\/\/elslutblecksguiden.se\/\" target=\"_blank\" rel=\"noopener\">Veiledning for ASSA Elektriske l\u00e5ser, motorl\u00e5ser, Elektriske sluttplater og erstatningsguide<\/a><\/h5>","protected":false},"featured_media":139943,"template":"","meta":{"_acf_changed":false},"product_brand":[],"product_cat":[2429],"product_tag":[2967],"class_list":{"0":"post-83923","1":"product","2":"type-product","3":"status-publish","4":"has-post-thumbnail","6":"product_cat-ellas","7":"product_tag-rg-assa-abloy","8":"product_shipping_class-tunga-paket","9":"pa_brands-abloy","10":"tm-no-options","12":"first","13":"onbackorder","14":"sale","15":"taxable","16":"shipping-taxable","17":"purchasable","18":"product-type-simple"},"acf":[],"_links":{"self":[{"href":"https:\/\/secureus.se\/no\/wp-json\/wp\/v2\/product\/83923","targetHints":{"allow":["GET"]}}],"collection":[{"href":"https:\/\/secureus.se\/no\/wp-json\/wp\/v2\/product"}],"about":[{"href":"https:\/\/secureus.se\/no\/wp-json\/wp\/v2\/types\/product"}],"wp:featuredmedia":[{"embeddable":true,"href":"https:\/\/secureus.se\/no\/wp-json\/wp\/v2\/media\/139943"}],"wp:attachment":[{"href":"https:\/\/secureus.se\/no\/wp-json\/wp\/v2\/media?parent=83923"}],"wp:term":[{"taxonomy":"product_brand","embeddable":true,"href":"https:\/\/secureus.se\/no\/wp-json\/wp\/v2\/product_brand?post=83923"},{"taxonomy":"product_cat","embeddable":true,"href":"https:\/\/secureus.se\/no\/wp-json\/wp\/v2\/product_cat?post=83923"},{"taxonomy":"product_tag","embeddable":true,"href":"https:\/\/secureus.se\/no\/wp-json\/wp\/v2\/product_tag?post=83923"}],"curies":[{"name":"wp","href":"https:\/\/api.w.org\/{rel}","templated":true}]}}