{"id":83925,"date":"2023-09-27T17:59:53","date_gmt":"2023-09-27T15:59:53","guid":{"rendered":"https:\/\/secureus.se\/produkt\/eltryckeslas-815c-50-hi-o-sats\/"},"modified":"2026-04-08T15:58:44","modified_gmt":"2026-04-08T13:58:44","slug":"eltryckeslas-815c-50-hi-o-sats","status":"publish","type":"product","link":"https:\/\/secureus.se\/no\/eltryckeslas-815c-50-hi-o-sats\/","title":{"rendered":"Elektrisk trykkl\u00e5s 815C-50 Hi-O Kit"},"content":{"rendered":"<p>ASSA ABLOY 815C-50 Hi-O er en elektrisk trykkl\u00e5s i Velox-serien, tilpasset h\u00f8yfrekvente d\u00f8rer med ASSA modul\u00e6r eller Connecturtag. Passer godt som dagl\u00e5s<\/p>\n<div>og innvendig l\u00e5sing i handel, kontor og industri eller i inngangspartier og offentlige arealer i flerhusbebyggelse. Sertifisert etter SS-EN 179, som muliggj\u00f8r installasjon i r\u00f8mningsvei. 815C-50 er en digital l\u00e5s basert p\u00e5 CAN-bus teknologi Hi-O. Hi-O betyr at enhetene har innebygget mikrodatamaskin og kommuniserer med hverandre for plug-and-play installasjon, synkronisering av d\u00f8rdrift, overv\u00e5king av atferd og for \u00e5 sende diagnostisk informasjon. En Hi-O-enhet m\u00e5 kobles til en Hi-O-buss via DAC 530\/564, alternativt til et analogt system via I\/O BOX 350. I\/O BOX 350 muliggj\u00f8r installasjon av en digital Hi-O-l\u00e5s til et analogt rel\u00e9styrt anlegg.<\/div>\n<div>\n<p><b>Pakken inneholder:<\/b><br \/>\nElektrisk trykkl\u00e5shus 815C-50, I\/O-Box350, Tilkoblingskabel EA226 (10m), Endeplate 1487-2 med magnet, Rammeoverf\u00f8ring EA281 og 2 stk. trykkstifter 520H 43 mm.<\/p>\n<div><b>Kjennetegn:<\/b><\/div>\n<div>\n<ul>\n<li>Delt funksjon, elektrisk styrt utside, mekanisk koblet innvendig (delt spindel)<\/li>\n<li>Enkelt omskiftbar elektrisk\/mekanisk betjent side<\/li>\n<li>Enkelt justerbar forover\/bakover funksjon<\/li>\n<li>Vendbart fallstempel for h\u00f8yre- eller venstrehengte d\u00f8rer<\/li>\n<li>Sammenl\u00e5st trykkfall<\/li>\n<li>L\u00e5sen kan alltid betjenes med n\u00f8kkel\/knott<\/li>\n<li>Godkjent for montering i branncellegrense E\/EI 120<\/li>\n<li>Sertifisert i henhold til SSF 3522-1093, klasse 1 og SS-EN 179<\/li>\n<li>Godkjent \u00e5 kombineres med n\u00f8devakueringsbeslag 179J<\/li>\n<li>Gjenoppholdsfunksjon kan aktiveres via I\/O BOX 350 med signal fra evakuering\/brannalarm<\/li>\n<li>Multifunksjonell<\/li>\n<li>Multispenning 12-24V<\/li>\n<li>Statusindikasjon tilgjengelig p\u00e5 Hi-O-bussen og via rel\u00e9 p\u00e5 I\/O BOX 350 (se produktblad)<\/li>\n<\/ul>\n<\/div>\n<div><\/div>\n<div>\n<p><b>Trekk:<\/b><\/p>\n<ul>\n<li>Trykket aktiveres med elektrisk styring fra utsiden og styres mekanisk fra innsiden, dette brukes s\u00e5 til \u00e5 \u00e5pne d\u00f8ren.<\/li>\n<li>Trykket p\u00e5 utsiden aktiveres elektrisk via signal fra adgangssystem, kodel\u00e5s eller lignende.<\/li>\n<li>Trykket p\u00e5 innsiden er mekanisk koblet, s\u00e5 det er ikke n\u00f8dvendig \u00e5 koble til en trykknapp.<\/li>\n<li>Den elektriske kontrollfunksjonen kan stilles inn fra h\u00f8yre\/venstre, inn\/ut.<\/li>\n<\/ul>\n<\/div>\n<\/div>","protected":false},"excerpt":{"rendered":"<h5><a href=\"https:\/\/elslutblecksguiden.se\/\" target=\"_blank\" rel=\"noopener\">Veiledning for ASSA Elektriske l\u00e5ser, motorl\u00e5ser, Elektriske sluttplater og erstatningsguide<\/a><\/h5>","protected":false},"featured_media":139535,"template":"","meta":{"_acf_changed":false},"product_brand":[],"product_cat":[2429],"product_tag":[4424,2967],"class_list":{"0":"post-83925","1":"product","2":"type-product","3":"status-publish","4":"has-post-thumbnail","6":"product_cat-ellas","7":"product_tag-eltryckeslas-815","8":"product_tag-rg-assa-abloy","9":"product_shipping_class-tunga-paket","10":"pa_brands-abloy","11":"tm-no-options","13":"first","14":"instock","15":"sale","16":"taxable","17":"shipping-taxable","18":"purchasable","19":"product-type-simple"},"acf":[],"_links":{"self":[{"href":"https:\/\/secureus.se\/no\/wp-json\/wp\/v2\/product\/83925","targetHints":{"allow":["GET"]}}],"collection":[{"href":"https:\/\/secureus.se\/no\/wp-json\/wp\/v2\/product"}],"about":[{"href":"https:\/\/secureus.se\/no\/wp-json\/wp\/v2\/types\/product"}],"wp:featuredmedia":[{"embeddable":true,"href":"https:\/\/secureus.se\/no\/wp-json\/wp\/v2\/media\/139535"}],"wp:attachment":[{"href":"https:\/\/secureus.se\/no\/wp-json\/wp\/v2\/media?parent=83925"}],"wp:term":[{"taxonomy":"product_brand","embeddable":true,"href":"https:\/\/secureus.se\/no\/wp-json\/wp\/v2\/product_brand?post=83925"},{"taxonomy":"product_cat","embeddable":true,"href":"https:\/\/secureus.se\/no\/wp-json\/wp\/v2\/product_cat?post=83925"},{"taxonomy":"product_tag","embeddable":true,"href":"https:\/\/secureus.se\/no\/wp-json\/wp\/v2\/product_tag?post=83925"}],"curies":[{"name":"wp","href":"https:\/\/api.w.org\/{rel}","templated":true}]}}