{"id":83937,"date":"2023-09-27T17:58:47","date_gmt":"2023-09-27T15:58:47","guid":{"rendered":"https:\/\/secureus.se\/produkt\/eltryckeslas-el588-hi-o\/"},"modified":"2026-03-25T15:43:09","modified_gmt":"2026-03-25T14:43:09","slug":"eltryckeslas-el588-hi-o","status":"publish","type":"product","link":"https:\/\/secureus.se\/no\/eltryckeslas-el588-hi-o\/","title":{"rendered":"Elektrisk skyvel\u00e5s EL588 Hi-O"},"content":{"rendered":"<p>\nABLOY multifunksjonelle elektriske trykkl\u00e5ser EL588 er tilpasset h\u00f8yfrekvente d\u00f8rer med ASSA ABLOY-modulutsparinger. Egnet som dagl\u00e5sing og innvendig l\u00e5sing i handel, kontor og industri eller i inngangspartier og offentlige arealer i flerhusbebyggelse. EL588 er et Hi-O-l\u00e5shus som kan kobles til en Hi-O-buss. Hi-O betyr at enhetene har innebygget mikrodatamaskin og kommuniserer med hverandre for plug-and-play installasjon, synkronisering av d\u00f8rdrift, overv\u00e5king av atferd og for \u00e5 sende diagnostisk informasjon.<\/p>\n<p><b>Kjennetegn<\/b><\/p>\n<div>\n<ul>\n<li>Sammenl\u00e5st trykkfall\u00a0\u00a0<\/li>\n<li>L\u00e5sen kan alltid betjenes med sylinder \/ knott\u00a0\u00a0<\/li>\n<li>Multifunksjonell\u00a0<\/li>\n<li>Enkelt \u00e5 bytte forover eller bakover funksjon (l\u00e5st eller ul\u00e5st i str\u00f8ml\u00f8s modus)<\/li>\n<li>Variabelt fallfremspring 20 mm eller 14 mm\u00a0<\/li>\n<li>2 mikrobrytere: Forrigling (d\u00f8rposisjon), Trykkbevegelse<\/li>\n<li>50 mm dordybde\u00a0\u00a0<\/li>\n<li>Alle kabler utstyrt med kontakter for enkel installasjon med tilkoblingskabel EA226\u00a0\u00a0<\/li>\n<li>Hi-O teknologi<\/li>\n<\/ul>\n<p><b>Trekk:<\/b><\/div>\n<div>\n<ul>\n<li>Utvendig og innvendig trykk elektrisk drevet<\/li>\n<\/ul>\n<\/div>\n<div><b><br \/>Tekniske data:<\/b><\/p>\n<ul>\n<li>Driftsspenning: 12 \u2013 24 VDC, stikk<\/li>\n<li>Str\u00f8mforbruk 580-280 mA, 12 VDC 300-160mA, 24 VDC<\/li>\n<\/ul>\n<\/div>","protected":false},"excerpt":{"rendered":"<h5><a href=\"https:\/\/elslutblecksguiden.se\/\" target=\"_blank\" rel=\"noopener\">Veiledning for ASSA Elektriske l\u00e5ser, motorl\u00e5ser, Elektriske sluttplater og erstatningsguide<\/a><\/h5>","protected":false},"featured_media":139684,"template":"","meta":{"_acf_changed":false},"product_brand":[],"product_cat":[2429],"product_tag":[2967],"class_list":{"0":"post-83937","1":"product","2":"type-product","3":"status-publish","4":"has-post-thumbnail","6":"product_cat-ellas","7":"product_tag-rg-assa-abloy","8":"product_shipping_class-tunga-paket","9":"pa_brands-abloy","10":"tm-no-options","12":"first","13":"onbackorder","14":"sale","15":"taxable","16":"shipping-taxable","17":"purchasable","18":"product-type-simple"},"acf":[],"_links":{"self":[{"href":"https:\/\/secureus.se\/no\/wp-json\/wp\/v2\/product\/83937","targetHints":{"allow":["GET"]}}],"collection":[{"href":"https:\/\/secureus.se\/no\/wp-json\/wp\/v2\/product"}],"about":[{"href":"https:\/\/secureus.se\/no\/wp-json\/wp\/v2\/types\/product"}],"wp:featuredmedia":[{"embeddable":true,"href":"https:\/\/secureus.se\/no\/wp-json\/wp\/v2\/media\/139684"}],"wp:attachment":[{"href":"https:\/\/secureus.se\/no\/wp-json\/wp\/v2\/media?parent=83937"}],"wp:term":[{"taxonomy":"product_brand","embeddable":true,"href":"https:\/\/secureus.se\/no\/wp-json\/wp\/v2\/product_brand?post=83937"},{"taxonomy":"product_cat","embeddable":true,"href":"https:\/\/secureus.se\/no\/wp-json\/wp\/v2\/product_cat?post=83937"},{"taxonomy":"product_tag","embeddable":true,"href":"https:\/\/secureus.se\/no\/wp-json\/wp\/v2\/product_tag?post=83937"}],"curies":[{"name":"wp","href":"https:\/\/api.w.org\/{rel}","templated":true}]}}