{"id":83941,"date":"2023-09-27T17:58:44","date_gmt":"2023-09-27T15:58:44","guid":{"rendered":"https:\/\/secureus.se\/produkt\/eltryckeslas-el587-hi-o-omstallbar-12-24v\/"},"modified":"2026-04-08T15:59:02","modified_gmt":"2026-04-08T13:59:02","slug":"eltryckeslas-el587-hi-o-omstallbar-12-24v","status":"publish","type":"product","link":"https:\/\/secureus.se\/no\/eltryckeslas-el587-hi-o-omstallbar-12-24v\/","title":{"rendered":"Elektrisk trykkl\u00e5s EL587 Hi-O Byttbar 12-24V"},"content":{"rendered":"<p>\nABLOY multifunksjonelle elektriske trykkl\u00e5ser EL587 er tilpasset h\u00f8yfrekvente d\u00f8rer med ASSA ABLOY-modulutsparinger. Egnet som dagl\u00e5sing og innvendig l\u00e5sing i handel, kontor og industri eller i inngangspartier og offentlige arealer i flerhusbebyggelse. EL587 er et Hi-O-l\u00e5shus som kan kobles til en Hi-O-buss. Hi-O betyr at enhetene har innebygget mikrodatamaskin og kommuniserer med hverandre for plug-and-play installasjon, synkronisering av d\u00f8rdrift, overv\u00e5king av atferd og for \u00e5 sende diagnostisk informasjon.\u00a0 \u00a0<\/p>\n<div><b>Kjennetegn\u00a0<\/b><\/div>\n<div>\n<ul>\n<li>Delt funksjon (enkelt byttebar elektrisk \/ mekanisk betjent side)<\/li>\n<li>Utvendig trykk elektrisk drevet<\/li>\n<li>Trykket p\u00e5 innsiden \u00e5pner alltid l\u00e5sen mekanisk<\/li>\n<li>Sammenl\u00e5st trykkfall <\/li>\n<li>L\u00e5sen kan alltid betjenes med sylinder \/ knott<\/li>\n<li>Multifunksjonell<\/li>\n<li>Enkelt \u00e5 bytte forover\/bakover funksjon<\/li>\n<li>Variabelt fallfremspring 20 mm eller 14 mm<\/li>\n<li>2 mikrobrytere: Forrigling (d\u00f8rposisjon), Trykkbevegelse <\/li>\n<li>50 mm dordybde\u00a0\u00a0<\/li>\n<li>Godkjent \u00e5 kombineres med n\u00f8devakueringsbeslag 179E-2<\/li>\n<li>Alle kabler utstyrt med kontakter for enkel installasjon med tilkoblingskabel EA226<\/li>\n<li>Hi-O teknologi<\/li>\n<\/ul>\n<\/div>\n<div><b><br \/><\/b><b>Tekniske data:<\/b><\/div>\n<div>\n<ul>\n<li>Driftsspenning: 12 \u2013 24 VDC, stikk<\/li>\n<li>Str\u00f8mforbruk 580-280 mA, 12 VDC 300-160mA, 24 VDC<\/li>\n<\/ul>\n<\/div>","protected":false},"excerpt":{"rendered":"<h5><a href=\"https:\/\/elslutblecksguiden.se\/\" target=\"_blank\" rel=\"noopener\">Veiledning for ASSA Elektriske l\u00e5ser, motorl\u00e5ser, Elektriske sluttplater og erstatningsguide<\/a><\/h5>","protected":false},"featured_media":139551,"template":"","meta":{"_acf_changed":false},"product_brand":[],"product_cat":[2429],"product_tag":[2967],"class_list":{"0":"post-83941","1":"product","2":"type-product","3":"status-publish","4":"has-post-thumbnail","6":"product_cat-ellas","7":"product_tag-rg-assa-abloy","8":"product_shipping_class-tunga-paket","9":"pa_brands-abloy","10":"tm-no-options","12":"first","13":"onbackorder","14":"sale","15":"taxable","16":"shipping-taxable","17":"purchasable","18":"product-type-simple"},"acf":[],"_links":{"self":[{"href":"https:\/\/secureus.se\/no\/wp-json\/wp\/v2\/product\/83941","targetHints":{"allow":["GET"]}}],"collection":[{"href":"https:\/\/secureus.se\/no\/wp-json\/wp\/v2\/product"}],"about":[{"href":"https:\/\/secureus.se\/no\/wp-json\/wp\/v2\/types\/product"}],"wp:featuredmedia":[{"embeddable":true,"href":"https:\/\/secureus.se\/no\/wp-json\/wp\/v2\/media\/139551"}],"wp:attachment":[{"href":"https:\/\/secureus.se\/no\/wp-json\/wp\/v2\/media?parent=83941"}],"wp:term":[{"taxonomy":"product_brand","embeddable":true,"href":"https:\/\/secureus.se\/no\/wp-json\/wp\/v2\/product_brand?post=83941"},{"taxonomy":"product_cat","embeddable":true,"href":"https:\/\/secureus.se\/no\/wp-json\/wp\/v2\/product_cat?post=83941"},{"taxonomy":"product_tag","embeddable":true,"href":"https:\/\/secureus.se\/no\/wp-json\/wp\/v2\/product_tag?post=83941"}],"curies":[{"name":"wp","href":"https:\/\/api.w.org\/{rel}","templated":true}]}}