{"id":83945,"date":"2023-09-27T17:58:38","date_gmt":"2023-09-27T15:58:38","guid":{"rendered":"https:\/\/secureus.se\/produkt\/eltryckeslas-el580l-lagenergi-rattvand-sats-12-24v\/"},"modified":"2026-04-08T15:58:12","modified_gmt":"2026-04-08T13:58:12","slug":"eltryckeslas-el580l-lagenergi-rattvand-sats-12-24v","status":"publish","type":"product","link":"https:\/\/secureus.se\/no\/eltryckeslas-el580l-lagenergi-rattvand-sats-12-24v\/","title":{"rendered":"Elektrisk skyvel\u00e5s EL580L Lavenergi H\u00f8yrevendt sett 12-24V"},"content":{"rendered":"<p>\nABLOY multifunksjonelle elektriske trykkl\u00e5ser EL580L er tilpasset h\u00f8yfrekvente d\u00f8rer med ASSA ABLOY modul\u00e6re stikkontakter der det kreves lavt energiforbruk. Egnet som dagl\u00e5s og innvendig l\u00e5sing i handel, kontor og industri eller i inngangspartier og offentlige arealer i flerhusbebyggelse. ABLOY EL580L kan brukes i branncellegrense.<\/p>\n<div><b>Tilbeh\u00f8r inkludert i settets emballasje:\u00a0<\/b><\/div>\n<div>Elektrisk skyvel\u00e5s EL580L, Tilkoblingskabel EA220, Rammeoverf\u00f8ring EA281, Abloy skyvestifter for delt funksjonsl\u00e5s.<\/p>\n<\/div>\n<div><b>Kjennetegn:<\/b><\/div>\n<div>\n<ul>\n<li>Delt funksjon (enkelt byttebar elektrisk\/mekanisk betjent side)<\/li>\n<li>Utvendig trykk elektrisk drevet<\/li>\n<li>Trykket p\u00e5 innsiden \u00e5pner alltid l\u00e5sen mekanisk\u00a0<\/li>\n<li>Lavenergil\u00e5s\u00a0<\/li>\n<li>Sammenl\u00e5st trykkfall\u00a0<\/li>\n<li>L\u00e5sen kan alltid betjenes med sylinder\/knott\u00a0<\/li>\n<li>Multifunksjonell\u00a0<\/li>\n<li>H\u00f8yrevendt funksjon\u00a0<\/li>\n<li>Variabelt fallfremspring 20 mm eller 14 mm<\/li>\n<li>2 mikrobrytere: Forrigling (d\u00f8rposisjon), Trykkbevegelse\u00a0<\/li>\n<li>50 mm dordybde\u00a0<\/li>\n<li>Alle kabler utstyrt med kontakter for enkel installasjon med tilkoblingskabel EA220\u00a0<\/li>\n<li>Fullt tilpasset ASSA ABLOY utsparingsstandard<\/li>\n<\/ul>\n<\/div>\n<div><\/div>\n<div><b><\/b><\/div>\n<div><b>Tekniske data<\/b><\/p>\n<ul>\n<li>Driftsspenning: 3,6VDC (-0%)-24VDC (+15%) Stab<\/li>\n<li>Str\u00f8mforbruk: Maks. 350mA RMS\/100ms (ved motordrift), hvile 0,08mA\u00a0<\/li>\n<li>Mikrobryter: Enpolet kobling Maks. 30VDC, 400mA<\/li>\n<\/ul>\n<\/div>","protected":false},"excerpt":{"rendered":"<h5><a href=\"https:\/\/elslutblecksguiden.se\/\" target=\"_blank\" rel=\"noopener\">Veiledning for ASSA Elektriske l\u00e5ser, motorl\u00e5ser, Elektriske sluttplater og erstatningsguide<\/a><\/h5>","protected":false},"featured_media":139964,"template":"","meta":{"_acf_changed":false},"product_brand":[],"product_cat":[2429],"product_tag":[2967],"class_list":{"0":"post-83945","1":"product","2":"type-product","3":"status-publish","4":"has-post-thumbnail","6":"product_cat-ellas","7":"product_tag-rg-assa-abloy","8":"product_shipping_class-tunga-paket","9":"pa_brands-abloy","10":"tm-no-options","12":"first","13":"onbackorder","14":"sale","15":"taxable","16":"shipping-taxable","17":"purchasable","18":"product-type-simple"},"acf":[],"_links":{"self":[{"href":"https:\/\/secureus.se\/no\/wp-json\/wp\/v2\/product\/83945","targetHints":{"allow":["GET"]}}],"collection":[{"href":"https:\/\/secureus.se\/no\/wp-json\/wp\/v2\/product"}],"about":[{"href":"https:\/\/secureus.se\/no\/wp-json\/wp\/v2\/types\/product"}],"wp:featuredmedia":[{"embeddable":true,"href":"https:\/\/secureus.se\/no\/wp-json\/wp\/v2\/media\/139964"}],"wp:attachment":[{"href":"https:\/\/secureus.se\/no\/wp-json\/wp\/v2\/media?parent=83945"}],"wp:term":[{"taxonomy":"product_brand","embeddable":true,"href":"https:\/\/secureus.se\/no\/wp-json\/wp\/v2\/product_brand?post=83945"},{"taxonomy":"product_cat","embeddable":true,"href":"https:\/\/secureus.se\/no\/wp-json\/wp\/v2\/product_cat?post=83945"},{"taxonomy":"product_tag","embeddable":true,"href":"https:\/\/secureus.se\/no\/wp-json\/wp\/v2\/product_tag?post=83945"}],"curies":[{"name":"wp","href":"https:\/\/api.w.org\/{rel}","templated":true}]}}