{"id":83949,"date":"2023-09-27T17:58:35","date_gmt":"2023-09-27T15:58:35","guid":{"rendered":"https:\/\/secureus.se\/produkt\/eltryckeslas-820c-50-hi-o-arx-sats\/"},"modified":"2026-03-26T09:41:44","modified_gmt":"2026-03-26T08:41:44","slug":"eltryckeslas-820c-50-hi-o-arx-sats","status":"publish","type":"product","link":"https:\/\/secureus.se\/no\/eltryckeslas-820c-50-hi-o-arx-sats\/","title":{"rendered":"Elektrisk trykkl\u00e5s 820C-50 Hi-O ARX Kit"},"content":{"rendered":"<p>ASSA ABLOY 820C-50 Hi-O er en elektrisk trykkl\u00e5s i Velox-serien, tilpasset h\u00f8yfrekvente d\u00f8rer med ASSA modul\u00e6r eller Connecturtag. Egnet som dagl\u00e5s og innvendig l\u00e5sing i handel, kontor og industri eller i inngangspartier og offentlige arealer i flerhusbebyggelse. 820C-50 er en digital l\u00e5s basert p\u00e5 CAN bus teknologi Hi-O. Hi-O betyr at enhetene har innebygget mikrodatamaskin og kommuniserer med hverandre for plug-and-play installasjon, synkronisering av d\u00f8rdrift, overv\u00e5king av atferd og for \u00e5 sende diagnostisk informasjon. En Hi-O-enhet m\u00e5 kobles til en Hi-O-buss via DAC 530\/564, alternativt til et analogt system via I\/O BOX 350. I\/O BOX 350 muliggj\u00f8r installasjon av en digital Hi-O-l\u00e5s til et analogt rel\u00e9styrt anlegg.<\/p>\n<p><b>Pakken inneholder:<\/b><\/p>\n<p>Elektrisk trykkl\u00e5shus 820C-50, Tilkoblingskabel EA226 (10m), Magnet for Endeplate 1487 og 2 stk. trykkstifter 520H 43 mm.<\/p>\n<div>\n<b>Kjennetegn:<\/b><\/div>\n<div>\n<ul>\n<li>Trykkfallsskiftbar enkel eller delt funksjon.<\/li>\n<li>Manuell hakeregel<\/li>\n<li>Sammenl\u00e5st trykkfall<\/li>\n<li>L\u00e5sen kan alltid betjenes med n\u00f8kkel\/knott<\/li>\n<li>Godkjent for montering i branncellegrense E\/EI 120<\/li>\n<li>Sertifisert i henhold til SSF 3522-1093, klasse 2.<\/li>\n<li>Multifunksjonell<\/li>\n<li>Enkelt justerbar forover\/bakover funksjon<\/li>\n<li>Vendbart fallstempel for h\u00f8yre- eller venstrehengte d\u00f8rer<\/li>\n<li>Multispenning 12-24V<\/li>\n<li>Statusindikasjon tilgjengelig p\u00e5 Hi-O-bussen og via rel\u00e9 p\u00e5 I\/O BOX 350 (se produktblad)<\/li>\n<\/ul>\n<\/div>\n<div><\/div>\n<div>\n<p><b>Trekk:<\/b><\/p>\n<ul>\n<li>Trykket aktiveres elektrisk innvendig\/utvendig alternativt elektrisk styrt utvendig og mekanisk koblet innvendig, justerbar.<\/li>\n<li>Elektrisk styrt utside, mekanisk koblet innvendig (delt spindel)<\/li>\n<li>Elektrisk styrt utvendig og innvendig (fast spindel)<\/li>\n<li>Krokskinne l\u00e5ses ut og inn manuelt via sylinder eller knott (Personvernfunksjon).<\/li>\n<\/ul>\n<\/div>","protected":false},"excerpt":{"rendered":"<h5><a href=\"https:\/\/elslutblecksguiden.se\/\" target=\"_blank\" rel=\"noopener\">Veiledning for ASSA Elektriske l\u00e5ser, motorl\u00e5ser, Elektriske sluttplater og erstatningsguide<\/a><\/h5>","protected":false},"featured_media":140380,"template":"","meta":{"_acf_changed":false},"product_brand":[],"product_cat":[2429],"product_tag":[2967],"class_list":{"0":"post-83949","1":"product","2":"type-product","3":"status-publish","4":"has-post-thumbnail","6":"product_cat-ellas","7":"product_tag-rg-assa-abloy","8":"product_shipping_class-tunga-paket","9":"pa_brands-abloy","10":"tm-no-options","12":"first","13":"instock","14":"sale","15":"taxable","16":"shipping-taxable","17":"purchasable","18":"product-type-simple"},"acf":[],"_links":{"self":[{"href":"https:\/\/secureus.se\/no\/wp-json\/wp\/v2\/product\/83949","targetHints":{"allow":["GET"]}}],"collection":[{"href":"https:\/\/secureus.se\/no\/wp-json\/wp\/v2\/product"}],"about":[{"href":"https:\/\/secureus.se\/no\/wp-json\/wp\/v2\/types\/product"}],"wp:featuredmedia":[{"embeddable":true,"href":"https:\/\/secureus.se\/no\/wp-json\/wp\/v2\/media\/140380"}],"wp:attachment":[{"href":"https:\/\/secureus.se\/no\/wp-json\/wp\/v2\/media?parent=83949"}],"wp:term":[{"taxonomy":"product_brand","embeddable":true,"href":"https:\/\/secureus.se\/no\/wp-json\/wp\/v2\/product_brand?post=83949"},{"taxonomy":"product_cat","embeddable":true,"href":"https:\/\/secureus.se\/no\/wp-json\/wp\/v2\/product_cat?post=83949"},{"taxonomy":"product_tag","embeddable":true,"href":"https:\/\/secureus.se\/no\/wp-json\/wp\/v2\/product_tag?post=83949"}],"curies":[{"name":"wp","href":"https:\/\/api.w.org\/{rel}","templated":true}]}}