{"id":83957,"date":"2023-09-27T17:58:27","date_gmt":"2023-09-27T15:58:27","guid":{"rendered":"https:\/\/secureus.se\/produkt\/eltryckeslashus-835c-50-hi-o\/"},"modified":"2025-10-21T11:54:09","modified_gmt":"2025-10-21T09:54:09","slug":"eltryckeslashus-835c-50-hi-o","status":"publish","type":"product","link":"https:\/\/secureus.se\/no\/eltryckeslashus-835c-50-hi-o\/","title":{"rendered":"Elektrisk trykkl\u00e5shus 835C-50 Hi-O"},"content":{"rendered":"<p>\nASSA ABLOY 835C-50 Hi-O er en elektrisk trykkl\u00e5s i Velox-serien, tilpasset h\u00f8yfrekvente d\u00f8rer med ASSA modul\u00e6r eller Connecturtag. Passer godt som dagl\u00e5s<\/p>\n<div>og innvendig l\u00e5sing i handel, kontor og industri eller i inngangspartier og offentlige arealer i flerhusbebyggelse. Sertifisert etter SS-EN 179, som muliggj\u00f8r installasjon i r\u00f8mningsvei. 835C-50 er en digital l\u00e5s basert p\u00e5 CAN-bus teknologi Hi-O. Hi-O betyr at enhetene har innebygget mikrodatamaskin og kommuniserer med hverandre for plug-and-play installasjon, synkronisering av d\u00f8rdrift, overv\u00e5king av atferd og for \u00e5 sende diagnostisk informasjon. En Hi-O-enhet m\u00e5 kobles til en Hi-O-buss via DAC 530\/564, alternativt til et analogt system via I\/O BOX 350. I\/O BOX 350 muliggj\u00f8r installasjon av en digital Hi-O-l\u00e5s til et analogt rel\u00e9styrt anlegg.<\/div>\n<div>\n<div><b>Kjennetegn:<\/b><\/div>\n<div>\n<ul>\n<li>Trykkfallsskiftbar enkel eller delt funksjon.\u00a0<\/li>\n<li>Enkelt omskiftbar elektrisk\/mekanisk betjent side<\/li>\n<li>Enkelt justerbar forover\/bakover funksjon<\/li>\n<li>Autohook p\u00e5\/av (automatisk oppl\u00e5sing)<\/li>\n<li>Vendbart fallstempel for h\u00f8yre- eller venstrehengte d\u00f8rer<\/li>\n<li>Sammenl\u00e5st trykkfall<\/li>\n<li>L\u00e5sen kan alltid betjenes med n\u00f8kkel\/knott<\/li>\n<li>Godkjent for montering i branncellegrense E\/EI 120<\/li>\n<li>Sertifisert i henhold til SSF 3522-1093, klasse 3 og SS-EN 179<\/li>\n<li>Godkjent \u00e5 kombineres med n\u00f8devakueringsbeslag 179J<\/li>\n<li>Gjenoppholdsfunksjon kan aktiveres via I\/O BOX 350 med signal fra evakuering\/brannalarm<\/li>\n<li>Multifunksjonell<\/li>\n<li>Multispenning 12-24V<\/li>\n<li>Statusindikasjon tilgjengelig p\u00e5 Hi-O-bussen og via rel\u00e9 p\u00e5 I\/O BOX 350 (se produktblad)<\/li>\n<\/ul>\n<\/div>\n<div><\/div>\n<div><b>Trekk:<\/b><\/p>\n<ul>\n<li>Trykket aktiveres elektrisk innvendig\/utvendig alternativt elektrisk styrt utvendig og mekanisk koblet innvendig, justerbar.<\/li>\n<li>Elektrisk styrt utside, mekanisk koblet innvendig (delt spindel)<\/li>\n<li>Elektrisk styrt utvendig og innvendig (fast spindel)<\/li>\n<li>Automatisk krok, kroken l\u00e5ses automatisk n\u00e5r d\u00f8ren lukkes<\/li>\n<li>Automatisk tilbaketrekking, krokregelen trekkes tilbake n\u00e5r trykket aktiveres<\/li>\n<li>Autokrok kan sl\u00e5s av og betjenes mekanisk<\/li>\n<\/ul>\n<\/div>\n<\/div>","protected":false},"excerpt":{"rendered":"<h5><a href=\"https:\/\/elslutblecksguiden.se\/\" target=\"_blank\" rel=\"noopener\">Veiledning for ASSA Elektriske l\u00e5ser, motorl\u00e5ser, Elektriske sluttplater og erstatningsguide<\/a><\/h5>","protected":false},"featured_media":139706,"template":"","meta":{"_acf_changed":false},"product_brand":[],"product_cat":[2429],"product_tag":[4863,2967],"class_list":{"0":"post-83957","1":"product","2":"type-product","3":"status-publish","4":"has-post-thumbnail","6":"product_cat-ellas","7":"product_tag-pf","8":"product_tag-rg-assa-abloy","9":"product_shipping_class-tunga-paket","10":"pa_brands-abloy","11":"tm-no-options","13":"first","14":"onbackorder","15":"sale","16":"taxable","17":"shipping-taxable","18":"purchasable","19":"product-type-simple"},"acf":[],"_links":{"self":[{"href":"https:\/\/secureus.se\/no\/wp-json\/wp\/v2\/product\/83957","targetHints":{"allow":["GET"]}}],"collection":[{"href":"https:\/\/secureus.se\/no\/wp-json\/wp\/v2\/product"}],"about":[{"href":"https:\/\/secureus.se\/no\/wp-json\/wp\/v2\/types\/product"}],"wp:featuredmedia":[{"embeddable":true,"href":"https:\/\/secureus.se\/no\/wp-json\/wp\/v2\/media\/139706"}],"wp:attachment":[{"href":"https:\/\/secureus.se\/no\/wp-json\/wp\/v2\/media?parent=83957"}],"wp:term":[{"taxonomy":"product_brand","embeddable":true,"href":"https:\/\/secureus.se\/no\/wp-json\/wp\/v2\/product_brand?post=83957"},{"taxonomy":"product_cat","embeddable":true,"href":"https:\/\/secureus.se\/no\/wp-json\/wp\/v2\/product_cat?post=83957"},{"taxonomy":"product_tag","embeddable":true,"href":"https:\/\/secureus.se\/no\/wp-json\/wp\/v2\/product_tag?post=83957"}],"curies":[{"name":"wp","href":"https:\/\/api.w.org\/{rel}","templated":true}]}}