{"id":83960,"date":"2023-10-05T11:38:23","date_gmt":"2023-10-05T09:38:23","guid":{"rendered":"https:\/\/secureus.se\/?post_type=product&#038;p=83960"},"modified":"2026-03-26T11:36:28","modified_gmt":"2026-03-26T10:36:28","slug":"rokdetektor-optisk-dp721i","status":"publish","type":"product","link":"https:\/\/secureus.se\/no\/rokdetektor-optisk-dp721i\/","title":{"rendered":"Aritech \u2013 R\u00f8ykvarsler Optisk DP721I"},"content":{"rendered":"<p>DP721I er en to-leder optisk r\u00f8ykdetektor med utskiftbart r\u00f8ykkammer beregnet for tilkobling til konvensjonelle sentralenheter.<\/p>\n<p>Detektoren oppfyller kravene i henhold til EN54.<\/p>\n<p>DP721I fungerer etter prinsippet om reflektert lys og det patenterte m\u00e5lekammeret gir sikker deteksjon selv p\u00e5 et tidlig stadium av en brann.<\/p>\n<p>En gang om dagen gjennomf\u00f8res en fullstendig selvtest av elektronikken og m\u00e5lekammeret.<\/p>\n<p>Ved feil lyser en gul LED p\u00e5 detektoren og det trengs ikke noe spesielt testutstyr.<\/p>\n<p>Endringer i detektorens f\u00f8lsomhet for\u00e5rsaket av for eksempel tilsmussing blir automatisk kompensert.<\/p>\n<p>P\u00e5 denne m\u00e5ten opprettholdes f\u00f8lsomheten som opprinnelig ble kalibrert i henhold til spesifikasjonen i EN54, og risikoen for uberettigede alarmer minimeres.<\/p>\n<p>Takket v\u00e6re at m\u00e5lekammeret er enkelt \u00e5 bytte ut, kan service og vedlikehold effektiviseres.<\/p>\n<p>Detektorens status og behov for rengj\u00f8ring kan kontrolleres ved hjelp av den innebygde testfunksjonen.<\/p>\n<p>Egenskaper: Automatisk selvdiagnose.<\/p>\n<p>Test p\u00e5 stedet uten ekstra m\u00e5leutstyr.<\/p>\n<p>Optisk sensor med kammer som kan skiftes p\u00e5 stedet og overlates til gjenvinning (milj\u00f8vennlig).<\/p>\n<p>Separate lysdioder for brann og feil.<\/p>\n<p>Kan mates med 12-24 VDC.<\/p>\n<p>Ikke polaritetssensitiv.<\/p>\n<p>H\u00f8y immunitet mot falske alarmer.<\/p>\n<p>Utgang for skjult detektorindikasjon.<\/p>\n<p>Godkjent i henhold til EN 54 og HLR-sertifisert.<\/p>\n<p>Tekniske data: Spenningsforsyning: 8,5-33 VDC.<\/p>\n<p>Str\u00f8mforbruk: 100 \u00b5A ved 24 VDC, &lt;60 mA ved alarm.<\/p>\n<p>M\u00e5l (\u00d8xH): 100\u00d750 mm.<\/p>\n<p>Vekt: 112 g.<\/p>\n<p>Farge: Hvit (RAL 9001).<\/p>\n<p>Standard: EN54-7.<\/p>","protected":false},"excerpt":{"rendered":"<p>DP721I er en to-leder optisk r\u00f8ykdetektor med utskiftbart r\u00f8ykkammer beregnet for tilkobling til konvensjonelle sentralenheter. Detektoren oppfyller kravene i henhold til EN54. DP721I arbeider etter prinsippet om reflektert lys og det patenterte<\/p>","protected":false},"featured_media":138915,"template":"","meta":{"_acf_changed":false},"product_brand":[],"product_cat":[3373,1756],"product_tag":[],"class_list":{"0":"post-83960","1":"product","2":"type-product","3":"status-publish","4":"has-post-thumbnail","6":"product_cat-rokdetektorer","7":"product_cat-rokdetektorer-kolmonoxid","8":"product_shipping_class-postnord-varubrev","9":"pa_brands-aritech","10":"tm-no-options","12":"first","13":"onbackorder","14":"sale","15":"taxable","16":"shipping-taxable","17":"purchasable","18":"product-type-simple"},"acf":[],"_links":{"self":[{"href":"https:\/\/secureus.se\/no\/wp-json\/wp\/v2\/product\/83960","targetHints":{"allow":["GET"]}}],"collection":[{"href":"https:\/\/secureus.se\/no\/wp-json\/wp\/v2\/product"}],"about":[{"href":"https:\/\/secureus.se\/no\/wp-json\/wp\/v2\/types\/product"}],"wp:featuredmedia":[{"embeddable":true,"href":"https:\/\/secureus.se\/no\/wp-json\/wp\/v2\/media\/138915"}],"wp:attachment":[{"href":"https:\/\/secureus.se\/no\/wp-json\/wp\/v2\/media?parent=83960"}],"wp:term":[{"taxonomy":"product_brand","embeddable":true,"href":"https:\/\/secureus.se\/no\/wp-json\/wp\/v2\/product_brand?post=83960"},{"taxonomy":"product_cat","embeddable":true,"href":"https:\/\/secureus.se\/no\/wp-json\/wp\/v2\/product_cat?post=83960"},{"taxonomy":"product_tag","embeddable":true,"href":"https:\/\/secureus.se\/no\/wp-json\/wp\/v2\/product_tag?post=83960"}],"curies":[{"name":"wp","href":"https:\/\/api.w.org\/{rel}","templated":true}]}}