{"id":84058,"date":"2023-10-11T15:30:51","date_gmt":"2023-10-11T13:30:51","guid":{"rendered":"https:\/\/secureus.se\/produkt\/magicard-md100ymcko-colour-ribbon-100-prints\/"},"modified":"2026-04-08T16:58:00","modified_gmt":"2026-04-08T14:58:00","slug":"magicard-md100ymcko-colour-ribbon-100-prints","status":"publish","type":"product","link":"https:\/\/secureus.se\/no\/magicard-md100ymcko-colour-ribbon-100-prints\/","title":{"rendered":"F\u00e4rgband Magicard &#8211;\n  MD100YMCKO (100 utskrifter)"},"content":{"rendered":"<h1>B\u00e5nd<br \/>\n  Magicard &#8211; MD100YMCKO (100 utskrifter)<\/h1>\n<p>F\u00e4rgband Magicard &#8211; MD100YMCKO (100 utskrifter) \u00e4r ett f\u00e4rgband<br \/>\n  for utskrift av plastkort med skarpe farger, klar tekst og god<br \/>\n  detaljgjengivelse. YMCKO-b\u00e5ndtypen gir den riktige kombinasjonen av fargepaneler og<br \/>\n  Beskyttende overlegg for profesjonell kortutskrift.<\/p>\n<p>Passer for ID-kort, adgangskort, medlemskort og annet<br \/>\n  plastkort der h\u00f8y utskriftskvalitet og p\u00e5litelighet er viktig<br \/>\n  viktig.<\/p>\n<ul>\n<li>Kapacitet: upp till 100 utskrifter<\/li>\n<li>B\u00e5ndtype: YMCKO<\/li>\n<li>Originalt produkt<\/li>\n<li>Artikelnummer: MD100YMCKO<\/li>\n<\/ul>\n<p><strong>Kompatibel med The Magicard MD100YMCKO colour ribbon<br \/>\n  is the endast genuine Magicard colour ribbon compatible with the Pronto 100<br \/>\n  desktop printer. It offers a yield of 100 single-sided printers per ribbon,<br \/>\n  with high-definition quality printers every time.<\/strong><\/p>\n<p><strong>Produktvekt:<\/strong> 0,15 kg<\/p>","protected":false},"excerpt":{"rendered":"<p>Fargeb\u00e5nd \u2013 B\u00e5nd \u2013 Overf\u00f8r p\u00e5 nytt til kortskriver og plastkortskriver<\/p>","protected":false},"featured_media":139985,"template":"","meta":{"_acf_changed":false},"product_brand":[],"product_cat":[3216,4836],"product_tag":[3182,4863,2921,3069],"class_list":{"0":"post-84058","1":"product","2":"type-product","3":"status-publish","4":"has-post-thumbnail","6":"product_cat-magicard-fargband-retransfer","7":"product_cat-magicard-pronto100-ribbons","8":"product_tag-magicard-tillbehor","9":"product_tag-pf","10":"product_tag-ribbon-ymck-farg","11":"product_tag-trade-produkt","12":"product_shipping_class-tunga-paket","13":"pa_brands-magicard","14":"tm-has-options","16":"first","17":"instock","18":"sale","19":"taxable","20":"shipping-taxable","21":"purchasable","22":"product-type-simple"},"acf":[],"_links":{"self":[{"href":"https:\/\/secureus.se\/no\/wp-json\/wp\/v2\/product\/84058","targetHints":{"allow":["GET"]}}],"collection":[{"href":"https:\/\/secureus.se\/no\/wp-json\/wp\/v2\/product"}],"about":[{"href":"https:\/\/secureus.se\/no\/wp-json\/wp\/v2\/types\/product"}],"wp:featuredmedia":[{"embeddable":true,"href":"https:\/\/secureus.se\/no\/wp-json\/wp\/v2\/media\/139985"}],"wp:attachment":[{"href":"https:\/\/secureus.se\/no\/wp-json\/wp\/v2\/media?parent=84058"}],"wp:term":[{"taxonomy":"product_brand","embeddable":true,"href":"https:\/\/secureus.se\/no\/wp-json\/wp\/v2\/product_brand?post=84058"},{"taxonomy":"product_cat","embeddable":true,"href":"https:\/\/secureus.se\/no\/wp-json\/wp\/v2\/product_cat?post=84058"},{"taxonomy":"product_tag","embeddable":true,"href":"https:\/\/secureus.se\/no\/wp-json\/wp\/v2\/product_tag?post=84058"}],"curies":[{"name":"wp","href":"https:\/\/api.w.org\/{rel}","templated":true}]}}