{"id":84575,"date":"2022-11-18T13:06:47","date_gmt":"2022-11-18T12:06:47","guid":{"rendered":"https:\/\/secureus.se\/produkt\/rfid-tag-pvc-kombi-em4200-mifare1k-stnd-nr-2\/"},"modified":"2026-04-02T15:44:53","modified_gmt":"2026-04-02T13:44:53","slug":"rfid-tag-pvc-kombi-em4200-mifare1k-stnd-nr-2","status":"publish","type":"product","link":"https:\/\/secureus.se\/no\/rfid-tag-pvc-kombi-em4200-mifare1k-stnd-nr-2\/","title":{"rendered":"RFID Tag PVC Combi EM4200\/Mifare1k Stnd"},"content":{"rendered":"<p><strong>Her har du en brikke med standardnummer inngravert p\u00e5 brikken for f\u00f8lgende systemer.<\/strong>For EM4200: RCO Security (R), , Axema VAKA (V), Bewator\/Vanderbilt (B), ASSA ARX (S) )For Mifare: RCO (MFR), Axema VAKA (MFV), ASSA, Aptus, Bewator, Axema , Axema VAKA, Vanderbilt og andre (MFD)<\/p>\n<p><strong>Design Tag - Lag din unike stil<\/strong>Oppdag v\u00e5r tynneste RFID-brikke, Design Tag, som bare er 1,5 mm tynn. Den er laget av et h\u00f8yglans PVC-materiale som gir en utrolig stilig finish og et elegant preg til applikasjonene dine.<\/p>\n<p><strong>Lag din personlige profil<\/strong>Design Tagg er perfekt for \u00e5 komplementere hverdagen din, men den gir ogs\u00e5 muligheter til \u00e5 profilere din bedrift. Legg til telefonnummeret ditt, slagordet eller promoter spesielle begivenheter med datoer og \u00e5pningstider. Bare fantasien setter grenser for hvordan du kan bruke den.<\/p>\n<p><strong>H\u00f8ykvalitets produksjon i stil med bankkort<\/strong>Vi produserer Design Tag ved \u00e5 bruke samme teknologi som brukes for bank- og kredittkort. Dette betyr at den er laget av PVC-materiale og kan trykkes med hvilken som helst design du \u00f8nsker. Deretter legges et beskyttende plastlag p\u00e5 toppen av trykket for \u00e5 sikre kvaliteten og funksjonaliteten.<\/p>\n<p><strong>Produksjonstid: Ca 3 uker<\/strong>V\u00e6r oppmerksom p\u00e5 at p\u00e5 grunn av den unike produksjonsprosessen for hver kunde, kan ikke v\u00e5r &quot;PVC \/ Design&quot; RFID-tag sendes raskt. Vi \u00f8nsker \u00e5 tilby deg det best mulige produktet og derfor tar det ca 3 uker \u00e5 produsere din egendefinerte tag.<\/p>\n<p><strong>Inkludert i prisen: Tilpasning og gravering<\/strong>N\u00e5r du velger Design Tagg kan du regne med en komplett tilpasning til dine behov. Send oss ditt bilde, logo eller tekst, s\u00e5 lager vi en digital pr\u00f8ve for godkjenning. Vi vil ogs\u00e5 gravere dine systemnumre for tilgangssystemer, alarmer eller serienummer helt etter dine \u00f8nsker - alt er inkludert i prisen.<\/p>\n<p><strong>Originalbrikke av h\u00f8y kvalitet for p\u00e5litelighet og sikkerhet<\/strong>For \u00e5 sikre p\u00e5litelighet og sikkerhet, er v\u00e5r &quot;Design \/ PVC&quot; RFID-tag utstyrt med originalbrikke av h\u00f8yeste kvalitet. Vi velger kun originale brikker fra anerkjente produsenter for \u00e5 oppfylle de h\u00f8yeste standardene. Med v\u00e5re RFID-brikker kan du v\u00e6re sikker p\u00e5 at du f\u00e5r et produkt som tilbyr p\u00e5litelig og effektiv ytelse. Vi streber alltid etter \u00e5 tilby den beste teknologien og kompatibiliteten for \u00e5 sikre at v\u00e5re RFID-brikker fungerer sikkert og tilfredsstiller dine behov p\u00e5 lang sikt.<\/p>","protected":false},"excerpt":{"rendered":"<p>Du kan gi denne taggen ditt eget unike design hvis du kj\u00f8per mer enn 500 tagger<\/p>","protected":false},"featured_media":142479,"template":"","meta":{"_acf_changed":false},"product_brand":[],"product_cat":[4786,1324,4534],"product_tag":[2642,2958],"class_list":{"0":"post-84575","1":"product","2":"type-product","3":"status-publish","4":"has-post-thumbnail","6":"product_cat-mifare1kem4200-tagg","7":"product_cat-outlet","8":"product_cat-pvc","9":"product_tag-500-moq-design-pvc","10":"product_tag-stonehouse-produkt","11":"product_shipping_class-postnord-varubrev","12":"pa_brands-stonehouse-security","13":"pa_chip-teknik-kombi-em4200mifare1k","14":"pa_farg-svart","15":"tm-no-options","17":"first","18":"instock","19":"sale","20":"featured","21":"taxable","22":"shipping-taxable","23":"purchasable","24":"product-type-simple"},"acf":[],"_links":{"self":[{"href":"https:\/\/secureus.se\/no\/wp-json\/wp\/v2\/product\/84575","targetHints":{"allow":["GET"]}}],"collection":[{"href":"https:\/\/secureus.se\/no\/wp-json\/wp\/v2\/product"}],"about":[{"href":"https:\/\/secureus.se\/no\/wp-json\/wp\/v2\/types\/product"}],"wp:featuredmedia":[{"embeddable":true,"href":"https:\/\/secureus.se\/no\/wp-json\/wp\/v2\/media\/142479"}],"wp:attachment":[{"href":"https:\/\/secureus.se\/no\/wp-json\/wp\/v2\/media?parent=84575"}],"wp:term":[{"taxonomy":"product_brand","embeddable":true,"href":"https:\/\/secureus.se\/no\/wp-json\/wp\/v2\/product_brand?post=84575"},{"taxonomy":"product_cat","embeddable":true,"href":"https:\/\/secureus.se\/no\/wp-json\/wp\/v2\/product_cat?post=84575"},{"taxonomy":"product_tag","embeddable":true,"href":"https:\/\/secureus.se\/no\/wp-json\/wp\/v2\/product_tag?post=84575"}],"curies":[{"name":"wp","href":"https:\/\/api.w.org\/{rel}","templated":true}]}}