{"id":84844,"date":"2023-10-23T14:30:19","date_gmt":"2023-10-23T12:30:19","guid":{"rendered":"https:\/\/secureus.se\/produkt\/armbagsbrytare-jck205-plast\/"},"modified":"2026-04-07T12:55:49","modified_gmt":"2026-04-07T10:55:49","slug":"armbagskontakt-jck205-plast","status":"publish","type":"product","link":"https:\/\/secureus.se\/no\/armbagskontakt-jck205-plast\/","title":{"rendered":"Albuekobling \u2013 ABS-plast \u2013 JCK205"},"content":{"rendered":"<h1 class=\"product_title entry-title elementor-heading-title elementor-size-default\">Albuekobling \u2013 ABS-plast \u2013 JCK205<\/h1>\n<p>Robust modell i ABS-plast med konveks trykkplate og taktile riller som standard.<\/p>\n<p>Sporene gj\u00f8r det lettere for synshemmede \u00e5 vite hvor de skal trykke for \u00e5 aktivere albuebryteren.<\/p>\n<p>Modellen har aluminiumsfarget lokk og m\u00f8rkegr\u00e5 bunn.<\/p>\n<p>JCK205 leveres med 1 mikrobryter i IP67, men kan ogs\u00e5 bestilles med flere.<\/p>\n<section>\n<h3>Teknisk spesifikasjon<\/h3>\n<ul>\n<li>Laget i Sverige.<\/li>\n<li>Materiale: Resirkulerbar ABS-plast.<\/li>\n<li>M\u00e5l l\/b\/h: 250x95x25 mm.<\/li>\n<li>Mikrobryter: Standard 1 stk NO IP67. Kan bestilles med 2, samt med NO\/NC.<\/li>\n<\/ul>\n<\/section>","protected":false},"excerpt":{"rendered":"<p>Plast albuekobling med konveks trykkplate og taktile riller.<\/p>\n<p>Aluminiumsfarget trykkplate og m\u00f8rkegr\u00e5 ramme.<\/p>","protected":false},"featured_media":139952,"template":"","meta":{"_acf_changed":false},"product_brand":[],"product_cat":[4705,1422],"product_tag":[2989],"class_list":{"0":"post-84844","1":"product","2":"type-product","3":"status-publish","4":"has-post-thumbnail","6":"product_cat-abs-plast","7":"product_cat-armbagskontakter-dorrautomatik","8":"product_tag-egen-logo-ej-taggar-kort","9":"product_shipping_class-postnord-varubrev","10":"pa_brands-jc-kontakter","11":"tm-has-options","13":"first","14":"instock","15":"sale","16":"featured","17":"taxable","18":"shipping-taxable","19":"purchasable","20":"product-type-simple"},"acf":[],"_links":{"self":[{"href":"https:\/\/secureus.se\/no\/wp-json\/wp\/v2\/product\/84844","targetHints":{"allow":["GET"]}}],"collection":[{"href":"https:\/\/secureus.se\/no\/wp-json\/wp\/v2\/product"}],"about":[{"href":"https:\/\/secureus.se\/no\/wp-json\/wp\/v2\/types\/product"}],"wp:featuredmedia":[{"embeddable":true,"href":"https:\/\/secureus.se\/no\/wp-json\/wp\/v2\/media\/139952"}],"wp:attachment":[{"href":"https:\/\/secureus.se\/no\/wp-json\/wp\/v2\/media?parent=84844"}],"wp:term":[{"taxonomy":"product_brand","embeddable":true,"href":"https:\/\/secureus.se\/no\/wp-json\/wp\/v2\/product_brand?post=84844"},{"taxonomy":"product_cat","embeddable":true,"href":"https:\/\/secureus.se\/no\/wp-json\/wp\/v2\/product_cat?post=84844"},{"taxonomy":"product_tag","embeddable":true,"href":"https:\/\/secureus.se\/no\/wp-json\/wp\/v2\/product_tag?post=84844"}],"curies":[{"name":"wp","href":"https:\/\/api.w.org\/{rel}","templated":true}]}}