{"id":84860,"date":"2023-01-04T17:29:24","date_gmt":"2023-01-04T16:29:24","guid":{"rendered":"https:\/\/secureus.se\/produkt\/optex-pir-mw-cdx-dam-kombi-15x15-meter-antimask-sbsc-klass-3\/"},"modified":"2026-04-01T13:25:55","modified_gmt":"2026-04-01T11:25:55","slug":"optex-cdx-dam-pir-mikrovagsdetektor","status":"publish","type":"product","link":"https:\/\/secureus.se\/no\/optex-cdx-dam-pir-mikrovagsdetektor\/","title":{"rendered":"Optex CDX-DAM-X5 PIR\/Mikrob\u00f8lgedetektor 15 meter Antimaske"},"content":{"rendered":"<h1>Optex CDX-DAM PIR\/mikrob\u00f8lgedetektor er en f\u00f8rsteklasses sikkerhetsl\u00f8sning for omr\u00e5der der h\u00f8y p\u00e5litelighet er avgj\u00f8rende.<\/h1>\n<p>Den kombinerer passiv infrar\u00f8d (PIR) og mikrob\u00f8lgeteknologi for \u00e5 gi n\u00f8yaktig og rask bevegelsesdeteksjon.<\/p>\n<p>En av de mest fremragende funksjonene er den aktive IR-antimaskeringen, som beskytter detektoren mot fors\u00f8k p\u00e5 \u00e5 maskere eller manipulere signalene, noe som gj\u00f8r den til et ideelt valg for h\u00f8ysikkerhetsanlegg.<\/p>\n<p>Med et deteksjonsomr\u00e5de p\u00e5 opptil 15 x 15 meter for bred str\u00e5le og 24 x 2 meter for lang str\u00e5le, dekker den et bredt omr\u00e5de.<\/p>\n<p>Takket v\u00e6re den roterbare linsen kan deteksjonsomr\u00e5det justeres for \u00e5 passe ulike installasjonsbehov. N\u00e5r du bruker langstr\u00e5lefunksjonen, kobles mikrob\u00f8lgeelementet fra for \u00e5 maksimere n\u00f8yaktigheten.<\/p>\n<p>CDX-DAM er ogs\u00e5 utstyrt med en dobbeltledende skjerm som beskytter mot interferens for\u00e5rsaket av sterkt lys eller RF-interferens, og sikrer stabil og p\u00e5litelig deteksjon i hele overv\u00e5kingsomr\u00e5det.<\/p>\n<p>Den er ogs\u00e5 utstyrt med en nyutviklet digital signalprosessor, som gj\u00f8r deteksjon og analyse mer n\u00f8yaktig.<\/p>\n<p>For installasjon er det mulig \u00e5 bruke EOL-motstander (End of Line) for enkelt \u00e5 koble detektoren til forskjellige alarmsystemer.<\/p>\n<p>Detektoren er ogs\u00e5 utstyrt med sabotasjeutgang og kan raskt identifisere om noen pr\u00f8ver \u00e5 tukle med enheten.<\/p>\n<p>Akrylnitril-plastdesignen gj\u00f8r den motstandsdyktig mot UV-lys, og holder detektoren hvit og ser bra ut i lang tid.<\/p>\n<p><strong>Tekniske spesifikasjoner:<\/strong><\/p>\n<ul>\n<li><strong>Deteksjonsomr\u00e5de:<\/strong> 15 x 15 m bred bjelke, 24 x 2 m lang bjelke<\/li>\n<li><strong>Deteksjonsteknologi:<\/strong> PIR og mikrob\u00f8lgeovn<\/li>\n<li><strong>Temperaturspenn:<\/strong> -10\u00b0C til +50\u00b0C<\/li>\n<li><strong>Str\u00f8mforsyning:<\/strong> 9-18 V DC<\/li>\n<li><strong>Str\u00f8mforbruk:<\/strong> 19-26mA<\/li>\n<li><strong>Alarmutgang:<\/strong> NC 28 V DC 0,2 A maks<\/li>\n<li><strong>Sabotasjeutgang:<\/strong> NC 28 V DC 0,1 A maks<\/li>\n<li><strong>Beskyttelses klasse:<\/strong> IP30<\/li>\n<li><strong>M\u00e5le:<\/strong> 140 x 70 x 52,3 mm<\/li>\n<li><strong>Vekt:<\/strong> 180 g<\/li>\n<li><strong>Montering:<\/strong> Vegg- eller takmontering, h\u00f8yde 2-3 m<\/li>\n<\/ul>","protected":false},"excerpt":{"rendered":"<p>Optex CDX-DAM er en avansert PIR\/mikrob\u00f8lgedetektor med aktiv IR-antimaskering, designet for h\u00f8ysikkerhetsmilj\u00f8er og godkjent i henhold til SBSC Alarm Class 3.<\/p>\n<p>Den tilbyr fleksibel deteksjon med justerbar rekkevidde og kombinerer PIR- og mikrob\u00f8lgeteknologi for \u00e5 minimere falske alarmer.<\/p>","protected":false},"featured_media":141281,"template":"","meta":{"_acf_changed":false},"product_brand":[],"product_cat":[1325],"product_tag":[2146,3067],"class_list":{"0":"post-84860","1":"product","2":"type-product","3":"status-publish","4":"has-post-thumbnail","6":"product_cat-larmgivare-skalskydd","7":"product_tag-rorelsedetektor-kombidetektorer","8":"product_tag-optex-cdx-outlet","9":"product_shipping_class-postnord-varubrev","10":"pa_brands-optex","11":"tm-no-options","13":"first","14":"instock","15":"sale","16":"featured","17":"taxable","18":"shipping-taxable","19":"purchasable","20":"product-type-simple"},"acf":[],"_links":{"self":[{"href":"https:\/\/secureus.se\/no\/wp-json\/wp\/v2\/product\/84860","targetHints":{"allow":["GET"]}}],"collection":[{"href":"https:\/\/secureus.se\/no\/wp-json\/wp\/v2\/product"}],"about":[{"href":"https:\/\/secureus.se\/no\/wp-json\/wp\/v2\/types\/product"}],"wp:featuredmedia":[{"embeddable":true,"href":"https:\/\/secureus.se\/no\/wp-json\/wp\/v2\/media\/141281"}],"wp:attachment":[{"href":"https:\/\/secureus.se\/no\/wp-json\/wp\/v2\/media?parent=84860"}],"wp:term":[{"taxonomy":"product_brand","embeddable":true,"href":"https:\/\/secureus.se\/no\/wp-json\/wp\/v2\/product_brand?post=84860"},{"taxonomy":"product_cat","embeddable":true,"href":"https:\/\/secureus.se\/no\/wp-json\/wp\/v2\/product_cat?post=84860"},{"taxonomy":"product_tag","embeddable":true,"href":"https:\/\/secureus.se\/no\/wp-json\/wp\/v2\/product_tag?post=84860"}],"curies":[{"name":"wp","href":"https:\/\/api.w.org\/{rel}","templated":true}]}}