{"id":85061,"date":"2022-06-28T13:04:43","date_gmt":"2022-06-28T11:04:43","guid":{"rendered":"https:\/\/secureus.se\/produkt\/akust-glaskrossdet-ad800-am\/"},"modified":"2026-03-26T12:02:05","modified_gmt":"2026-03-26T11:02:05","slug":"akust-glaskrossdet-ad800-am","status":"publish","type":"product","link":"https:\/\/secureus.se\/no\/akust-glaskrossdet-ad800-am\/","title":{"rendered":"Akustisk Glassknuser Ad800-Am"},"content":{"rendered":"<p>Akustisk glassbryterdetektor med avansert Anti-Mask funksjon. Detektoren overv\u00e5ker ett eller flere vinduer eller glasspartier innenfor et overv\u00e5kingsomr\u00e5de opp til 9m og 165\u00b0. Ulike niv\u00e5er av f\u00f8lsomhet og vindustyper stilles inn via dip-brytere. H\u00e5ndterer laminert glass. Dobbel Anti-Mask funksjon som reagerer mot \u00e5 dekke til mikrofonen og detektoren. Alarmklasse 4 (grad 3). Bruk gjerne Testenheten ADT700 (Enr. 6332552) for \u00e5 hjelpe med installasjon og service av detektoren. Type melding: Akustisk glassbruddindikator, Overv\u00e5kingsradius: 9 m, VdS-klasse: B, Farge: Hvit<\/p>","protected":false},"excerpt":{"rendered":"<p>Akustisk glassbryterdetektor med avansert Anti-Mask funksjon. Detektoren overv\u00e5ker ett eller flere vinduer eller glasspartier innenfor et overv\u00e5kingsomr\u00e5de opp til 9m og 165\u00b0. Ulike niv\u00e5er av f\u00f8lsomhet og vindustyper stilles inn via dip-brytere.<\/p>","protected":false},"featured_media":142920,"template":"","meta":{"_acf_changed":false},"product_brand":[],"product_cat":[3085],"product_tag":[2279,2418],"class_list":{"0":"post-85061","1":"product","2":"type-product","3":"status-publish","4":"has-post-thumbnail","6":"product_cat-vibationsdetektorer-glaskrossdetektorer","7":"product_tag-glaskross-akustisk","8":"product_tag-rel-larmgivare","9":"product_shipping_class-postnord-varubrev","10":"pa_brands-alarmtech","11":"pa_farg-vit","12":"tm-no-options","14":"first","15":"instock","16":"sale","17":"featured","18":"taxable","19":"shipping-taxable","20":"purchasable","21":"product-type-simple"},"acf":[],"_links":{"self":[{"href":"https:\/\/secureus.se\/no\/wp-json\/wp\/v2\/product\/85061","targetHints":{"allow":["GET"]}}],"collection":[{"href":"https:\/\/secureus.se\/no\/wp-json\/wp\/v2\/product"}],"about":[{"href":"https:\/\/secureus.se\/no\/wp-json\/wp\/v2\/types\/product"}],"wp:featuredmedia":[{"embeddable":true,"href":"https:\/\/secureus.se\/no\/wp-json\/wp\/v2\/media\/142920"}],"wp:attachment":[{"href":"https:\/\/secureus.se\/no\/wp-json\/wp\/v2\/media?parent=85061"}],"wp:term":[{"taxonomy":"product_brand","embeddable":true,"href":"https:\/\/secureus.se\/no\/wp-json\/wp\/v2\/product_brand?post=85061"},{"taxonomy":"product_cat","embeddable":true,"href":"https:\/\/secureus.se\/no\/wp-json\/wp\/v2\/product_cat?post=85061"},{"taxonomy":"product_tag","embeddable":true,"href":"https:\/\/secureus.se\/no\/wp-json\/wp\/v2\/product_tag?post=85061"}],"curies":[{"name":"wp","href":"https:\/\/api.w.org\/{rel}","templated":true}]}}