{"id":85062,"date":"2022-06-28T13:04:43","date_gmt":"2022-06-28T11:04:43","guid":{"rendered":"https:\/\/secureus.se\/produkt\/analysator-iu-400\/"},"modified":"2026-02-20T12:09:55","modified_gmt":"2026-02-20T11:09:55","slug":"analysator-iu-400","status":"publish","type":"product","link":"https:\/\/secureus.se\/no\/analysator-iu-400\/","title":{"rendered":"Analysator IU 400"},"content":{"rendered":"<p>Analysatorenhet for GD 475 knust glassdetektorer som til sammen er godkjent etter EN klasse\/grad 3. Det er 3 releer i analysatoren; alarm, feil og \u00e5pningsbeskyttelse\/avbrudd. Maksimalt 20 detektorer kan kobles til en IU 400, 10 detektorer anbefales. IU 400 overv\u00e5ker spenningen p\u00e5 sl\u00f8yfen og signaliserer Feil hvis sl\u00f8yfespenningen endres. Sl\u00f8yfespenningen &quot;programmeres&quot; (bestemmes) n\u00e5r anlegget settes i drift.<\/p>","protected":false},"excerpt":{"rendered":"<p>Analysatorenhet for GD 475 knust glassdetektorer som til sammen er godkjent etter EN klasse\/grad 3. Det er 3 releer i analysatoren; alarm, feil og \u00e5pningsbeskyttelse\/avbrudd. Maksimalt 20 detektorer kan kobles til \u00e9n IU<\/p>","protected":false},"featured_media":143294,"template":"","meta":{"_acf_changed":false},"product_brand":[],"product_cat":[3085],"product_tag":[2278],"class_list":{"0":"post-85062","1":"product","2":"type-product","3":"status-publish","4":"has-post-thumbnail","6":"product_cat-vibationsdetektorer-glaskrossdetektorer","7":"product_tag-glaskross-aterstallningsenheter-analysator","8":"product_shipping_class-postnord-varubrev","9":"pa_brands-alarmtech","10":"pa_farg-vit","11":"tm-no-options","13":"first","14":"instock","15":"sale","16":"featured","17":"taxable","18":"shipping-taxable","19":"purchasable","20":"product-type-simple"},"acf":[],"_links":{"self":[{"href":"https:\/\/secureus.se\/no\/wp-json\/wp\/v2\/product\/85062","targetHints":{"allow":["GET"]}}],"collection":[{"href":"https:\/\/secureus.se\/no\/wp-json\/wp\/v2\/product"}],"about":[{"href":"https:\/\/secureus.se\/no\/wp-json\/wp\/v2\/types\/product"}],"wp:featuredmedia":[{"embeddable":true,"href":"https:\/\/secureus.se\/no\/wp-json\/wp\/v2\/media\/143294"}],"wp:attachment":[{"href":"https:\/\/secureus.se\/no\/wp-json\/wp\/v2\/media?parent=85062"}],"wp:term":[{"taxonomy":"product_brand","embeddable":true,"href":"https:\/\/secureus.se\/no\/wp-json\/wp\/v2\/product_brand?post=85062"},{"taxonomy":"product_cat","embeddable":true,"href":"https:\/\/secureus.se\/no\/wp-json\/wp\/v2\/product_cat?post=85062"},{"taxonomy":"product_tag","embeddable":true,"href":"https:\/\/secureus.se\/no\/wp-json\/wp\/v2\/product_tag?post=85062"}],"curies":[{"name":"wp","href":"https:\/\/api.w.org\/{rel}","templated":true}]}}