{"id":85063,"date":"2022-06-28T13:04:43","date_gmt":"2022-06-28T11:04:43","guid":{"rendered":"https:\/\/secureus.se\/produkt\/limsats-gdk-100\/"},"modified":"2026-04-08T16:40:41","modified_gmt":"2026-04-08T14:40:41","slug":"limsats-gdk-100","status":"publish","type":"product","link":"https:\/\/secureus.se\/no\/limsats-gdk-100\/","title":{"rendered":"Limsett Gdk 100"},"content":{"rendered":"<p>Settet inneholder rengj\u00f8ringsmiddel, pusseklut, herder og lim. Limet er f\u00f8lsomt for solens UV-str\u00e5ler, temperatur og fuktighet. Oppbevar den derfor kaldt i kj\u00f8leskapet for ekstra holdbarhet (mellom 8-28 grader C if\u00f8lge produsenten). Limet er Loctite 326 som aktiveres med Activator Loctite 7649. Se sikkerhetsdatablad f\u00f8r bruk.<\/p>","protected":false},"excerpt":{"rendered":"<p>Settet inneholder rengj\u00f8ringsmiddel, skureklut, herder og lim. Limet er f\u00f8lsomt for solens UV-str\u00e5ler, temperatur og fuktighet. Oppbevar den derfor kaldt i kj\u00f8leskapet for ekstra holdbarhet (mellom 8-28 grader<\/p>","protected":false},"featured_media":143037,"template":"","meta":{"_acf_changed":false},"product_brand":[],"product_cat":[3085],"product_tag":[2281],"class_list":{"0":"post-85063","1":"product","2":"type-product","3":"status-publish","4":"has-post-thumbnail","6":"product_cat-vibationsdetektorer-glaskrossdetektorer","7":"product_tag-glaskross-lim-tillbehor","8":"product_shipping_class-postnord-varubrev","9":"pa_brands-alarmtech","10":"pa_farg-gra","11":"tm-no-options","13":"first","14":"outofstock","15":"sale","16":"featured","17":"taxable","18":"shipping-taxable","19":"purchasable","20":"product-type-simple"},"acf":[],"_links":{"self":[{"href":"https:\/\/secureus.se\/no\/wp-json\/wp\/v2\/product\/85063","targetHints":{"allow":["GET"]}}],"collection":[{"href":"https:\/\/secureus.se\/no\/wp-json\/wp\/v2\/product"}],"about":[{"href":"https:\/\/secureus.se\/no\/wp-json\/wp\/v2\/types\/product"}],"wp:featuredmedia":[{"embeddable":true,"href":"https:\/\/secureus.se\/no\/wp-json\/wp\/v2\/media\/143037"}],"wp:attachment":[{"href":"https:\/\/secureus.se\/no\/wp-json\/wp\/v2\/media?parent=85063"}],"wp:term":[{"taxonomy":"product_brand","embeddable":true,"href":"https:\/\/secureus.se\/no\/wp-json\/wp\/v2\/product_brand?post=85063"},{"taxonomy":"product_cat","embeddable":true,"href":"https:\/\/secureus.se\/no\/wp-json\/wp\/v2\/product_cat?post=85063"},{"taxonomy":"product_tag","embeddable":true,"href":"https:\/\/secureus.se\/no\/wp-json\/wp\/v2\/product_tag?post=85063"}],"curies":[{"name":"wp","href":"https:\/\/api.w.org\/{rel}","templated":true}]}}