{"id":85711,"date":"2023-09-14T16:19:13","date_gmt":"2023-09-14T14:19:13","guid":{"rendered":"https:\/\/secureus.se\/produkt\/nodoppnare-typ-p-t\/"},"modified":"2025-12-31T20:51:53","modified_gmt":"2025-12-31T19:51:53","slug":"nodoppnare-typ-p-t","status":"publish","type":"product","link":"https:\/\/secureus.se\/no\/nodoppnare-typ-p-t\/","title":{"rendered":"N\u00f8d\u00e5pner Type P + T"},"content":{"rendered":"<p><strong>Passer til f\u00f8lgende l\u00e5styper:<\/strong><\/p>\n<p>Assa 565, 1565.<br \/>\nAssa Connect 222.<br \/>\nSafetron 6200 og 6600, det skal oppgis at det er til 6200 eller 6600 ved bestilling.<br \/>\nTrinn 550 motorl\u00e5s, m\u00e5 opplyse om at det er til denne l\u00e5sen ved bestilling.<\/p>","protected":false},"excerpt":{"rendered":"<p>Passer til f\u00f8lgende l\u00e5styper: Assa 565, 1565. Assa connect 222. Safetron 6200 og 6600, det skal oppgis at det er til 6200 eller 6600 ved bestilling. Trinn 550 motorl\u00e5s, m\u00e5 opplyse om det<\/p>","protected":false},"featured_media":140079,"template":"","meta":{"_acf_changed":false},"product_brand":[],"product_cat":[1560,4182],"product_tag":[2352],"class_list":{"0":"post-85711","1":"product","2":"type-product","3":"status-publish","4":"has-post-thumbnail","6":"product_cat-branddorrstangning","7":"product_cat-nodoppnare","8":"product_tag-soderhamn","9":"product_shipping_class-tunga-paket","10":"pa_brands-soderhamn-innovation","11":"tm-no-options","13":"first","14":"instock","15":"sale","16":"taxable","17":"shipping-taxable","18":"purchasable","19":"product-type-simple"},"acf":[],"_links":{"self":[{"href":"https:\/\/secureus.se\/no\/wp-json\/wp\/v2\/product\/85711","targetHints":{"allow":["GET"]}}],"collection":[{"href":"https:\/\/secureus.se\/no\/wp-json\/wp\/v2\/product"}],"about":[{"href":"https:\/\/secureus.se\/no\/wp-json\/wp\/v2\/types\/product"}],"wp:featuredmedia":[{"embeddable":true,"href":"https:\/\/secureus.se\/no\/wp-json\/wp\/v2\/media\/140079"}],"wp:attachment":[{"href":"https:\/\/secureus.se\/no\/wp-json\/wp\/v2\/media?parent=85711"}],"wp:term":[{"taxonomy":"product_brand","embeddable":true,"href":"https:\/\/secureus.se\/no\/wp-json\/wp\/v2\/product_brand?post=85711"},{"taxonomy":"product_cat","embeddable":true,"href":"https:\/\/secureus.se\/no\/wp-json\/wp\/v2\/product_cat?post=85711"},{"taxonomy":"product_tag","embeddable":true,"href":"https:\/\/secureus.se\/no\/wp-json\/wp\/v2\/product_tag?post=85711"}],"curies":[{"name":"wp","href":"https:\/\/api.w.org\/{rel}","templated":true}]}}