{"id":85734,"date":"2023-09-05T17:13:16","date_gmt":"2023-09-05T15:13:16","guid":{"rendered":"https:\/\/secureus.se\/produkt\/rokdetektor-2351e\/"},"modified":"2026-04-01T14:40:40","modified_gmt":"2026-04-01T12:40:40","slug":"rokdetektor-2351e","status":"publish","type":"product","link":"https:\/\/secureus.se\/no\/rokdetektor-2351e\/","title":{"rendered":"R\u00f8ykvarsler 2351E \u2013 Systemsensor"},"content":{"rendered":"<p>2351E r\u00f8ykvarsleren er en del av Series 300 konvensjonelle r\u00f8ykdetektorer som bruker den nyeste teknologien for \u00e5 tilby p\u00e5litelig og effektiv brannbeskyttelsesteknologi. Med avanserte funksjoner som automatisk driftkompensasjon og justerbar f\u00f8lsomhet er 2351E designet for \u00e5 minimere falske alarmer og forlenge serviceintervaller. Den har et lavt str\u00f8mforbruk og er kompatibel med serie 100 basisinstallasjoner, noe som gj\u00f8r det enkelt \u00e5 oppgradere og vedlikeholde i eksisterende systemer.<\/p>\n<p>Med sin tosidige tofargede LED viser den statusen til detektoren \u2013 gr\u00f8nn for normal drift og r\u00f8d for alarm. Den kan brukes med forskjellige baser for \u00e5 gi applikasjonsfleksibilitet og er ideell for steder der sikkerhet og p\u00e5litelighet er kritisk.<\/p>\n<p><strong>Egenskaper:<\/strong><\/p>\n<ul>\n<li>Lav profil design<\/li>\n<li>Str\u00f8mforbruk: 120 \u00b5A (50 mA ved alarm)<\/li>\n<li>Dekningsomr\u00e5de: 102 x 32,5 mm<\/li>\n<li>Temperaturomr\u00e5de: -30\u00b0C til +70\u00b0C<\/li>\n<li>Kompatibel med serie 100 basisinstallasjoner<\/li>\n<li>Sertifisert i henhold til EN54-7<\/li>\n<\/ul>\n<p><strong>Kompatible basismodeller:<\/strong><\/p>\n<ul>\n<li>B401 standard base<\/li>\n<li>B401R motstandsbase<\/li>\n<li>B401DG dyp bass<\/li>\n<\/ul>\n<p>Denne r\u00f8ykvarsleren egner seg b\u00e5de for nye installasjoner og oppgraderinger i eksisterende systemer og er designet for \u00e5 m\u00f8te kravene til SBF110.<\/p>","protected":false},"excerpt":{"rendered":"<p>R\u00f8ykvarsler 2351E er en konvensjonell optisk r\u00f8ykvarsler med moderne design, ideell for installasjon i b\u00e5de kommersielle og industrielle milj\u00f8er. Den tilbyr h\u00f8y p\u00e5litelighet og er utstyrt med tosidige LED-er for tydelig statusindikasjon. Oppfyller kravene til SBF110 og er CPD-sertifisert i henhold til EN54-7.<\/p>","protected":false},"featured_media":140510,"template":"","meta":{"_acf_changed":false},"product_brand":[],"product_cat":[4754,3373],"product_tag":[2959],"class_list":{"0":"post-85734","1":"product","2":"type-product","3":"status-publish","4":"has-post-thumbnail","6":"product_cat-system-sensor-300-serien","7":"product_cat-rokdetektorer","8":"product_tag-certifierad-en54","9":"product_shipping_class-postnord-varubrev","10":"pa_brands-system-sensor","11":"tm-no-options","13":"first","14":"instock","15":"sale","16":"featured","17":"taxable","18":"shipping-taxable","19":"purchasable","20":"product-type-simple"},"acf":[],"_links":{"self":[{"href":"https:\/\/secureus.se\/no\/wp-json\/wp\/v2\/product\/85734","targetHints":{"allow":["GET"]}}],"collection":[{"href":"https:\/\/secureus.se\/no\/wp-json\/wp\/v2\/product"}],"about":[{"href":"https:\/\/secureus.se\/no\/wp-json\/wp\/v2\/types\/product"}],"wp:featuredmedia":[{"embeddable":true,"href":"https:\/\/secureus.se\/no\/wp-json\/wp\/v2\/media\/140510"}],"wp:attachment":[{"href":"https:\/\/secureus.se\/no\/wp-json\/wp\/v2\/media?parent=85734"}],"wp:term":[{"taxonomy":"product_brand","embeddable":true,"href":"https:\/\/secureus.se\/no\/wp-json\/wp\/v2\/product_brand?post=85734"},{"taxonomy":"product_cat","embeddable":true,"href":"https:\/\/secureus.se\/no\/wp-json\/wp\/v2\/product_cat?post=85734"},{"taxonomy":"product_tag","embeddable":true,"href":"https:\/\/secureus.se\/no\/wp-json\/wp\/v2\/product_tag?post=85734"}],"curies":[{"name":"wp","href":"https:\/\/api.w.org\/{rel}","templated":true}]}}