{"id":86497,"date":"2023-09-27T18:04:24","date_gmt":"2023-09-27T16:04:24","guid":{"rendered":"https:\/\/secureus.se\/produkt\/motorlas-810s-50-z-sats\/"},"modified":"2025-10-21T11:57:27","modified_gmt":"2025-10-21T09:57:27","slug":"motorlas-810s-50-z-sats","status":"publish","type":"product","link":"https:\/\/secureus.se\/no\/motorlas-810s-50-z-sats\/","title":{"rendered":"Motorl\u00e5s 810S-50 Z Kit"},"content":{"rendered":"<p><b>Beskrivelse:<br \/>\n<\/b><br \/>\nASSA ABLOY Evolution 810S-50 er en motorl\u00e5s tilpasset d\u00f8rer med Assas modul\u00e6re utsparing. Egnet som natt- og sikkerhetsl\u00e5sing i d\u00f8rer med h\u00f8ye sikkerhetskrav innen handel, kontor og industri.<\/p>\n<div>\n<p><b>Tilbeh\u00f8r inkludert i pakken:<\/b><\/p>\n<div>Motorl\u00e5s 810S-50, styreenhet, endeplate 1487-2, Tilkoblingskabel (6m), Kabeloverf\u00f8ring EA281.<\/div>\n<p><b>Kjennetegn:\u00a0<\/b><\/p>\n<ul>\n<li>\u00c5pningshastighet under 1\/3 sekund.<\/li>\n<li>Oppfyller krav tilsvarende SS 3079 l\u00e5s klasse 3<\/li>\n<li>L\u00e5sen kan alltid betjenes med sylinder\/knott.<\/li>\n<li>Innebygd d\u00f8rposisjonssensor (magnet), som kan suppleres med eller erstattes av ekstern magnet.<\/li>\n<li>Holdetid 4-64 sekunder.<\/li>\n<\/ul>\n<p>&nbsp;<\/p>\n<div><b>\u00a0<\/b><\/div>\n<p>Trekk:<\/p>\n<ul>\n<li>Krokregelen drives av den innebygde motoren.<\/li>\n<li>810S-50 med trykkfall er typegodkjent for montering i branncellegrense (TG 0456\/01).<\/li>\n<li>L\u00e5sen kan styres av de fleste kontrollsystemene p\u00e5 markedet, som adgangssystemer, kodel\u00e5ser og tidsur.<\/li>\n<li>Hver motorl\u00e5s krever en kontrollenhet (DAC430) som styrer kommunikasjonen mellom motorl\u00e5sen og omverdenen. (inkludert i settpakken.)<\/li>\n<\/ul>\n<p>&nbsp;<\/p>\n<div><b>\u00a0<\/b><\/div>\n<p>Kontrollenheten DAC430:<\/p>\n<div>\n<ul>\n<li>Kommuniserer med motorl\u00e5sen via kryptert databuss.<\/li>\n<li>Krever kontrollsignaler fra foreldresystemet for \u00e5 betjene motorl\u00e5sen.<\/li>\n<li>Gir indikasjoner til det overordnede systemet som forteller statusen til l\u00e5sen og d\u00f8ren.<\/li>\n<li>Styrer ogs\u00e5 supplerende dagl\u00e5ser slik at det dannes en komplett dag\/natt-kombinasjon.<\/li>\n<li>Aktiverer alarmutgang ved feil.<\/li>\n<li>Kobles til spenningsforsyning.<\/li>\n<li>M\u00e5 installeres innend\u00f8rs p\u00e5 den beskyttede siden av d\u00f8ren innen 50m fra motorl\u00e5sen.<\/li>\n<\/ul>\n<p><b>Tekniske data:\u00a0<\/b><\/p>\n<ul>\n<li>24 V +\/- 15% AC\/DC. Alt 12 V DC stabilisert.<\/li>\n<li>Str\u00f8mforbruk ved 24 V DC, i hvile 150 mA, drift maks 700 mA (0,1 S).<\/li>\n<li>Rel\u00e9belastning maks 1 A.<\/li>\n<li>Maksimal avstand mellom l\u00e5skassens magnet og den magnetiske endeplaten er 6 mm.<\/li>\n<li>Maksimal avstand mellom l\u00e5seboks og kontrollenhet er 50 m.<\/li>\n<\/ul>\n<\/div>\n<\/div>","protected":false},"excerpt":{"rendered":"<p>Beskrivelse: ASSA ABLOY Evolution 810S-50 er en motorl\u00e5s tilpasset d\u00f8rer med Assas modul\u00e6re utsparing. Egnet som natt- og sikkerhetsl\u00e5sing i d\u00f8rer med h\u00f8ye sikkerhetskrav innen handel, kontor og industri.<\/p>","protected":false},"featured_media":139343,"template":"","meta":{"_acf_changed":false},"product_brand":[],"product_cat":[2874],"product_tag":[4187,4543,4540,4553,4544,4542,4863,4550],"class_list":{"0":"post-86497","1":"product","2":"type-product","3":"status-publish","4":"has-post-thumbnail","6":"product_cat-motorlas","7":"product_tag-dorndjup-50mm","8":"product_tag-komplett-sats-ja","9":"product_tag-krypterad-kommunikation-ja","10":"product_tag-modul","11":"product_tag-nodutrymning-nej","12":"product_tag-panikutrymning-nej","13":"product_tag-pf","14":"product_tag-spanning-ac-dc","15":"product_shipping_class-tunga-paket","16":"pa_brands-abloy","17":"tm-no-options","19":"first","20":"instock","21":"sale","22":"taxable","23":"shipping-taxable","24":"purchasable","25":"product-type-simple"},"acf":[],"_links":{"self":[{"href":"https:\/\/secureus.se\/no\/wp-json\/wp\/v2\/product\/86497","targetHints":{"allow":["GET"]}}],"collection":[{"href":"https:\/\/secureus.se\/no\/wp-json\/wp\/v2\/product"}],"about":[{"href":"https:\/\/secureus.se\/no\/wp-json\/wp\/v2\/types\/product"}],"wp:featuredmedia":[{"embeddable":true,"href":"https:\/\/secureus.se\/no\/wp-json\/wp\/v2\/media\/139343"}],"wp:attachment":[{"href":"https:\/\/secureus.se\/no\/wp-json\/wp\/v2\/media?parent=86497"}],"wp:term":[{"taxonomy":"product_brand","embeddable":true,"href":"https:\/\/secureus.se\/no\/wp-json\/wp\/v2\/product_brand?post=86497"},{"taxonomy":"product_cat","embeddable":true,"href":"https:\/\/secureus.se\/no\/wp-json\/wp\/v2\/product_cat?post=86497"},{"taxonomy":"product_tag","embeddable":true,"href":"https:\/\/secureus.se\/no\/wp-json\/wp\/v2\/product_tag?post=86497"}],"curies":[{"name":"wp","href":"https:\/\/api.w.org\/{rel}","templated":true}]}}