{"id":86558,"date":"2023-09-27T18:01:31","date_gmt":"2023-09-27T16:01:31","guid":{"rendered":"https:\/\/secureus.se\/produkt\/motorlas-841c-35-hi-o-halvsats\/"},"modified":"2025-10-21T11:58:48","modified_gmt":"2025-10-21T09:58:48","slug":"motorlas-841c-35-hi-o-halvsats","status":"publish","type":"product","link":"https:\/\/secureus.se\/no\/motorlas-841c-35-hi-o-halvsats\/","title":{"rendered":"Motorl\u00e5s 841C-35 Hi-O Halvsett"},"content":{"rendered":"<p><b>Beskrivelse:<br \/>\n<\/b><br \/>\nASSA ABLOY motorl\u00e5s 841C-35 er tilpasset d\u00f8rer med ASSA ABLOY modul\u00e6re utsparinger. Den egner seg godt som natt- og sikkerhetsl\u00e5sing i d\u00f8rer med h\u00f8ye sikkerhetskrav innen handel, kontor og industri. Dagl\u00e5ste eller h\u00f8yfrekvente d\u00f8rer b\u00f8r suppleres med dagl\u00e5s, f.eks. elektrisk skyvel\u00e5s eller elektrisk endeplate. Motor Lock 841C er en Hi-O-enhet som kobles til en DAC630 eller DAC530. Hi-O betyr at enhetene har innebygget mikrodatamaskin og kommuniserer med hverandre for plug-and-play installasjon, synkronisering av d\u00f8rdrift, overv\u00e5king av atferd og for \u00e5 sende diagnostisk informasjon. Egnet sylindertilbeh\u00f8r ASSA sikkerhetstilbeh\u00f8r 4559 SCD Classic, samt fj\u00e6rbelastet dreiesylinder ved behov.<\/p>\n<div><\/div>\n<div><b>Kjennetegn:<\/b><\/div>\n<div>\n<ul>\n<li>Dorndybde 35 mm.<\/li>\n<li>Sertifisert i henhold til SSF3522-1093, klasse 4<\/li>\n<li>\u00c5pningshastighet under 1\/3 sekund.<\/li>\n<li>L\u00e5sen kan alltid \u00e5pnes med n\u00f8kkel\/knott.<\/li>\n<li>Innebygd d\u00f8rposisjonssensor (magnet i endeplate).<\/li>\n<li>Kan kombineres med andre Hi-O enheter uten kontroller, f.eks. dagl\u00e5s, d\u00f8rautomatikk og kortleser<\/li>\n<li>Motorl\u00e5s Temp \u2013 20 \u00b0C \u2013 + 70 \u00b0C<\/li>\n<li>Egnet kontrollenhet t\u00e5ler temperatur +5 \u00b0C \u2013 +40 \u00b0C, 20 \u2013 90 % relativ fuktighet, ikke-kondenserende<\/li>\n<\/ul>\n<p><b>Tekniske data:<\/b><\/p>\n<ul>\n<li>Driftsspenning: 12-24 VDC stab -5%+15%<\/li>\n<li>Str\u00f8mforbruk: Hvile 50 mA Maks 445 mA ved 24 VDC<\/li>\n<li>Sertifisert i henhold til EN14846<\/li>\n<\/ul>\n<\/div>","protected":false},"excerpt":{"rendered":"<p>Beskrivelse: ASSA ABLOY motorl\u00e5s 841C-35 er tilpasset d\u00f8rer med ASSA ABLOY modul\u00e6re utsparinger. Den egner seg godt som natt- og sikkerhetsl\u00e5sing i d\u00f8rer med h\u00f8ye sikkerhetskrav innen handel, kontor og industri.<\/p>","protected":false},"featured_media":139626,"template":"","meta":{"_acf_changed":false},"product_brand":[],"product_cat":[2874],"product_tag":[4547,4543,4540,4541,4542,4863,4554,4550],"class_list":{"0":"post-86558","1":"product","2":"type-product","3":"status-publish","4":"has-post-thumbnail","6":"product_cat-motorlas","7":"product_tag-dorndjup-35mm","8":"product_tag-komplett-sats-ja","9":"product_tag-krypterad-kommunikation-ja","10":"product_tag-nodutrymning-ja","11":"product_tag-panikutrymning-nej","12":"product_tag-pf","13":"product_tag-smalprofil","14":"product_tag-spanning-ac-dc","15":"product_shipping_class-tunga-paket","16":"pa_brands-abloy","17":"tm-no-options","19":"first","20":"onbackorder","21":"sale","22":"taxable","23":"shipping-taxable","24":"purchasable","25":"product-type-simple"},"acf":[],"_links":{"self":[{"href":"https:\/\/secureus.se\/no\/wp-json\/wp\/v2\/product\/86558","targetHints":{"allow":["GET"]}}],"collection":[{"href":"https:\/\/secureus.se\/no\/wp-json\/wp\/v2\/product"}],"about":[{"href":"https:\/\/secureus.se\/no\/wp-json\/wp\/v2\/types\/product"}],"wp:featuredmedia":[{"embeddable":true,"href":"https:\/\/secureus.se\/no\/wp-json\/wp\/v2\/media\/139626"}],"wp:attachment":[{"href":"https:\/\/secureus.se\/no\/wp-json\/wp\/v2\/media?parent=86558"}],"wp:term":[{"taxonomy":"product_brand","embeddable":true,"href":"https:\/\/secureus.se\/no\/wp-json\/wp\/v2\/product_brand?post=86558"},{"taxonomy":"product_cat","embeddable":true,"href":"https:\/\/secureus.se\/no\/wp-json\/wp\/v2\/product_cat?post=86558"},{"taxonomy":"product_tag","embeddable":true,"href":"https:\/\/secureus.se\/no\/wp-json\/wp\/v2\/product_tag?post=86558"}],"curies":[{"name":"wp","href":"https:\/\/api.w.org\/{rel}","templated":true}]}}