{"id":86563,"date":"2023-09-27T18:01:24","date_gmt":"2023-09-27T16:01:24","guid":{"rendered":"https:\/\/secureus.se\/produkt\/motorlashus-840c-70-hi-o\/"},"modified":"2025-10-21T11:58:54","modified_gmt":"2025-10-21T09:58:54","slug":"motorlashus-840c-70-hi-o","status":"publish","type":"product","link":"https:\/\/secureus.se\/no\/motorlashus-840c-70-hi-o\/","title":{"rendered":"Motorl\u00e5shus 840C-70 Hi-O"},"content":{"rendered":"<p><b>Beskrivelse:<br \/>\n<\/b><br \/>\nASSA ABLOY Motorl\u00e5s 840C er velpr\u00f8vd og popul\u00e6r p\u00e5 markedet. Den egner seg godt som dag-, natt- og sikkerhetsl\u00e5sing i d\u00f8rer med h\u00f8ye sikkerhetskrav innen handel, kontor og industri. Motor Lock 840C er en Hi-O-enhet som kobles til en DAC630 eller DAC530. Hi-O betyr at enhetene har innebygget mikrodatamaskin og kommuniserer med hverandre for plug-and-play installasjon, synkronisering av d\u00f8rdrift, overv\u00e5king av atferd og for \u00e5 sende diagnostisk informasjon.<\/p>\n<div><\/div>\n<div><b>Egenskaper:<\/b><\/div>\n<div>\n<ul>\n<li>Dorndybde 70 mm.<\/li>\n<li>Sertifisert i henhold til SSF3522, klasse 4<\/li>\n<li>\u00c5pningshastighet under 1\/3 sekund.<\/li>\n<li>L\u00e5sen kan alltid \u00e5pnes med n\u00f8kkel\/knott.<\/li>\n<li>Innebygd d\u00f8rposisjonssensor (magnet i endeplate).<\/li>\n<li>Trykkfall som er godkjent for montering i branncellegrense E\/EI 120.<\/li>\n<li>Sertifisert i henhold til SS-EN 14846<\/li>\n<li>Enkelt \u00e5 bytte h\u00f8yre\/venstre<\/li>\n<li>Kan kombineres med andre Hi-O enheter uten kontroller, f.eks. dagl\u00e5s, d\u00f8rautomatikk og kortleser<\/li>\n<li>Motorl\u00e5s Temp \u2013 20 \u00b0C \u2013 + 70 \u00b0C<\/li>\n<li>Egnet kontrollenhet t\u00e5ler temperatur +5 \u00b0C \u2013 +40 \u00b0C, 20 \u2013 90 % relativ fuktighet, ikke-kondenserende<\/li>\n<\/ul>\n<p><b>Tekniske data:<\/b><\/p>\n<ul>\n<li>Driftsspenning: 12-24 VDC stab -5%+15%<\/li>\n<li>Str\u00f8mforbruk: Hvile 50 mA Maks 445 mA ved 24 VDC<\/li>\n<li>Sertifisert i henhold til EN14846<\/li>\n<\/ul>\n<\/div>","protected":false},"excerpt":{"rendered":"<p>Beskrivning: ASSA ABLOY Motorl\u00e5s 840C \u00e4r v\u00e4lbepr\u00f6vat och popul\u00e4rt p\u00e5 marknaden. Det passar bra som dag, natt- och s\u00e4kerhets-l\u00e5sning i d\u00f6rrar med h\u00f6ga s\u00e4kerhetskrav inom handel, kontor och industri. Motorl\u00e5s<\/p>","protected":false},"featured_media":140353,"template":"","meta":{"_acf_changed":false},"product_brand":[],"product_cat":[2874],"product_tag":[4110,4549,4540,4544,4542,4863,4550],"class_list":{"0":"post-86563","1":"product","2":"type-product","3":"status-publish","4":"has-post-thumbnail","6":"product_cat-motorlas","7":"product_tag-4110","8":"product_tag-dorndjup-70mm","9":"product_tag-krypterad-kommunikation-ja","10":"product_tag-nodutrymning-nej","11":"product_tag-panikutrymning-nej","12":"product_tag-pf","13":"product_tag-spanning-ac-dc","14":"product_shipping_class-tunga-paket","15":"pa_brands-abloy","16":"tm-no-options","18":"first","19":"onbackorder","20":"sale","21":"taxable","22":"shipping-taxable","23":"purchasable","24":"product-type-simple"},"acf":[],"_links":{"self":[{"href":"https:\/\/secureus.se\/no\/wp-json\/wp\/v2\/product\/86563","targetHints":{"allow":["GET"]}}],"collection":[{"href":"https:\/\/secureus.se\/no\/wp-json\/wp\/v2\/product"}],"about":[{"href":"https:\/\/secureus.se\/no\/wp-json\/wp\/v2\/types\/product"}],"wp:featuredmedia":[{"embeddable":true,"href":"https:\/\/secureus.se\/no\/wp-json\/wp\/v2\/media\/140353"}],"wp:attachment":[{"href":"https:\/\/secureus.se\/no\/wp-json\/wp\/v2\/media?parent=86563"}],"wp:term":[{"taxonomy":"product_brand","embeddable":true,"href":"https:\/\/secureus.se\/no\/wp-json\/wp\/v2\/product_brand?post=86563"},{"taxonomy":"product_cat","embeddable":true,"href":"https:\/\/secureus.se\/no\/wp-json\/wp\/v2\/product_cat?post=86563"},{"taxonomy":"product_tag","embeddable":true,"href":"https:\/\/secureus.se\/no\/wp-json\/wp\/v2\/product_tag?post=86563"}],"curies":[{"name":"wp","href":"https:\/\/api.w.org\/{rel}","templated":true}]}}