{"id":86565,"date":"2023-09-27T18:01:20","date_gmt":"2023-09-27T16:01:20","guid":{"rendered":"https:\/\/secureus.se\/produkt\/motorlas-841c-70-hi-o-sats\/"},"modified":"2025-10-21T11:58:56","modified_gmt":"2025-10-21T09:58:56","slug":"motorlas-841c-70-hi-o-sats","status":"publish","type":"product","link":"https:\/\/secureus.se\/no\/motorlas-841c-70-hi-o-sats\/","title":{"rendered":"Motorl\u00e5s 841C-70 Hi-O Kit"},"content":{"rendered":"<p>ASSA ABLOY Motorl\u00e5s 841C er velpr\u00f8vd og popul\u00e6r p\u00e5 markedet. Den egner seg godt som natt- og sikkerhetsl\u00e5sing i d\u00f8rer med h\u00f8ye sikkerhetskrav innen handel, kontor og industri. Dagl\u00e5ste eller h\u00f8yfrekvente d\u00f8rer b\u00f8r suppleres med dagl\u00e5s, f.eks. elektrisk skyvel\u00e5s eller elektrisk endeplate. 841C er en Hi-O-enhet som kobles til en DAC564 eller DAC630. Hi-O betyr at enhetene har innebygget mikrodatamaskin og kommuniserer med hverandre for plug-and-play installasjon, synkronisering av d\u00f8rdrift, overv\u00e5king av atferd og for \u00e5 sende diagnostisk informasjon.<\/p>\n<p><b>Tilbeh\u00f8r inkludert i pakken:<\/b><\/p>\n<div>Motorl\u00e5s 841C-70, Styreenhet DAC630 Hi-O, Rel\u00e9kort 400RC64, Endeplate 1487-2, Tilkoblingskabel EA226 (10m), Kabeloverf\u00f8ring EA281.<\/div>\n<div>\n<div><\/div>\n<div>\n<p><b>Kjennetegn:\u00a0\u00a0<\/b><\/p>\n<ul>\n<li>Dorndybde 70 mm.<\/li>\n<li>\u00c5pningshastighet under 1\/3 sekund.<\/li>\n<li>L\u00e5sen kan alltid \u00e5pnes med n\u00f8kkel\/knott.<\/li>\n<li>Innebygd d\u00f8rposisjonssensor (magnet i endeplate).<\/li>\n<li>Sertifisert i henhold til EN 14846<\/li>\n<li>Sertifisert i henhold til SSF 3522, klasse 4<\/li>\n<li>Kan kombineres med andre Hi-O enheter uten kontroller, f.eks. dagl\u00e5s, d\u00f8rautomatikk og kortleser<\/li>\n<li>Branngodkjent E\/EI 120 (ikke som brannbevarende funksjon)<\/li>\n<li>Motorl\u00e5s Temp \u2013 20 \u00b0C \u2013 + 70 \u00b0C<\/li>\n<li>Egnet kontrollenhet t\u00e5ler temperatur +5 \u00b0C \u2013 +40 \u00b0C, 20 \u2013 90 % relativ fuktighet, ikke-kondenserende<\/li>\n<li>Med tilkoblingskabel EA226 10 meter<\/li>\n<\/ul>\n<p><b>Kontrollenhet DAC630 Hi-O + rel\u00e9kort 400RC64:<\/b><b>\u00a0<\/b><\/p>\n<ul>\n<li>Fungerer som et grensesnitt til omverdenen, til systemoverflaten Hi-O buss, f.eks. tilgang eller alarmsystemer<\/li>\n<li>Kommuniserer med motorl\u00e5sen via Hi-O buss<\/li>\n<li>Gir indikasjoner til foreldresystemet for \u00e5 betjene motorl\u00e5sen<\/li>\n<li>Aktiverer alarmutgang ved feil<\/li>\n<li>Kobles til spenningsforsyning<\/li>\n<li>Muliggj\u00f8r komplettering med ekstern d\u00f8rposisjonssensor (magnetisk kontakt)<\/li>\n<li>Styrer ogs\u00e5 supplerende (ikke-Hi-O) dagl\u00e5ser, slik at det dannes en komplett dag\/natt-kombinasjon<\/li>\n<\/ul>\n<p><b>Tekniske data:\u00a0<\/b><\/p>\n<ul>\n<li>Driftsspenning: 12-24 VDC stab -5%+15%<\/li>\n<li>Str\u00f8mforbruk: Hvile 50 mA Maks 445 mA ved 24 VDC<\/li>\n<li>Sertifisert i henhold til EN14846<\/li>\n<\/ul>\n<\/div>\n<\/div>","protected":false},"excerpt":{"rendered":"<p>ASSA ABLOY Motorl\u00e5s 841C er velpr\u00f8vd og popul\u00e6r p\u00e5 markedet. Den egner seg godt som natt- og sikkerhetsl\u00e5sing i d\u00f8rer med h\u00f8ye sikkerhetskrav innen handel, kontor og industri. Dagsl\u00e5st eller h\u00f8yfrekvent<\/p>","protected":false},"featured_media":139362,"template":"","meta":{"_acf_changed":false},"product_brand":[],"product_cat":[2874],"product_tag":[4549,4543,4540,4544,4542,4863,4550],"class_list":{"0":"post-86565","1":"product","2":"type-product","3":"status-publish","4":"has-post-thumbnail","6":"product_cat-motorlas","7":"product_tag-dorndjup-70mm","8":"product_tag-komplett-sats-ja","9":"product_tag-krypterad-kommunikation-ja","10":"product_tag-nodutrymning-nej","11":"product_tag-panikutrymning-nej","12":"product_tag-pf","13":"product_tag-spanning-ac-dc","14":"product_shipping_class-tunga-paket","15":"pa_brands-abloy","16":"tm-no-options","18":"first","19":"onbackorder","20":"sale","21":"taxable","22":"shipping-taxable","23":"purchasable","24":"product-type-simple"},"acf":[],"_links":{"self":[{"href":"https:\/\/secureus.se\/no\/wp-json\/wp\/v2\/product\/86565","targetHints":{"allow":["GET"]}}],"collection":[{"href":"https:\/\/secureus.se\/no\/wp-json\/wp\/v2\/product"}],"about":[{"href":"https:\/\/secureus.se\/no\/wp-json\/wp\/v2\/types\/product"}],"wp:featuredmedia":[{"embeddable":true,"href":"https:\/\/secureus.se\/no\/wp-json\/wp\/v2\/media\/139362"}],"wp:attachment":[{"href":"https:\/\/secureus.se\/no\/wp-json\/wp\/v2\/media?parent=86565"}],"wp:term":[{"taxonomy":"product_brand","embeddable":true,"href":"https:\/\/secureus.se\/no\/wp-json\/wp\/v2\/product_brand?post=86565"},{"taxonomy":"product_cat","embeddable":true,"href":"https:\/\/secureus.se\/no\/wp-json\/wp\/v2\/product_cat?post=86565"},{"taxonomy":"product_tag","embeddable":true,"href":"https:\/\/secureus.se\/no\/wp-json\/wp\/v2\/product_tag?post=86565"}],"curies":[{"name":"wp","href":"https:\/\/api.w.org\/{rel}","templated":true}]}}