{"id":86615,"date":"2023-10-27T10:52:38","date_gmt":"2023-10-27T08:52:38","guid":{"rendered":"https:\/\/secureus.se\/produkt\/evolis-agilia-simplex-retransfer-id-card-printer-single-sided\/"},"modified":"2026-01-29T12:07:07","modified_gmt":"2026-01-29T11:07:07","slug":"kortskrivare-evolis-agilia-simplex","status":"publish","type":"product","link":"https:\/\/secureus.se\/no\/kortskrivare-evolis-agilia-simplex\/","title":{"rendered":"Kortskriver Evolis Agilia Simplex \u2013 600 DPI Retransfer Prints"},"content":{"rendered":"<p><strong>Opplev perfekt utskrift med Evolis Agilia:<\/strong> Evolis Agilia Simplex Retransfer ID-kortskriver er den ultimate l\u00f8sningen for bedrifter og organisasjoner som krever h\u00f8y oppl\u00f8sning og profesjonelt utformede ID-kort.<\/p>\n<p>Med en imponerende utskriftsoppl\u00f8sning p\u00e5 600 DPI gir Agilia eksepsjonell bildekvalitet som virkelig fanger blikket.<\/p>\n<p>Enten du trenger ID-kort for ansatte, medlemskap eller sikkerhetsapplikasjoner, tilbyr denne skriveren enest\u00e5ende ytelse og p\u00e5litelighet.<\/p>\n<p><strong>Funksjoner og fordeler:<\/strong><\/p>\n<ul>\n<li><strong>Kostnadseffektiv:<\/strong> Med den laveste kostnaden per utskrift i sin klasse sparer Agilia tid og penger, noe som gj\u00f8r det til det mest kostnadseffektive valget p\u00e5 markedet.<\/li>\n<li><strong>Allsidig korth\u00e5ndtering:<\/strong> Skriveren h\u00e5ndterer enkelt alle typer kartong (CR80-st\u00f8rrelse), inkludert PVC og kompositter, og sikrer at kortene dine alltid ser profesjonelle ut.<\/li>\n<li><strong>Full overkantutskrift:<\/strong> Ingen detaljer blir oversett takket v\u00e6re den overlegne reoverf\u00f8ringsteknologien som sikrer at hvert kort har en perfekt finish uten hvite kanter.<\/li>\n<li><strong>Egendefinert fargeprofilering:<\/strong> Med avanserte fargejusteringsalternativer kan du sikre at hvert kort n\u00f8yaktig gjenspeiler fargene og detaljene som er viktige for merkevaren din.<\/li>\n<\/ul>\n<p><strong>Bruksomr\u00e5der:<\/strong> Evolis Agilia er ideell for en rekke bruksomr\u00e5der, fra bedrifts-ID og medlemskort til sikkerhetskort og student-ID-kort.<\/p>\n<p>Med sin raske utskriftshastighet p\u00e5 opptil 150 kort i timen (fargeutskrift, ensidig) og kapasitet til 200 kort, er denne skriveren perfekt for b\u00e5de sm\u00e5 og store volumer.<\/p>\n<p><strong>Teknisk spesifikasjon:<\/strong><\/p>\n<ul>\n<li><strong>Utskriftshastighet:<\/strong> Opptil 150 kort per time (fargeutskrift, ensidig).<\/li>\n<li><strong>Kapasitet:<\/strong> 200-korts mater og 100-korts utgang.<\/li>\n<li><strong>Sikkerhetsalternativer:<\/strong> Innebygde funksjoner som UV-utskrift og mikrotekst \u00f8ker sikkerheten til kortene dine, og Agilia er ogs\u00e5 kompatibel med laminering for ekstra beskyttelse.<\/li>\n<\/ul>\n<p>Velg Evolis Agilia for \u00e5 f\u00e5 en p\u00e5litelig, h\u00f8ykvalitets og kostnadseffektiv l\u00f8sning for dine ID-kortbehov. Opplev forskjellen med Evolis og ta kortutskriften til neste niv\u00e5!<\/p>","protected":false},"excerpt":{"rendered":"<p>Opplev utskrift i verdensklasse med Evolis Agilia Simplex Retransfer ID-kortskriver.<\/p>\n<p>Med en oppl\u00f8sning p\u00e5 600 DPI kan du produsere kort av h\u00f8yeste kvalitet uten hvite kanter.<\/p>\n<p>Denne skriveren h\u00e5ndterer alle kartongtyper (CR80-st\u00f8rrelse) og er ideell for sikkerhetsapplikasjoner, noe som gj\u00f8r den til det mest kostnadseffektive valget p\u00e5 markedet.<\/p>","protected":false},"featured_media":139865,"template":"","meta":{"_acf_changed":false},"product_brand":[],"product_cat":[3205],"product_tag":[3173,3176,4863,2831,3069],"class_list":{"0":"post-86615","1":"product","2":"type-product","3":"status-publish","4":"has-post-thumbnail","6":"product_cat-evolis","7":"product_tag-enkelsidig-single-side","8":"product_tag-evolis","9":"product_tag-pf","10":"product_tag-kortprinter-retransfer","11":"product_tag-trade-produkt","12":"product_shipping_class-tunga-paket","13":"pa_brands-evolis","14":"pa_fabrikat-kortskrivare-evolis","15":"tm-no-options","17":"first","18":"outofstock","19":"sale","20":"taxable","21":"shipping-taxable","22":"purchasable","23":"product-type-simple"},"acf":[],"_links":{"self":[{"href":"https:\/\/secureus.se\/no\/wp-json\/wp\/v2\/product\/86615","targetHints":{"allow":["GET"]}}],"collection":[{"href":"https:\/\/secureus.se\/no\/wp-json\/wp\/v2\/product"}],"about":[{"href":"https:\/\/secureus.se\/no\/wp-json\/wp\/v2\/types\/product"}],"wp:featuredmedia":[{"embeddable":true,"href":"https:\/\/secureus.se\/no\/wp-json\/wp\/v2\/media\/139865"}],"wp:attachment":[{"href":"https:\/\/secureus.se\/no\/wp-json\/wp\/v2\/media?parent=86615"}],"wp:term":[{"taxonomy":"product_brand","embeddable":true,"href":"https:\/\/secureus.se\/no\/wp-json\/wp\/v2\/product_brand?post=86615"},{"taxonomy":"product_cat","embeddable":true,"href":"https:\/\/secureus.se\/no\/wp-json\/wp\/v2\/product_cat?post=86615"},{"taxonomy":"product_tag","embeddable":true,"href":"https:\/\/secureus.se\/no\/wp-json\/wp\/v2\/product_tag?post=86615"}],"curies":[{"name":"wp","href":"https:\/\/api.w.org\/{rel}","templated":true}]}}