{"id":86619,"date":"2023-10-27T10:51:27","date_gmt":"2023-10-27T08:51:27","guid":{"rendered":"https:\/\/secureus.se\/produkt\/evolis-primacy-2-go-pack-simplex-bundle-single-sided\/"},"modified":"2026-01-29T12:04:00","modified_gmt":"2026-01-29T11:04:00","slug":"kortskrivare-evolis-primacy-2-simplex","status":"publish","type":"product","link":"https:\/\/secureus.se\/no\/kortskrivare-evolis-primacy-2-simplex\/","title":{"rendered":"Kortskriver Evolis Primacy 2 Simplex \u2013 Startpakke"},"content":{"rendered":"<p><strong>Opplev kvalitet og komfort med Evolis Primacy 2:<\/strong> Evolis Primacy 2 Go Pack Simplex Bundle er en omfattende l\u00f8sning for bedrifter og organisasjoner som krever effektiv og p\u00e5litelig ID-kortutskrift. Denne skriveren er designet for h\u00f8y ytelse og fleksibilitet, noe som gj\u00f8r den perfekt for enkeltsidig utskrift.<\/p>\n<p><strong>Hva er inkludert i pakken:<\/strong><\/p>\n<ul>\n<li><strong>Evolis Primacy 2 Simplex ID-kortskriver:<\/strong> En rask og effektiv skriver som tilbyr en utskriftskvalitet p\u00e5 opptil 300 dpi og h\u00e5ndterer alle typer kartong.<\/li>\n<li><strong>cardPresso XS ID-kortdesignprogramvare:<\/strong> En brukervennlig kortdesignprogramvare som er kompatibel med b\u00e5de MacOS og Windows, noe som gj\u00f8r det enkelt \u00e5 lage og tilpasse kort.<\/li>\n<li><strong>Evolis R5F208E100 YMCKO 300 utskriftsfargeb\u00e5nd:<\/strong> Gir opptil 300 utskrifter med levende farger av h\u00f8y kvalitet.<\/li>\n<li><strong>100 x 760 mikron CR80 PVC-kort:<\/strong> Tomme ID-kort av h\u00f8y kvalitet som er klare til \u00e5 skrives ut.<\/li>\n<\/ul>\n<p><strong>Funksjoner og fordeler:<\/strong><\/p>\n<ul>\n<li><strong>Kostnadseffektiv:<\/strong> Bestill alt du trenger i \u00e9n pakke for en fleksibel og kostnadseffektiv l\u00f8sning.<\/li>\n<li><strong>Rask og p\u00e5litelig:<\/strong> Primacy 2 er en av de raskeste skriverne p\u00e5 markedet, som lar deg produsere ID-kort raskt og effektivt.<\/li>\n<li><strong>Fleksibilitet:<\/strong> Perfekt for \u00e5 lage profesjonelle og tilpassede ID-kort for en rekke applikasjoner.<\/li>\n<\/ul>\n<p><strong>Produktvekt:<\/strong><\/p>\n<ul>\n<li>8,00 kg<\/li>\n<\/ul>\n<p>Velg Evolis Primacy 2 Go Pack Simplex Bundle for \u00e5 sikre h\u00f8y kvalitet og effektivitet i ID-kortutskriften.<\/p>","protected":false},"excerpt":{"rendered":"<p>Evolis Primacy 2 Go Pack Simplex Bundle er den perfekte startpakken for kundene dine, som inkluderer en av de raskeste ID-kortskriverne p\u00e5 markedet: Primacy 2.<\/p>\n<p>Pakkene inkluderer ogs\u00e5 en YMCK-rull med 300 trykk, 100 blanke hvite ID-kort og cardPresso XS ID-kortdesignprogramvare, som gir en ideell l\u00f8sning for de som vil ha alt de trenger i \u00e9n pakke.<\/p>","protected":false},"featured_media":139900,"template":"","meta":{"_acf_changed":false},"product_brand":[],"product_cat":[3205],"product_tag":[3173,3176,4863,3069],"class_list":{"0":"post-86619","1":"product","2":"type-product","3":"status-publish","4":"has-post-thumbnail","6":"product_cat-evolis","7":"product_tag-enkelsidig-single-side","8":"product_tag-evolis","9":"product_tag-pf","10":"product_tag-trade-produkt","11":"product_shipping_class-tunga-paket","12":"pa_brands-evolis","13":"pa_fabrikat-kortskrivare-evolis","14":"tm-no-options","16":"first","17":"outofstock","18":"sale","19":"taxable","20":"shipping-taxable","21":"purchasable","22":"product-type-simple"},"acf":[],"_links":{"self":[{"href":"https:\/\/secureus.se\/no\/wp-json\/wp\/v2\/product\/86619","targetHints":{"allow":["GET"]}}],"collection":[{"href":"https:\/\/secureus.se\/no\/wp-json\/wp\/v2\/product"}],"about":[{"href":"https:\/\/secureus.se\/no\/wp-json\/wp\/v2\/types\/product"}],"wp:featuredmedia":[{"embeddable":true,"href":"https:\/\/secureus.se\/no\/wp-json\/wp\/v2\/media\/139900"}],"wp:attachment":[{"href":"https:\/\/secureus.se\/no\/wp-json\/wp\/v2\/media?parent=86619"}],"wp:term":[{"taxonomy":"product_brand","embeddable":true,"href":"https:\/\/secureus.se\/no\/wp-json\/wp\/v2\/product_brand?post=86619"},{"taxonomy":"product_cat","embeddable":true,"href":"https:\/\/secureus.se\/no\/wp-json\/wp\/v2\/product_cat?post=86619"},{"taxonomy":"product_tag","embeddable":true,"href":"https:\/\/secureus.se\/no\/wp-json\/wp\/v2\/product_tag?post=86619"}],"curies":[{"name":"wp","href":"https:\/\/api.w.org\/{rel}","templated":true}]}}