{"id":87003,"date":"2023-11-03T12:00:42","date_gmt":"2023-11-03T11:00:42","guid":{"rendered":"https:\/\/secureus.se\/?post_type=product&#038;p=87003"},"modified":"2026-04-08T16:25:01","modified_gmt":"2026-04-08T14:25:01","slug":"mifare-desfire-8k-nxp-ev1-kort-100-pack","status":"publish","type":"product","link":"https:\/\/secureus.se\/no\/mifare-desfire-8k-nxp-ev1-kort-100-pack\/","title":{"rendered":"Mifare DESFire 8K NXP EV1-kort \u2013 (100 pakke)"},"content":{"rendered":"<h1>Mifare DESFire 8K NXP EV1-kort - kontaktl\u00f8s RFID<\/h1>\n<p>Mifare DESFire 8K NXP EV1-kort tilbyr en sikker og effektiv l\u00f8sning for kontaktl\u00f8s datalagring og overf\u00f8ring. Disse kortene er utstyrt med en ekte NXP-brikke og har en minnekapasitet p\u00e5 8 Kbyte, noe som gj\u00f8r dem egnet for en rekke bruksomr\u00e5der, som identitetsh\u00e5ndtering, tilgangskontroll og mikrobetalinger.<\/p>\n<p>Med en standardst\u00f8rrelse p\u00e5 CR80 (86 mm x 54 mm), er disse kortene enkle \u00e5 bruke og integreres i eksisterende systemer. De opererer med en frekvens p\u00e5 13,56 MHz, noe som garanterer rask og sikker kommunikasjon. Enten det er \u00e5 administrere eiendeler i en bygning eller h\u00e5ndtere betalinger, er Mifare DESFire 8K-kort en p\u00e5litelig og fleksibel l\u00f8sning.<\/p>\n<p>Hver pakke inneholder 100 kort, noe som gj\u00f8r dem til et kostnadseffektivt alternativ for b\u00e5de sm\u00e5 og store bedrifter som trenger h\u00f8y sikkerhet og brukervennlighet i systemene sine.<\/p>\n<p><strong>Funksjoner og fordeler<\/strong>:<\/p>\n<ul>\n<li>Kontaktl\u00f8se kort med ekte NXP-brikke<\/li>\n<li>8 Kbyte minnekapasitet for omfattende lagring<\/li>\n<li>Standard CR80-st\u00f8rrelse for enkel bruk<\/li>\n<li>Fungerer p\u00e5 13,56 MHz for rask kommunikasjon<\/li>\n<li>Ideell for identitet, tilgangskontroll og mikrobetalinger<\/li>\n<\/ul>\n<p><strong>Teknisk spesifikasjon<\/strong>:<\/p>\n<ul>\n<li><strong>Minnekapasitet<\/strong>: 8 kbyte<\/li>\n<li><strong>Hyppighet<\/strong>: 13,56 MHz<\/li>\n<li><strong>St\u00f8rrelse<\/strong>: Standard CR80 (86 mm x 54 mm)<\/li>\n<li><strong>Vekt (emballasje)<\/strong>: 0,59 kg<\/li>\n<\/ul>","protected":false},"excerpt":{"rendered":"<p>Dette produktet har sertifisert brikke fra NXP\u00ae som er et globalt teknologiselskap med hovedkontor i Holland. NXP\u00ae spesialiserer seg p\u00e5 RFID og NFC og tilbyr en rekke produkter innen sikkerhet, tilkobling og innebygde l\u00f8sninger.<\/p>\n<p>Mifare DESFire 8K NXP EV1-kort er kontaktl\u00f8se RFID-kort med en ekte NXP-brikke og en minnekapasitet p\u00e5 8 Kbyte.<\/p>\n<p>Disse kortene opererer p\u00e5 13,56 MHz og er perfekte for flere applikasjoner, inkludert identitetsadministrasjon, tilgangskontroll og mikrobetalinger.<\/p>\n<p>Selges i pakker med 100 stk.<\/p>","protected":false},"featured_media":139829,"template":"","meta":{"_acf_changed":false},"product_brand":[],"product_cat":[4233,1711],"product_tag":[4538,4146,3077,3084,3069],"class_list":{"0":"post-87003","1":"product","2":"type-product","3":"status-publish","4":"has-post-thumbnail","6":"product_cat-rfid-kort-desfire","7":"product_cat-rfid-kort","8":"product_tag-100-pack-lopnummer-rfid-kort","9":"product_tag-nxp","10":"product_tag-rfid-desfire","11":"product_tag-trade-rfid-kort","12":"product_tag-trade-produkt","13":"product_shipping_class-postnord-varubrev","14":"pa_plastkort-teknik-desfire","15":"tm-has-options","17":"first","18":"outofstock","19":"sale","20":"taxable","21":"shipping-taxable","22":"purchasable","23":"product-type-simple"},"acf":[],"_links":{"self":[{"href":"https:\/\/secureus.se\/no\/wp-json\/wp\/v2\/product\/87003","targetHints":{"allow":["GET"]}}],"collection":[{"href":"https:\/\/secureus.se\/no\/wp-json\/wp\/v2\/product"}],"about":[{"href":"https:\/\/secureus.se\/no\/wp-json\/wp\/v2\/types\/product"}],"wp:featuredmedia":[{"embeddable":true,"href":"https:\/\/secureus.se\/no\/wp-json\/wp\/v2\/media\/139829"}],"wp:attachment":[{"href":"https:\/\/secureus.se\/no\/wp-json\/wp\/v2\/media?parent=87003"}],"wp:term":[{"taxonomy":"product_brand","embeddable":true,"href":"https:\/\/secureus.se\/no\/wp-json\/wp\/v2\/product_brand?post=87003"},{"taxonomy":"product_cat","embeddable":true,"href":"https:\/\/secureus.se\/no\/wp-json\/wp\/v2\/product_cat?post=87003"},{"taxonomy":"product_tag","embeddable":true,"href":"https:\/\/secureus.se\/no\/wp-json\/wp\/v2\/product_tag?post=87003"}],"curies":[{"name":"wp","href":"https:\/\/api.w.org\/{rel}","templated":true}]}}