{"id":87451,"date":"2023-11-22T17:06:13","date_gmt":"2023-11-22T16:06:13","guid":{"rendered":"https:\/\/secureus.se\/?post_type=product&#038;p=87451"},"modified":"2026-04-20T15:02:25","modified_gmt":"2026-04-20T13:02:25","slug":"tagg-laddbricka-mifare-pro","status":"publish","type":"product","link":"https:\/\/secureus.se\/no\/tagg-laddbricka-mifare-pro\/","title":{"rendered":"Tag Charging Tag Mifare\u00ae \u2013 Pro"},"content":{"rendered":"<h1>RFID Tag Ladebrett Mifare<\/h1>\n<p>Forenkle din elbillading og \u00f8k sikkerhetsniv\u00e5et med v\u00e5re RFID-brikker og ladebrikker, skreddersydd til MIFARE-standarden og kompatible med ladebokser fra ledende merker som Easee &amp; Zaptec.<\/p>\n<h3><strong>N\u00f8kkelegenskaper:<\/strong><\/h3>\n<ol>\n<li><strong>Enkel tilgangskontroll:<\/strong>\n<ul>\n<li>Bruk v\u00e5r RFID-tag for enkelt \u00e5 l\u00e5se ladeboksen din og regulere brukertilgangen. Perfekt for \u00e5 begrense bruk p\u00e5 ubetjente steder som sommerhus.<\/li>\n<\/ul>\n<\/li>\n<li><strong>Sikkerhet i fokus:<\/strong>\n<ul>\n<li>Beskytt ladeboksen din med v\u00e5r MIFARE standard RFID-brikke, ideell for brukere som prioriterer sikkerhet, spesielt p\u00e5 steder hvor ladeboksen er utsatt i lange perioder uten tilsyn.<\/li>\n<\/ul>\n<\/li>\n<li><strong>Glatt installasjon:<\/strong>\n<ul>\n<li>Integrer RFID-taggen enkelt ved \u00e5 f\u00f8lge klare instruksjoner i ladeboksappen. Ingen komplisert prosess, bare enkel og smidig bruk.<\/li>\n<\/ul>\n<\/li>\n<li><strong>Optimal effektivitet med ladebrettet:<\/strong>\n<ul>\n<li>\u00d8k ladehastigheten med opptil 40% med v\u00e5rt effektive ladebrett, noe som resulterer i raskere og mer kostnadseffektiv lading for din elbil.<\/li>\n<\/ul>\n<\/li>\n<\/ol>\n<h3><strong>Bruksomr\u00e5der:<\/strong><\/h3>\n<ul>\n<li><strong>Fritidslading:<\/strong>\n<ul>\n<li>Perfekt for sommerhus eller steder hvor ladeboksen kan st\u00e5 uten tilsyn. RFID-taggen gir deg kontroll over ladeboksens bruk og \u00f8ker sikkerheten.<\/li>\n<\/ul>\n<\/li>\n<li><strong>Sikker bedriftslading:<\/strong>\n<ul>\n<li>Ideell for selskaper som m\u00e5 sikre at kun autoriserte brukere har tilgang til ladeinfrastrukturen.<\/li>\n<\/ul>\n<\/li>\n<\/ul>\n<p>Optimaliser elbilladingen med v\u00e5re p\u00e5litelige RFID-brikker og ladebrikker. Legg inn bestillingen din i dag for en tryggere og jevnere ladeopplevelse med Easee!<\/p>\n<h3 class=\"title3_container__95KRM\"><strong>Zaptec<\/strong><\/h3>\n<ol>\n<li>\n<p class=\"editorial-body_container__B1_Rn\">\u00c5pne Zaptec-appen<\/p>\n<\/li>\n<li>\n<p class=\"editorial-body_container__B1_Rn\">G\u00e5 til\u00a0<strong>N\u00f8kkelbrikkene mine<\/strong><\/p>\n<\/li>\n<li>\n<p class=\"editorial-body_container__B1_Rn\">Velge\u00a0<strong>Legg til ny<\/strong><\/p>\n<\/li>\n<\/ol>\n<h3 class=\"title3_container__95KRM\"><strong>Lett<\/strong><\/h3>\n<ol>\n<li>\n<p class=\"editorial-body_container__B1_Rn\">\u00c5pne Easee-appen<\/p>\n<\/li>\n<li>\n<p class=\"editorial-body_container__B1_Rn\">\u00c5pne menyen i \u00f8vre venstre hj\u00f8rne<\/p>\n<\/li>\n<li>\n<p class=\"editorial-body_container__B1_Rn\">Velge\u00a0<strong>Enkle n\u00f8kler<\/strong> og bra\u00a0<strong>Legg til<\/strong> fra \u00f8vre h\u00f8yre hj\u00f8rne<\/p>\n<\/li>\n<li>\n<p class=\"editorial-body_container__B1_Rn\">Velg din ladeboks<\/p>\n<\/li>\n<li>\n<p class=\"editorial-body_container__B1_Rn\">Hold RFID-en mot merket p\u00e5 ladeboksen eller skann den med telefonen<\/p>\n<\/li>\n<li>\n<p class=\"editorial-body_container__B1_Rn\">Gi RFID-taggen et navn, for eksempel &quot;Ladebrett&quot;<\/p>\n<\/li>\n<\/ol>","protected":false},"excerpt":{"rendered":"<p>RFID-brikke \/ ladepute i svart. Brikken er av MIFARE-standard og fungerer med alle ladebokser som st\u00f8tter MIFARE, inkludert Easee og Zaptec. Dette produktet har en sertifisert chip fra NXP\u00ae.<\/p>\n<p>Hvis du \u00f8nsker et nummer p\u00e5 taggen for \u00e5 enkelt legge den til i appen din, klikker du p\u00e5 \u00abTilpass produkt\u00bb og velger \u00abChippet UID\u00bb. Vi graverer deretter det unike n\u00f8kkelnummeret som finnes p\u00e5 taggen f\u00f8r levering.<\/p>","protected":false},"featured_media":158677,"template":"","meta":{"_acf_changed":false},"product_brand":[],"product_cat":[3091,4815,4784,4814],"product_tag":[3090,4146],"class_list":{"0":"post-87451","1":"product","2":"type-product","3":"status-publish","4":"has-post-thumbnail","6":"product_cat-elbilsladdning","7":"product_cat-easee-taggar","8":"product_cat-mifare1k","9":"product_cat-zaptec-taggar","10":"product_tag-laddbricka","11":"product_tag-nxp","12":"product_shipping_class-postnord-varubrev","13":"pa_brands-stonehouse-security","14":"pa_chip-teknik-mifare1k","15":"tm-has-options","17":"first","18":"instock","19":"taxable","20":"shipping-taxable","21":"purchasable","22":"product-type-simple"},"acf":[],"_links":{"self":[{"href":"https:\/\/secureus.se\/no\/wp-json\/wp\/v2\/product\/87451","targetHints":{"allow":["GET"]}}],"collection":[{"href":"https:\/\/secureus.se\/no\/wp-json\/wp\/v2\/product"}],"about":[{"href":"https:\/\/secureus.se\/no\/wp-json\/wp\/v2\/types\/product"}],"wp:featuredmedia":[{"embeddable":true,"href":"https:\/\/secureus.se\/no\/wp-json\/wp\/v2\/media\/158677"}],"wp:attachment":[{"href":"https:\/\/secureus.se\/no\/wp-json\/wp\/v2\/media?parent=87451"}],"wp:term":[{"taxonomy":"product_brand","embeddable":true,"href":"https:\/\/secureus.se\/no\/wp-json\/wp\/v2\/product_brand?post=87451"},{"taxonomy":"product_cat","embeddable":true,"href":"https:\/\/secureus.se\/no\/wp-json\/wp\/v2\/product_cat?post=87451"},{"taxonomy":"product_tag","embeddable":true,"href":"https:\/\/secureus.se\/no\/wp-json\/wp\/v2\/product_tag?post=87451"}],"curies":[{"name":"wp","href":"https:\/\/api.w.org\/{rel}","templated":true}]}}