{"id":87759,"date":"2023-03-28T14:23:51","date_gmt":"2023-03-28T12:23:51","guid":{"rendered":"https:\/\/secureus.se\/produkt\/apollo-pp2526-discovery-brandknapp-inomhusbruk-en-54-11-certifierad-rod\/"},"modified":"2026-03-26T14:24:26","modified_gmt":"2026-03-26T13:24:26","slug":"apollo-pp2526-discovery-brandknapp-inomhusbruk-en-54-11-certifierad-rod","status":"publish","type":"product","link":"https:\/\/secureus.se\/no\/apollo-pp2526-discovery-brandknapp-inomhusbruk-en-54-11-certifierad-rod\/","title":{"rendered":"Apollo PP2526 Discovery Fire-knapp, innend\u00f8rs bruk, EN 54-11 sertifisert, r\u00f8d"},"content":{"rendered":"<h1>Apollo PP2526 Discovery Fire-knapp, innend\u00f8rs bruk, EN 54-11 sertifisert, r\u00f8d<\/h1>\n<p class=\"\" data-start=\"396\" data-end=\"765\">Apollo PP2526 Discovery Intelligent Manual Call Point er designet for \u00e5 enkelt aktivere en brannalarm ved \u00e5 trykke p\u00e5 den tilbakestillbare knappen.<\/p>\n<p class=\"\" data-start=\"396\" data-end=\"765\">N\u00e5r den er aktivert, gir den en konstant r\u00f8d LED for alarmstatus, mens den blinker gr\u00f8nt for pollingstatus og gult for feil.<\/p>\n<p class=\"\" data-start=\"396\" data-end=\"765\">Dette gj\u00f8r det enkelt \u00e5 overv\u00e5ke og verifisere enhetens funksjonalitet.<\/p>\n<p class=\"\" data-start=\"767\" data-end=\"1208\">Denne manuelle melderen er egnet for b\u00e5de semi-innfelt og utenp\u00e5liggende montering og har en IP44-klassifisering for beskyttelse mot smuss og fuktighet.<\/p>\n<p class=\"\" data-start=\"767\" data-end=\"1208\">Med en spenning p\u00e5 17-35 V DC og kompatibilitet med XP95, Discovery og CoreProtocol-systemer, tilbyr denne enheten h\u00f8y ytelse og p\u00e5litelighet.<\/p>\n<p class=\"\" data-start=\"767\" data-end=\"1208\">Den leveres med en &quot;Plug and Play&quot;-tilkobling for rask og enkel installasjon og en kontinuitetskobling for \u00e5 teste kablene f\u00f8r installasjon.<\/p>\n<p class=\"\" data-start=\"1210\" data-end=\"1343\">Med 10 \u00e5rs garanti og et robust polykarbonathus er denne manuelle melderen en holdbar og sikker l\u00f8sning for brannalarmsystemer.<\/p>","protected":false},"excerpt":{"rendered":"<p>Apollo PP2526 Discovery Intelligent Manual Call Point brukes til manuelt \u00e5 utl\u00f8se en alarm i branndeteksjonssystemet.<\/p>\n<p>Den har en nullstillbar funksjon, 170\u00b0 synlig LED og er sertifisert i henhold til EN 54-11.<\/p>","protected":false},"featured_media":140460,"template":"","meta":{"_acf_changed":false},"product_brand":[],"product_cat":[4748],"product_tag":[],"class_list":{"0":"post-87759","1":"product","2":"type-product","3":"status-publish","4":"has-post-thumbnail","6":"product_cat-discovery-serien","7":"product_shipping_class-tunga-paket","8":"pa_brands-apollo-fire-detectors","9":"tm-no-options","11":"first","12":"onbackorder","13":"sale","14":"featured","15":"taxable","16":"shipping-taxable","17":"purchasable","18":"product-type-simple"},"acf":[],"_links":{"self":[{"href":"https:\/\/secureus.se\/no\/wp-json\/wp\/v2\/product\/87759","targetHints":{"allow":["GET"]}}],"collection":[{"href":"https:\/\/secureus.se\/no\/wp-json\/wp\/v2\/product"}],"about":[{"href":"https:\/\/secureus.se\/no\/wp-json\/wp\/v2\/types\/product"}],"wp:featuredmedia":[{"embeddable":true,"href":"https:\/\/secureus.se\/no\/wp-json\/wp\/v2\/media\/140460"}],"wp:attachment":[{"href":"https:\/\/secureus.se\/no\/wp-json\/wp\/v2\/media?parent=87759"}],"wp:term":[{"taxonomy":"product_brand","embeddable":true,"href":"https:\/\/secureus.se\/no\/wp-json\/wp\/v2\/product_brand?post=87759"},{"taxonomy":"product_cat","embeddable":true,"href":"https:\/\/secureus.se\/no\/wp-json\/wp\/v2\/product_cat?post=87759"},{"taxonomy":"product_tag","embeddable":true,"href":"https:\/\/secureus.se\/no\/wp-json\/wp\/v2\/product_tag?post=87759"}],"curies":[{"name":"wp","href":"https:\/\/api.w.org\/{rel}","templated":true}]}}