{"id":87773,"date":"2023-03-28T14:23:31","date_gmt":"2023-03-28T12:23:31","guid":{"rendered":"https:\/\/secureus.se\/produkt\/apollo-xp95-serien-isolerande-manuell-callpoint-larmknapp\/"},"modified":"2026-04-09T11:36:15","modified_gmt":"2026-04-09T09:36:15","slug":"apollo-55100-908sca-xp95-series-isolerande-manuell-anropspunkt","status":"publish","type":"product","link":"https:\/\/secureus.se\/no\/apollo-55100-908sca-xp95-series-isolerande-manuell-anropspunkt\/","title":{"rendered":"Apollo 55100-908SCA XP95-serien, isolerende manuell melder, EN 54-11-sertifisert, r\u00f8d"},"content":{"rendered":"<h1>Apollo 55100-908SCA XP95-serien, isolerende manuell melder, EN 54-11-sertifisert, r\u00f8d<\/h1>\n<p class=\"\" data-start=\"458\" data-end=\"816\">Apollo 55100-908SCA XP95-serien isolerende manuell melder er designet for \u00e5 gi rask og effektiv brannalarmaktivering.<\/p>\n<p class=\"\" data-start=\"458\" data-end=\"816\">Enheten er utstyrt med et tilbakestillbart element som gj\u00f8r at enheten kan tilbakestilles etter bruk.<\/p>\n<p class=\"\" data-start=\"458\" data-end=\"816\">Den har ogs\u00e5 en tofarget LED som lyser r\u00f8dt n\u00e5r alarmen er aktivert og gult n\u00e5r det er kortslutning.<\/p>\n<p class=\"\" data-start=\"818\" data-end=\"1120\">&quot;Plug and Play&quot;-tilkoblinger gj\u00f8r installasjonen enklere og reduserer installasjonstiden.<\/p>\n<p class=\"\" data-start=\"818\" data-end=\"1120\">En kontinuitetskobling tillater kabeltesting f\u00f8r installasjon, og sikrer at systemet fungerer som det skal f\u00f8r det tas i bruk.<\/p>\n<p class=\"\" data-start=\"818\" data-end=\"1120\">Det er ogs\u00e5 mulighet for b\u00e5de semi-innfelt og utenp\u00e5liggende montering.<\/p>\n<p data-start=\"818\" data-end=\"1120\">Denne melderen er kompatibel med XP95, Discovery og CoreProtocol-systemer og har 10 \u00e5rs garanti.<\/p>\n<p data-start=\"818\" data-end=\"1120\">Enheten er IP45-klassifisert og fungerer i et temperaturomr\u00e5de fra -20\u00b0C til +60\u00b0C, noe som gj\u00f8r den til en p\u00e5litelig l\u00f8sning for innend\u00f8rs bruk.<\/p>","protected":false},"excerpt":{"rendered":"<p>Apollo 55100-908SCA XP95-serien isolerende manuell melder brukes til manuelt \u00e5 starte en alarm i branndeteksjonssystemet.<\/p>\n<p>Den har en tilbakestillbar funksjon, &quot;Plug and Play&quot;-terminaltilkoblinger for rask installasjon og er EN 54-11-sertifisert.<\/p>","protected":false},"featured_media":140673,"template":"","meta":{"_acf_changed":false},"product_brand":[],"product_cat":[4748,4751],"product_tag":[3045,3046],"class_list":{"0":"post-87773","1":"product","2":"type-product","3":"status-publish","4":"has-post-thumbnail","6":"product_cat-discovery-serien","7":"product_cat-xp95-serien","8":"product_tag-apollo-discovery","9":"product_tag-apollo-xp95","10":"product_shipping_class-postnord-varubrev","11":"pa_brands-apollo-fire-detectors","12":"tm-no-options","14":"first","15":"instock","16":"sale","17":"featured","18":"taxable","19":"shipping-taxable","20":"purchasable","21":"product-type-simple"},"acf":[],"_links":{"self":[{"href":"https:\/\/secureus.se\/no\/wp-json\/wp\/v2\/product\/87773","targetHints":{"allow":["GET"]}}],"collection":[{"href":"https:\/\/secureus.se\/no\/wp-json\/wp\/v2\/product"}],"about":[{"href":"https:\/\/secureus.se\/no\/wp-json\/wp\/v2\/types\/product"}],"wp:featuredmedia":[{"embeddable":true,"href":"https:\/\/secureus.se\/no\/wp-json\/wp\/v2\/media\/140673"}],"wp:attachment":[{"href":"https:\/\/secureus.se\/no\/wp-json\/wp\/v2\/media?parent=87773"}],"wp:term":[{"taxonomy":"product_brand","embeddable":true,"href":"https:\/\/secureus.se\/no\/wp-json\/wp\/v2\/product_brand?post=87773"},{"taxonomy":"product_cat","embeddable":true,"href":"https:\/\/secureus.se\/no\/wp-json\/wp\/v2\/product_cat?post=87773"},{"taxonomy":"product_tag","embeddable":true,"href":"https:\/\/secureus.se\/no\/wp-json\/wp\/v2\/product_tag?post=87773"}],"curies":[{"name":"wp","href":"https:\/\/api.w.org\/{rel}","templated":true}]}}