{"id":89264,"date":"2024-01-04T15:43:17","date_gmt":"2024-01-04T14:43:17","guid":{"rendered":"https:\/\/secureus.se\/produkt\/fonsterbroms-160s-3-l800mm-vanster\/"},"modified":"2026-03-25T15:41:10","modified_gmt":"2026-03-25T14:41:10","slug":"fonsterbroms-dorrbroms-160s-3-l800mm-vanster","status":"publish","type":"product","link":"https:\/\/secureus.se\/no\/fonsterbroms-dorrbroms-160s-3-l800mm-vanster\/","title":{"rendered":"ASSA Fix 160S\/3 Vindusbrems \/ D\u00f8rbrems \u2013 Venstre \u2013 352 mm"},"content":{"rendered":"<div>ASSA ABLOY 160S er en vindusbrems for vinduer og vindusd\u00f8rer sammen med en spaniel som har transmisjon (angitt med F i betegnelsen). Vanligvis brukt til vinduer &amp; vindusd\u00f8rer sammen med ASSA\/FIX-spanjolet som har transmisjon for d\u00f8rbrems. 160S er typegodkjent som barnesikker l\u00e5seanordning i henhold til det svenske Boverkets Byggereglement, BBR, dette gjelder n\u00e5r n\u00f8kkelen tas ut av kontrollknotten 4570 (kj\u00f8pes separat). Brukes til \u00e5 holde vinduer og terrassed\u00f8rer \u00e5pne i \u00f8nsket ventilasjonsposisjon. Vindusbrems 160S har avtagbart karmfeste og monteres med karmfeste 5580 eller 5550T, som kj\u00f8pes separat.<\/div>\n<div><b><br \/>\nKjennetegn: <\/b><\/div>\n<div>\n<ul>\n<li>Typegodkjent barnesikringsl\u00e5s i henhold til BBR<\/li>\n<li>Gjelder hvis n\u00f8kkelen tas ut av kontrollknotten 4570<\/li>\n<li>Med avtakbart rammefeste (150 og 150S har fast feste)<\/li>\n<li>For vinduer og vindusd\u00f8rer som skal ha sikkerhetsbeslag.<\/li>\n<li>Betjenes med h\u00e5ndtaket til spanielen.<\/li>\n<li>Med h\u00e5ndtaket i lukket stilling holdes lysbuen med friksjon i \u00f8nsket ventilasjonsstilling.<\/li>\n<li>For \u00e5 beskytte rammen og hengslene glir vindusbremsen ved overbelastning.<\/li>\n<li>Med h\u00e5ndtaket i \u00e5pen stilling har baugen klaring.<\/li>\n<li>Holdefriksjonen \u00f8ker med st\u00f8rre \u00e5pningsvinkel.<\/li>\n<li>H\u00f8yre eller venstre bestemmes avhengig av spagnolett og d\u00f8rhengsel.<\/li>\n<\/ul>\n<\/div>\n<div><b><br \/>\nTrekk: <\/b><\/div>\n<div>\n<ul>\n<li>L\u00e5sestempler som begrenser \u00e5pningen til tillatt ventilasjonsposisjon for barnesikkerhet (maks. 100 mm \u00e5pningsspalte).<\/li>\n<li>For \u00e5 \u00e5pne forbi l\u00e5seposisjonen, m\u00e5 den uttakbare n\u00f8kkelen settes inn og \u00e5pnes.<\/li>\n<li>N\u00f8kkelen dreies f\u00f8r baugen n\u00e5r sperreposisjonen, n\u00e5r baugen \u00e5pnes.<\/li>\n<li>L\u00e5sefunksjonen gjenopptas automatisk n\u00e5r buen lukkes og n\u00f8kkelen tas ut.<\/li>\n<\/ul>\n<\/div>\n<div><b><br \/>\nM\u00e5l st\u00f8rrelse 160S\/3:<\/b><\/div>\n<div>\n<ul>\n<li>Buebredde: 551-800 mm<\/li>\n<li>L\u00e5sskaftlengde ved maksimal buebredde: 657 mm.<\/li>\n<li>Bremsebokslengde: 352 mm.<\/li>\n<li>Armlengde: 280 mm.<\/li>\n<li>Bredde: 20mm<\/li>\n<\/ul>\n<\/div>\n<div>\n<p><strong>Se bildene for \u00e5 finne ut hvilken modell du trenger. Det f\u00f8rste bildet i lysbildefremvisningen viser alltid den spesifikke bremsen du er p\u00e5 for \u00f8yeblikket.\u00a0<\/strong><\/p>\n<p><strong>At produktet heter \u00abH\u00f8yre\u00bb eller \u00abVenstre\u00bb har ingenting \u00e5 gj\u00f8re med om d\u00f8ren din er venstre- eller h\u00f8yrehengt. Som et eksempel betyr en &quot;Venstre&quot; at bremsespaken er p\u00e5 venstre side inne i bremseboksen\/kisten n\u00e5r den \u00e5pne siden av boksen vender opp.\u00a0<\/strong><\/p>\n<p><strong>Mange bestiller feil produkt av denne typen, s\u00e5 hvis du er usikker p\u00e5 om det du har hjemme stemmer overens med bildet, ber vi deg v\u00e6re ekstra oppmerksom.<\/strong><\/p>\n<\/div>\n<div><\/div>\n<div><\/div>","protected":false},"excerpt":{"rendered":"<div style=\"background: #f6f8fa;padding: 14px;border-radius: 6px;margin: 15px 0\">\n<p><strong>\u2714 Denne modellen er VENSTRE<\/strong><\/p>\n<p>Sjekk den eksisterende vindusbremsen f\u00f8r du bestiller. N\u00e5r du holder bremseboksen med \u00e5pningen opp og den korte siden mot deg, <strong>bremsepinnen er p\u00e5 venstre side<\/strong>.<\/p>\n<p><img decoding=\"async\" style=\"max-width: 300px;width: 100%;margin-top: 10px;border-radius: 6px\" src=\"https:\/\/secureus.se\/wp-content\/uploads\/2026\/03\/hoger-vanster-enkel.jpg\" alt=\"F\u00f8r venstre eller h\u00f8yre vindusbrems\" \/><\/p>\n<\/div>","protected":false},"featured_media":138845,"template":"","meta":{"_acf_changed":false},"product_brand":[],"product_cat":[3126,4795],"product_tag":[4100,4109,4863,4099],"class_list":{"0":"post-89264","1":"product","2":"type-product","3":"status-publish","4":"has-post-thumbnail","6":"product_cat-fonsterbroms","7":"product_cat-assa-fix-160s","8":"product_tag-4100","9":"product_tag-4109","10":"product_tag-pf","11":"product_tag-vanster","12":"product_shipping_class-tunga-paket","13":"pa_brands-abloy","14":"tm-no-options","16":"first","17":"instock","18":"taxable","19":"shipping-taxable","20":"purchasable","21":"product-type-simple"},"acf":[],"_links":{"self":[{"href":"https:\/\/secureus.se\/no\/wp-json\/wp\/v2\/product\/89264","targetHints":{"allow":["GET"]}}],"collection":[{"href":"https:\/\/secureus.se\/no\/wp-json\/wp\/v2\/product"}],"about":[{"href":"https:\/\/secureus.se\/no\/wp-json\/wp\/v2\/types\/product"}],"wp:featuredmedia":[{"embeddable":true,"href":"https:\/\/secureus.se\/no\/wp-json\/wp\/v2\/media\/138845"}],"wp:attachment":[{"href":"https:\/\/secureus.se\/no\/wp-json\/wp\/v2\/media?parent=89264"}],"wp:term":[{"taxonomy":"product_brand","embeddable":true,"href":"https:\/\/secureus.se\/no\/wp-json\/wp\/v2\/product_brand?post=89264"},{"taxonomy":"product_cat","embeddable":true,"href":"https:\/\/secureus.se\/no\/wp-json\/wp\/v2\/product_cat?post=89264"},{"taxonomy":"product_tag","embeddable":true,"href":"https:\/\/secureus.se\/no\/wp-json\/wp\/v2\/product_tag?post=89264"}],"curies":[{"name":"wp","href":"https:\/\/api.w.org\/{rel}","templated":true}]}}