{"id":89289,"date":"2024-01-04T15:43:23","date_gmt":"2024-01-04T14:43:23","guid":{"rendered":"https:\/\/secureus.se\/produkt\/fonsterbroms-150-4-l1100mm-vanster\/"},"modified":"2026-04-15T19:55:40","modified_gmt":"2026-04-15T17:55:40","slug":"fonsterbroms-dorrbroms-150-4-l1100mm-vanster","status":"publish","type":"product","link":"https:\/\/secureus.se\/no\/fonsterbroms-dorrbroms-150-4-l1100mm-vanster\/","title":{"rendered":"ASSA Fix 150\/4 Vindusbrems \/ D\u00f8rbrems \u2013 Venstre \u2013 452 mm"},"content":{"rendered":"<p><strong>ASSA Fix 150\/4<\/strong> er en klassiker <strong>vindusbrems for vinduer og terrassed\u00f8rer<\/strong> som brukes sammen med <strong>ASSA espagnolett med overf\u00f8ring<\/strong>Bremsen gj\u00f8r at d\u00f8ren eller vinduet forblir i en \u00e5pen ventilasjonsposisjon i stedet for \u00e5 smelle igjen eller \u00e5pne seg helt.<\/p>\n<p>Den betjenes via espagnoletth\u00e5ndtaket og skaper friksjon i bremsestangen slik at d\u00f8ren kan holdes i \u00f8nsket posisjon.<\/p>\n<h3>Kjennetegn<\/h3>\n<ul>\n<li>Fast rammemontering<\/li>\n<li>Brukes sammen med ASSA\/FIX espagnolett med transfer<\/li>\n<li>Passer til vinduer og franske d\u00f8rer<\/li>\n<li>Betjenes via espagnoletth\u00e5ndtaket<\/li>\n<li>Holder d\u00f8ren i ventilasjonsposisjon<\/li>\n<li>Glipper ved overbelastning for \u00e5 beskytte hengsler og beslag<\/li>\n<\/ul>\n<h3>Dimensjoner \u2013 ASSA Fix 150\/4<\/h3>\n<ul>\n<li>For buebredde: 801\u20131100 mm<\/li>\n<li>L\u00e5seskaftlengde ved maksimal buebredde: 907 mm<\/li>\n<li>Bremsebokslengde: 452 mm<\/li>\n<li>Armlengde: 450 mm<\/li>\n<li>Bremseboksbredde: 20 mm<\/li>\n<\/ul>\n<h3>Viktig om venstre og h\u00f8yre<\/h3>\n<p>Navnet <strong>venstre eller h\u00f8yre<\/strong> har ingenting \u00e5 gj\u00f8re med om d\u00f8ren er venstre- eller h\u00f8yrehengt.<br \/>\nVarianten bestemmes i stedet av <strong>bremsepinnens posisjon inne i bremseboksen<\/strong>.<\/p>\n<p>\u2022 Pin p\u00e5 venstre side = venstre modell<br \/>\n\u2022 Pin p\u00e5 h\u00f8yre side = h\u00f8yre modell<\/p>\n<p>Hold bremseboksen med \u00e5pningen opp og den korte siden mot deg n\u00e5r du kontrollerer dette.<\/p>\n<div style=\"background: #f6f8fa; padding: 14px; border-radius: 6px; margin: 18px 0;\">\n<p><strong>Er du usikker p\u00e5 hvilken modell du trenger?<\/strong><br \/>\nSammenlign din eksisterende bremse med produktbildene eller se hele sortimentet.<a style=\"font-weight: bold;\" href=\"https:\/\/secureus.se\/no\/fonsterbroms\/\"><br \/>\nSe alle vindusbremser her \u2192<\/a><\/p>\n<\/div>","protected":false},"excerpt":{"rendered":"<div style=\"background: #f6f8fa; padding: 14px; border-radius: 6px; margin: 15px 0;\">\n<p><strong>\u2714 Denne modellen er VENSTRE<\/strong><\/p>\n<p>Sjekk den eksisterende vindusbremsen f\u00f8r du bestiller. N\u00e5r du holder bremseboksen med \u00e5pningen opp og den korte siden mot deg, <strong>bremsepinnen er p\u00e5 venstre side<\/strong>.<\/p>\n<p><img decoding=\"async\" style=\"max-width: 300px; width: 100%; margin-top: 10px; border-radius: 6px;\" src=\"https:\/\/secureus.se\/wp-content\/uploads\/2026\/03\/hoger-vanster-enkel.jpg\" alt=\"F\u00f8r venstre eller h\u00f8yre vindusbrems\" \/><\/p>\n<\/div>","protected":false},"featured_media":139519,"template":"","meta":{"_acf_changed":false},"product_brand":[],"product_cat":[3126,4793,3226],"product_tag":[4101,4108,3850,4863,4099],"class_list":{"0":"post-89289","1":"product","2":"type-product","3":"status-publish","4":"has-post-thumbnail","6":"product_cat-fonsterbroms","7":"product_cat-assa-fix-150","8":"product_cat-fonsterbeslag","9":"product_tag-4101","10":"product_tag-4108","11":"product_tag-bastsaljare","12":"product_tag-pf","13":"product_tag-vanster","14":"product_shipping_class-tunga-paket","15":"pa_brands-abloy","16":"tm-no-options","18":"first","19":"instock","20":"sale","21":"taxable","22":"shipping-taxable","23":"purchasable","24":"product-type-simple"},"acf":[],"_links":{"self":[{"href":"https:\/\/secureus.se\/no\/wp-json\/wp\/v2\/product\/89289","targetHints":{"allow":["GET"]}}],"collection":[{"href":"https:\/\/secureus.se\/no\/wp-json\/wp\/v2\/product"}],"about":[{"href":"https:\/\/secureus.se\/no\/wp-json\/wp\/v2\/types\/product"}],"wp:featuredmedia":[{"embeddable":true,"href":"https:\/\/secureus.se\/no\/wp-json\/wp\/v2\/media\/139519"}],"wp:attachment":[{"href":"https:\/\/secureus.se\/no\/wp-json\/wp\/v2\/media?parent=89289"}],"wp:term":[{"taxonomy":"product_brand","embeddable":true,"href":"https:\/\/secureus.se\/no\/wp-json\/wp\/v2\/product_brand?post=89289"},{"taxonomy":"product_cat","embeddable":true,"href":"https:\/\/secureus.se\/no\/wp-json\/wp\/v2\/product_cat?post=89289"},{"taxonomy":"product_tag","embeddable":true,"href":"https:\/\/secureus.se\/no\/wp-json\/wp\/v2\/product_tag?post=89289"}],"curies":[{"name":"wp","href":"https:\/\/api.w.org\/{rel}","templated":true}]}}